{"id":44,"date":"2024-02-06T15:10:32","date_gmt":"2024-02-06T13:10:32","guid":{"rendered":"https:\/\/webs.uab.cat\/oficinasakura\/?page_id=44"},"modified":"2025-05-20T14:42:32","modified_gmt":"2025-05-20T12:42:32","slug":"equip","status":"publish","type":"page","link":"https:\/\/webs.uab.cat\/oficinasakura\/equip\/","title":{"rendered":"Organigrama"},"content":{"rendered":"\n<h2 class=\"wp-block-heading\">Qui som<\/h2>\n\n\n\n<p><strong>Directora<\/strong><\/p>\n\n\n\n<p>-Tomoko Umemoto<\/p>\n\n\n\n<p>-Kei Matsushima (2022-02\/2025)<\/p>\n\n\n\n<p><strong>Professorat de l&#8217;idioma japon\u00e8s<\/strong><\/p>\n\n\n\n<p>-Tomoko Umemoto<\/p>\n\n\n\n<p>-Akiko Kawauchi<\/p>\n\n\n\n<p>-Naoko Takatsuka<\/p>\n\n\n\n<p>-Yumi Shimizu<\/p>\n\n\n\n<p><strong>Programa d&#8217;Estudis d&#8217;\u00c0sia Oriental<\/strong><\/p>\n\n\n\n<p>-Blai Guarn\u00e9<\/p>\n\n\n\n<p><strong>Assistents a l&#8217;organitzaci\u00f3<\/strong><\/p>\n\n\n\n<p>-Esteve Gimeno Ezcurra<\/p>\n\n\n\n<p>-Aleix Burset Vil\u00e0<\/p>\n\n\n\n<p>-Pablo Tiz\u00f3n Cabero<\/p>\n","protected":false},"excerpt":{"rendered":"<p>Qui som Directora -Tomoko Umemoto -Kei Matsushima (2022-02\/2025) Professorat de l&#8217;idioma japon\u00e8s -Tomoko Umemoto -Akiko Kawauchi -Naoko Takatsuka -Yumi Shimizu Programa d&#8217;Estudis d&#8217;\u00c0sia Oriental -Blai Guarn\u00e9 Assistents a l&#8217;organitzaci\u00f3 -Esteve Gimeno Ezcurra -Aleix Burset Vil\u00e0 -Pablo Tiz\u00f3n Cabero<\/p>\n","protected":false},"author":2856,"featured_media":0,"parent":0,"menu_order":0,"comment_status":"closed","ping_status":"closed","template":"","meta":{"footnotes":""},"class_list":["post-44","page","type-page","status-publish","hentry"],"_links":{"self":[{"href":"https:\/\/webs.uab.cat\/oficinasakura\/wp-json\/wp\/v2\/pages\/44","targetHints":{"allow":["GET"]}}],"collection":[{"href":"https:\/\/webs.uab.cat\/oficinasakura\/wp-json\/wp\/v2\/pages"}],"about":[{"href":"https:\/\/webs.uab.cat\/oficinasakura\/wp-json\/wp\/v2\/types\/page"}],"author":[{"embeddable":true,"href":"https:\/\/webs.uab.cat\/oficinasakura\/wp-json\/wp\/v2\/users\/2856"}],"replies":[{"embeddable":true,"href":"https:\/\/webs.uab.cat\/oficinasakura\/wp-json\/wp\/v2\/comments?post=44"}],"version-history":[{"count":9,"href":"https:\/\/webs.uab.cat\/oficinasakura\/wp-json\/wp\/v2\/pages\/44\/revisions"}],"predecessor-version":[{"id":634,"href":"https:\/\/webs.uab.cat\/oficinasakura\/wp-json\/wp\/v2\/pages\/44\/revisions\/634"}],"wp:attachment":[{"href":"https:\/\/webs.uab.cat\/oficinasakura\/wp-json\/wp\/v2\/media?parent=44"}],"curies":[{"name":"wp","href":"https:\/\/api.w.org\/{rel}","templated":true}]}}