{"id":83,"date":"2024-02-06T15:52:37","date_gmt":"2024-02-06T13:52:37","guid":{"rendered":"https:\/\/webs.uab.cat\/oficinasakura\/?page_id=83"},"modified":"2026-02-03T18:09:49","modified_gmt":"2026-02-03T16:09:49","slug":"jf-sakura-network","status":"publish","type":"page","link":"https:\/\/webs.uab.cat\/oficinasakura\/jf-sakura-network\/","title":{"rendered":"JF Sakura Network"},"content":{"rendered":"\n<p><strong>L\u2019<em>Oficina d\u2019Estudis Japonesos de la UAB \u2013 JF Sakura Network<\/em>&nbsp;treballa en la millora de la doc\u00e8ncia i l\u2019estudi de la llengua i la cultura japoneses des de la seva seu al campus de la UAB.<\/strong><\/p>\n\n\n\n<p>La xarxa&nbsp;<a href=\"https:\/\/www.jpf.go.jp\/e\/project\/japanese\/education\/network\/\">Sakura Network<\/a>&nbsp;dep\u00e8n de la&nbsp;<a href=\"https:\/\/webs.uab.cat\/oficinasakura\/wp-admin\/post.php?post=43&amp;action=edit#:~:text=y%20de%20doctorado.-,The%20Japan%20Foundation,-(s%27obre%20en%20una\">Japan Foundation<\/a>, representada en l\u2019Estat per&nbsp;<a href=\"https:\/\/www.fundacionjapon.es\/es\/\">Fundaci\u00f3 Jap\u00f3<\/a>, Madrid, la instituci\u00f3 governamental encarregada de la promoci\u00f3 de la llengua i la cultura japoneses a tot el m\u00f3n, i est\u00e0 dedicada a la millora constant de l\u2019ensenyament dels estudis japonesos.<\/p>\n\n\n\n<p>L\u2019Oficina d\u2019Estudis Japonesos de la UAB \u2013 JF Sakura Network \u00e9s l\u2019\u00fanica en l\u2019Estat i forma part de la Facultat de Traducci\u00f3 i d\u2019Interpretaci\u00f3 de la UAB, la universitat amb m\u00e9s estudiants de japon\u00e8s i la primera a acollir l\u2019Examen Oficial de Nivell de Llengua Japonesa&nbsp;<em>(<\/em>JLPT\/N\u014dken) a Espanya. La UAB t\u00e9 convenis amb les principals universitats japoneses per a l\u2019intercanvi acad\u00e8mic d\u2019estudiants, i \u00e9s l\u2019\u00fanica universitat catalana que ofereix estudis japonesos, en el marc dels estudis d\u2019\u00c0sia Oriental, tant a nivell de grau, com de m\u00e0ster i de doctorat.<\/p>\n\n\n\n<h2 class=\"wp-block-heading\">Horaris<\/h2>\n\n\n\n<p>La nostra oficina i la nostra biblioteca estan obertes per a consultes i m\u00e9s informaci\u00f3.<\/p>\n\n\n\n<p>Per a preguntes o per a sol\u00b7licitar informaci\u00f3, <strong>posa&#8217;t en contacte amb nosaltres a trav\u00e9s d&#8217;<a href=\"mailto:oficina.sakura@uab.cat\">oficina.sakura@uab.cat<\/a>.<\/strong><\/p>\n\n\n\n<p><\/p>\n","protected":false},"excerpt":{"rendered":"<p>L\u2019Oficina d\u2019Estudis Japonesos de la UAB \u2013 JF Sakura Network&nbsp;treballa en la millora de la doc\u00e8ncia i l\u2019estudi de la llengua i la cultura japoneses des de la seva seu al campus de la UAB. La xarxa&nbsp;Sakura Network&nbsp;dep\u00e8n de la&nbsp;Japan Foundation, representada en l\u2019Estat per&nbsp;Fundaci\u00f3 Jap\u00f3, Madrid, la instituci\u00f3 governamental encarregada de la promoci\u00f3 de [&hellip;]<\/p>\n","protected":false},"author":2856,"featured_media":0,"parent":0,"menu_order":0,"comment_status":"closed","ping_status":"closed","template":"","meta":{"footnotes":""},"class_list":["post-83","page","type-page","status-publish","hentry"],"_links":{"self":[{"href":"https:\/\/webs.uab.cat\/oficinasakura\/wp-json\/wp\/v2\/pages\/83","targetHints":{"allow":["GET"]}}],"collection":[{"href":"https:\/\/webs.uab.cat\/oficinasakura\/wp-json\/wp\/v2\/pages"}],"about":[{"href":"https:\/\/webs.uab.cat\/oficinasakura\/wp-json\/wp\/v2\/types\/page"}],"author":[{"embeddable":true,"href":"https:\/\/webs.uab.cat\/oficinasakura\/wp-json\/wp\/v2\/users\/2856"}],"replies":[{"embeddable":true,"href":"https:\/\/webs.uab.cat\/oficinasakura\/wp-json\/wp\/v2\/comments?post=83"}],"version-history":[{"count":5,"href":"https:\/\/webs.uab.cat\/oficinasakura\/wp-json\/wp\/v2\/pages\/83\/revisions"}],"predecessor-version":[{"id":739,"href":"https:\/\/webs.uab.cat\/oficinasakura\/wp-json\/wp\/v2\/pages\/83\/revisions\/739"}],"wp:attachment":[{"href":"https:\/\/webs.uab.cat\/oficinasakura\/wp-json\/wp\/v2\/media?parent=83"}],"curies":[{"name":"wp","href":"https:\/\/api.w.org\/{rel}","templated":true}]}}