{"id":90,"date":"2024-02-06T15:54:42","date_gmt":"2024-02-06T13:54:42","guid":{"rendered":"https:\/\/webs.uab.cat\/oficinasakura\/?page_id=90"},"modified":"2024-04-26T14:02:22","modified_gmt":"2024-04-26T12:02:22","slug":"biblioteca","status":"publish","type":"page","link":"https:\/\/webs.uab.cat\/oficinasakura\/biblioteca\/","title":{"rendered":"Biblioteca"},"content":{"rendered":"\n<p>Benvingut al rac\u00f3 de la biblioteca de la nostra oficina d&#8217;estudis japonesos! <\/p>\n\n\n\n<p>Submergeix-te en un univers de coneixement i descobreix una \u00e0mplia gamma de recursos acuradament seleccionats per a enriquir la teva comprensi\u00f3 de la cultura, hist\u00f2ria i llengua japoneses. La nostra col\u00b7lecci\u00f3 ofereix una finestra \u00fanica cap al Jap\u00f3, convidant-te a explorar les seves tradicions mil\u00b7len\u00e0ries i la seva vibrant contemporane\u00eftat. <\/p>\n\n\n\n<p>Ja siguis un estudiant \u00e0vid d&#8217;aprendre japon\u00e8s o un entusiasta de la cultura nipona, aqu\u00ed trobar\u00e0s un oasi intel\u00b7lectual per a nodrir la teva curiositat i expandir els teus horitzons. Submergeix-te en les nostres prestatgeries virtuals i deixa que el fascinant m\u00f3n del Jap\u00f3 t&#8217;inspiri!<\/p>\n\n\n\n<figure class=\"wp-block-image size-large\"><img loading=\"lazy\" decoding=\"async\" width=\"1024\" height=\"576\" src=\"https:\/\/webs.uab.cat\/oficinasakura\/wp-content\/uploads\/sites\/543\/2024\/04\/IMG_9191-1024x576.png\" alt=\"\" class=\"wp-image-471\" srcset=\"https:\/\/webs.uab.cat\/oficinasakura\/wp-content\/uploads\/sites\/543\/2024\/04\/IMG_9191-1024x576.png 1024w, https:\/\/webs.uab.cat\/oficinasakura\/wp-content\/uploads\/sites\/543\/2024\/04\/IMG_9191-300x169.png 300w, https:\/\/webs.uab.cat\/oficinasakura\/wp-content\/uploads\/sites\/543\/2024\/04\/IMG_9191-768x432.png 768w, https:\/\/webs.uab.cat\/oficinasakura\/wp-content\/uploads\/sites\/543\/2024\/04\/IMG_9191-1200x675.png 1200w, https:\/\/webs.uab.cat\/oficinasakura\/wp-content\/uploads\/sites\/543\/2024\/04\/IMG_9191.png 1334w\" sizes=\"auto, (max-width: 1024px) 100vw, 1024px\" \/><\/figure>\n","protected":false},"excerpt":{"rendered":"<p>Benvingut al rac\u00f3 de la biblioteca de la nostra oficina d&#8217;estudis japonesos! Submergeix-te en un univers de coneixement i descobreix una \u00e0mplia gamma de recursos acuradament seleccionats per a enriquir la teva comprensi\u00f3 de la cultura, hist\u00f2ria i llengua japoneses. La nostra col\u00b7lecci\u00f3 ofereix una finestra \u00fanica cap al Jap\u00f3, convidant-te a explorar les seves [&hellip;]<\/p>\n","protected":false},"author":2856,"featured_media":0,"parent":0,"menu_order":0,"comment_status":"closed","ping_status":"closed","template":"","meta":{"footnotes":""},"class_list":["post-90","page","type-page","status-publish","hentry"],"_links":{"self":[{"href":"https:\/\/webs.uab.cat\/oficinasakura\/wp-json\/wp\/v2\/pages\/90","targetHints":{"allow":["GET"]}}],"collection":[{"href":"https:\/\/webs.uab.cat\/oficinasakura\/wp-json\/wp\/v2\/pages"}],"about":[{"href":"https:\/\/webs.uab.cat\/oficinasakura\/wp-json\/wp\/v2\/types\/page"}],"author":[{"embeddable":true,"href":"https:\/\/webs.uab.cat\/oficinasakura\/wp-json\/wp\/v2\/users\/2856"}],"replies":[{"embeddable":true,"href":"https:\/\/webs.uab.cat\/oficinasakura\/wp-json\/wp\/v2\/comments?post=90"}],"version-history":[{"count":2,"href":"https:\/\/webs.uab.cat\/oficinasakura\/wp-json\/wp\/v2\/pages\/90\/revisions"}],"predecessor-version":[{"id":473,"href":"https:\/\/webs.uab.cat\/oficinasakura\/wp-json\/wp\/v2\/pages\/90\/revisions\/473"}],"wp:attachment":[{"href":"https:\/\/webs.uab.cat\/oficinasakura\/wp-json\/wp\/v2\/media?parent=90"}],"curies":[{"name":"wp","href":"https:\/\/api.w.org\/{rel}","templated":true}]}}