{"id":140,"date":"2024-02-20T21:18:33","date_gmt":"2024-02-20T19:18:33","guid":{"rendered":"https:\/\/webs.uab.cat\/ogd\/?page_id=140"},"modified":"2025-01-15T16:36:52","modified_gmt":"2025-01-15T14:36:52","slug":"documentacio-dinteres","status":"publish","type":"page","link":"https:\/\/webs.uab.cat\/ogd\/documentacio-dinteres\/","title":{"rendered":"Documentaci\u00f3"},"content":{"rendered":"\n<div class=\"wp-block-buttons is-content-justification-center is-layout-flex wp-container-core-buttons-is-layout-14c487f4 wp-block-buttons-is-layout-flex\">\n<div class=\"wp-block-button\"><a class=\"wp-block-button__link wp-element-button\" href=\"https:\/\/www.uab.cat\/doc\/Dedicacio_academica_professorat_UAB\" target=\"_blank\" rel=\"noreferrer noopener\">MODEL DE Dedicacio academica DE LA UAB<\/a><\/div>\n<\/div>\n\n\n\n<p>Aqu\u00ed podeu descarregar la normativa del MDA aprovada per Consell de Govern d\u20191 de febrer de 2023.<\/p>\n\n\n\n<div class=\"wp-block-buttons is-content-justification-center is-layout-flex wp-container-core-buttons-is-layout-e1485a7b wp-block-buttons-is-layout-flex\">\n<div class=\"wp-block-button\"><a class=\"wp-block-button__link wp-element-button\" href=\"https:\/\/www.uab.cat\/doc\/Normativa_carrecs_academics_gestio_direccio\" target=\"_blank\" rel=\"noreferrer noopener\">normativa de c\u00e0rrecs acad\u00e8mics<\/a><\/div>\n<\/div>\n\n\n\n<p>Aqu\u00ed podeu descarregar la &#8220;Normativa en mat\u00e8ria de c\u00e0rrecs acad\u00e8mics de gesti\u00f3 i de direcci\u00f3 de la UAB&#8221; aprovada per Consell de Govern d\u20191 de desembre de 2021.<\/p>\n\n\n\n<div class=\"wp-block-buttons is-content-justification-center is-layout-flex wp-container-core-buttons-is-layout-14c487f4 wp-block-buttons-is-layout-flex\">\n<div class=\"wp-block-button\"><a class=\"wp-block-button__link wp-element-button\" href=\"https:\/\/www.uab.cat\/doc\/manual_fitxa_professorat\" target=\"_blank\" rel=\"noreferrer noopener\">MANUAL DE LA FITXA DEL PROFESSOR\/A DE LA UAB<\/a><\/div>\n<\/div>\n\n\n\n<p>En aquest document s&#8217;expliquen les diferents parts i seccions de que consta la fitxa i el detall de les dades que s&#8217;informen.<\/p>\n\n\n\n<div class=\"wp-block-buttons is-content-justification-center is-layout-flex wp-container-core-buttons-is-layout-e1485a7b wp-block-buttons-is-layout-flex\">\n<div class=\"wp-block-button\"><a class=\"wp-block-button__link wp-element-button\" href=\"https:\/\/www.uab.cat\/doc\/fitxa_professorat_guia_solucionari\" target=\"_blank\" rel=\"noreferrer noopener\">GUIA-SOLUCIONARI DE LA FITXA<\/a><\/div>\n<\/div>\n\n\n\n<p>Aqu\u00ed trobareu un recull de les incid\u00e8ncies m\u00e9s comunes de la fitxa i les seves solucions.<\/p>\n","protected":false},"excerpt":{"rendered":"<p>Aqu\u00ed podeu descarregar la normativa del MDA aprovada per Consell de Govern d\u20191 de febrer de 2023. Aqu\u00ed podeu descarregar la &#8220;Normativa en mat\u00e8ria de c\u00e0rrecs acad\u00e8mics de gesti\u00f3 i de direcci\u00f3 de la UAB&#8221; aprovada per Consell de Govern d\u20191 de desembre de 2021. En aquest document s&#8217;expliquen les diferents parts i seccions de [&hellip;]<\/p>\n","protected":false},"author":1175,"featured_media":212,"parent":0,"menu_order":0,"comment_status":"closed","ping_status":"closed","template":"","meta":{"footnotes":""},"class_list":["post-140","page","type-page","status-publish","has-post-thumbnail","hentry"],"_links":{"self":[{"href":"https:\/\/webs.uab.cat\/ogd\/wp-json\/wp\/v2\/pages\/140","targetHints":{"allow":["GET"]}}],"collection":[{"href":"https:\/\/webs.uab.cat\/ogd\/wp-json\/wp\/v2\/pages"}],"about":[{"href":"https:\/\/webs.uab.cat\/ogd\/wp-json\/wp\/v2\/types\/page"}],"author":[{"embeddable":true,"href":"https:\/\/webs.uab.cat\/ogd\/wp-json\/wp\/v2\/users\/1175"}],"replies":[{"embeddable":true,"href":"https:\/\/webs.uab.cat\/ogd\/wp-json\/wp\/v2\/comments?post=140"}],"version-history":[{"count":15,"href":"https:\/\/webs.uab.cat\/ogd\/wp-json\/wp\/v2\/pages\/140\/revisions"}],"predecessor-version":[{"id":466,"href":"https:\/\/webs.uab.cat\/ogd\/wp-json\/wp\/v2\/pages\/140\/revisions\/466"}],"wp:featuredmedia":[{"embeddable":true,"href":"https:\/\/webs.uab.cat\/ogd\/wp-json\/wp\/v2\/media\/212"}],"wp:attachment":[{"href":"https:\/\/webs.uab.cat\/ogd\/wp-json\/wp\/v2\/media?parent=140"}],"curies":[{"name":"wp","href":"https:\/\/api.w.org\/{rel}","templated":true}]}}