{"id":176,"date":"2024-02-20T22:13:24","date_gmt":"2024-02-20T20:13:24","guid":{"rendered":"https:\/\/webs.uab.cat\/ogd\/?page_id=176"},"modified":"2024-10-07T12:17:40","modified_gmt":"2024-10-07T10:17:40","slug":"transparencia-del-pla-docent","status":"publish","type":"page","link":"https:\/\/webs.uab.cat\/ogd\/transparencia-del-pla-docent\/","title":{"rendered":"Transpar\u00e8ncia del Pla Docent"},"content":{"rendered":"\n<h2 class=\"wp-block-heading\">Qu\u00e8 \u00e9s la Transpar\u00e8ncia del Pla Docent?<\/h2>\n\n\n\n<p>At\u00e8s que la fitxa del professor i el potencial docent que se\u2019n deriva \u00e9s una foto fixa de les dades a 31\/12 de l\u2019any anterior al curs en q\u00fcesti\u00f3, s\u2019ha de consultar la transpar\u00e8ncia del pla docent (TPD) (acc\u00e9s: <a href=\"https:\/\/sia.uab.cat\" target=\"_blank\" rel=\"noreferrer noopener\">https:\/\/sia.uab.cat<\/a>) per con\u00e8ixer el detall actualitzat del potencial docent d\u2019una professor o professora en un curs acad\u00e8mic determinat.<\/p>\n\n\n<div class=\"wp-block-image\">\n<figure class=\"aligncenter size-large\"><img loading=\"lazy\" decoding=\"async\" width=\"1024\" height=\"151\" src=\"https:\/\/webs.uab.cat\/ogd\/wp-content\/uploads\/sites\/560\/2024\/10\/TPD_img-1024x151.jpg\" alt=\"\" class=\"wp-image-391\" srcset=\"https:\/\/webs.uab.cat\/ogd\/wp-content\/uploads\/sites\/560\/2024\/10\/TPD_img-1024x151.jpg 1024w, https:\/\/webs.uab.cat\/ogd\/wp-content\/uploads\/sites\/560\/2024\/10\/TPD_img-300x44.jpg 300w, https:\/\/webs.uab.cat\/ogd\/wp-content\/uploads\/sites\/560\/2024\/10\/TPD_img-768x113.jpg 768w, https:\/\/webs.uab.cat\/ogd\/wp-content\/uploads\/sites\/560\/2024\/10\/TPD_img.jpg 1027w\" sizes=\"auto, (max-width: 1024px) 100vw, 1024px\" \/><\/figure>\n<\/div>\n\n\n<ul class=\"wp-block-list\">\n<li>Les dades de la transpar\u00e8ncia corresponen al curs actual (per exemple, 2022\/23) i tenen en compte el potencial docent calculat amb dades a 31\/12\/AAAA-1 (fitxa) i les dades reals del curs. Addicionalment, la Unitat de Planificaci\u00f3 i Programaci\u00f3 Docent (UPD) pot modificar el potencial docent base i final segons acords.<\/li>\n\n\n\n<li>El Potencial docent base i reconeixement de recerca\/convenis \u00e9s el que es recull a 31\/12\/AAAA-1 (fitxa), per\u00f2 les reduccions per c\u00e0rrecs o altres reduccions han de ser les que s\u2019estiguin gaudint en el moment que s\u2019executa la transpar\u00e8ncia del curs actual.<\/li>\n\n\n\n<li>El Potencial docent base \u00e9s din\u00e0mic, aix\u00f2 vol dir que si s\u2019ha canviat de categoria o dedicaci\u00f3, o qualsevol situaci\u00f3 que pugui afectar aquest valor, es re-calcula i s\u2019actualitza amb cada c\u00e0rrega.<\/li>\n\n\n\n<li>El Potencial cr\u00e8dits\/professorat i hores es genera des de la UPD.<\/li>\n\n\n\n<li>Les dades de la transpar\u00e8ncia corresponents al curs a programar no es publiquen fins el juliol del curs actual (per exemple, la TPD del curs 2023\/24 no es publica fins el juliol del 2023). Per aix\u00f2 mateix, les dades de la TPD d&#8217;un curs es tanquen a 30 de juny.<\/li>\n<\/ul>\n","protected":false},"excerpt":{"rendered":"<p>Qu\u00e8 \u00e9s la Transpar\u00e8ncia del Pla Docent? At\u00e8s que la fitxa del professor i el potencial docent que se\u2019n deriva \u00e9s una foto fixa de les dades a 31\/12 de l\u2019any anterior al curs en q\u00fcesti\u00f3, s\u2019ha de consultar la transpar\u00e8ncia del pla docent (TPD) (acc\u00e9s: https:\/\/sia.uab.cat) per con\u00e8ixer el detall actualitzat del potencial docent [&hellip;]<\/p>\n","protected":false},"author":1175,"featured_media":195,"parent":0,"menu_order":0,"comment_status":"closed","ping_status":"closed","template":"","meta":{"footnotes":""},"class_list":["post-176","page","type-page","status-publish","has-post-thumbnail","hentry"],"_links":{"self":[{"href":"https:\/\/webs.uab.cat\/ogd\/wp-json\/wp\/v2\/pages\/176","targetHints":{"allow":["GET"]}}],"collection":[{"href":"https:\/\/webs.uab.cat\/ogd\/wp-json\/wp\/v2\/pages"}],"about":[{"href":"https:\/\/webs.uab.cat\/ogd\/wp-json\/wp\/v2\/types\/page"}],"author":[{"embeddable":true,"href":"https:\/\/webs.uab.cat\/ogd\/wp-json\/wp\/v2\/users\/1175"}],"replies":[{"embeddable":true,"href":"https:\/\/webs.uab.cat\/ogd\/wp-json\/wp\/v2\/comments?post=176"}],"version-history":[{"count":7,"href":"https:\/\/webs.uab.cat\/ogd\/wp-json\/wp\/v2\/pages\/176\/revisions"}],"predecessor-version":[{"id":392,"href":"https:\/\/webs.uab.cat\/ogd\/wp-json\/wp\/v2\/pages\/176\/revisions\/392"}],"wp:featuredmedia":[{"embeddable":true,"href":"https:\/\/webs.uab.cat\/ogd\/wp-json\/wp\/v2\/media\/195"}],"wp:attachment":[{"href":"https:\/\/webs.uab.cat\/ogd\/wp-json\/wp\/v2\/media?parent=176"}],"curies":[{"name":"wp","href":"https:\/\/api.w.org\/{rel}","templated":true}]}}