{"id":259,"date":"2024-03-03T20:19:04","date_gmt":"2024-03-03T18:19:04","guid":{"rendered":"https:\/\/webs.uab.cat\/ogd\/?page_id=259"},"modified":"2025-12-04T18:33:46","modified_gmt":"2025-12-04T16:33:46","slug":"trams-de-docencia","status":"publish","type":"page","link":"https:\/\/webs.uab.cat\/ogd\/trams-de-docencia\/","title":{"rendered":"Trams de doc\u00e8ncia"},"content":{"rendered":"\n<p>Aquesta informaci\u00f3 la trobareu a l&#8217;apartat 13 del detall de la fitxa.<\/p>\n\n\n\n<h2 class=\"wp-block-heading\">No em consten tots els trams de doc\u00e8ncia<\/h2>\n\n\n\n<p>Aquestes dades s\u2019importen de la base de dades HOMINIS de l\u2019\u00c0rea de Gesti\u00f3 de Persones. Quan estan concedits, la Unitat de Personal Acad\u00e8mic els registra a la seva base de dades.<\/p>\n\n\n\n<p>Els trams de doc\u00e8ncia no intervenen en el c\u00e0lcul del vostre potencial docent.<br><br>Els personal funcionari pot tenir trams estatals i auton\u00f2mics mentre que el personal laboral els pot tenir auton\u00f2mics i b\u00e0sics.<\/p>\n\n\n\n<p>A l\u2019apartat 13 de la fitxa trobareu el detall de trams, el per\u00edode avaluat i la data d\u2019entrada en vigor.<\/p>\n\n\n\n<p>Els trams de doc\u00e8ncia avaluen un per\u00edode de 5 anys. Es considera viu si no han passat m\u00e9s de cinc anys des de l\u2019entrada en vigor del tram.<\/p>\n\n\n\n<p><br>Si un tram no us apareix a la fitxa heu de s\u2019ha enviar una incid\u00e8ncia via <a href=\"https:\/\/tiquets.uab.cat\/servicedesk\/customer\/portal\/21\/create\/428\" data-type=\"link\" data-id=\"https:\/\/fardelsud.uab.cat\/fitxa\/\">formulari<\/a> (tipus incid\u00e8ncia <em>Trams (recerca, transfer\u00e8ncia i doc\u00e8ncia)<\/em>). La Unitat de Gesti\u00f3 del PDI i Finan\u00e7ament Espec\u00edfic ho revisar\u00e0 i confirmar\u00e0 la veracitat o no de les dades i, si escau, ho corregir\u00e0.<\/p>\n","protected":false},"excerpt":{"rendered":"<p>Aquesta informaci\u00f3 la trobareu a l&#8217;apartat 13 del detall de la fitxa. No em consten tots els trams de doc\u00e8ncia Aquestes dades s\u2019importen de la base de dades HOMINIS de l\u2019\u00c0rea de Gesti\u00f3 de Persones. Quan estan concedits, la Unitat de Personal Acad\u00e8mic els registra a la seva base de dades. Els trams de doc\u00e8ncia [&hellip;]<\/p>\n","protected":false},"author":1175,"featured_media":0,"parent":0,"menu_order":0,"comment_status":"closed","ping_status":"closed","template":"","meta":{"footnotes":""},"class_list":["post-259","page","type-page","status-publish","hentry"],"_links":{"self":[{"href":"https:\/\/webs.uab.cat\/ogd\/wp-json\/wp\/v2\/pages\/259","targetHints":{"allow":["GET"]}}],"collection":[{"href":"https:\/\/webs.uab.cat\/ogd\/wp-json\/wp\/v2\/pages"}],"about":[{"href":"https:\/\/webs.uab.cat\/ogd\/wp-json\/wp\/v2\/types\/page"}],"author":[{"embeddable":true,"href":"https:\/\/webs.uab.cat\/ogd\/wp-json\/wp\/v2\/users\/1175"}],"replies":[{"embeddable":true,"href":"https:\/\/webs.uab.cat\/ogd\/wp-json\/wp\/v2\/comments?post=259"}],"version-history":[{"count":6,"href":"https:\/\/webs.uab.cat\/ogd\/wp-json\/wp\/v2\/pages\/259\/revisions"}],"predecessor-version":[{"id":563,"href":"https:\/\/webs.uab.cat\/ogd\/wp-json\/wp\/v2\/pages\/259\/revisions\/563"}],"wp:attachment":[{"href":"https:\/\/webs.uab.cat\/ogd\/wp-json\/wp\/v2\/media?parent=259"}],"curies":[{"name":"wp","href":"https:\/\/api.w.org\/{rel}","templated":true}]}}