{"id":265,"date":"2024-03-03T20:25:38","date_gmt":"2024-03-03T18:25:38","guid":{"rendered":"https:\/\/webs.uab.cat\/ogd\/?page_id=265"},"modified":"2025-12-04T18:18:11","modified_gmt":"2025-12-04T16:18:11","slug":"acreditacions","status":"publish","type":"page","link":"https:\/\/webs.uab.cat\/ogd\/acreditacions\/","title":{"rendered":"Acreditacions"},"content":{"rendered":"\n<h2 class=\"wp-block-heading\">No em surten informades totes les acreditacions<\/h2>\n\n\n\n<p>Les dades relacionades amb les acreditacions es gestionen des de l\u2019\u00c0rea de Gesti\u00f3 de Persones.<\/p>\n\n\n\n<p>Si en falta alguna heu de fer arribar una c\u00f2pia del document de l\u2019acreditaci\u00f3 (pdf) a trav\u00e9s del <a href=\"https:\/\/tiquets.uab.cat\/servicedesk\/customer\/portal\/21\/create\/428\" data-type=\"link\" data-id=\"https:\/\/fardelsud.uab.cat\/fitxa\/\">formulari<\/a> (tipus incid\u00e8ncia <em>Acreditacions<\/em>).<\/p>\n\n\n\n<p>Un cop quedi registrada a la seva base de dades i s\u2019actualitzin les dades al DATA, apareixer\u00e0 en l\u2019apartat corresponent de la fitxa.<\/p>\n\n\n\n<p><\/p>\n","protected":false},"excerpt":{"rendered":"<p>No em surten informades totes les acreditacions Les dades relacionades amb les acreditacions es gestionen des de l\u2019\u00c0rea de Gesti\u00f3 de Persones. Si en falta alguna heu de fer arribar una c\u00f2pia del document de l\u2019acreditaci\u00f3 (pdf) a trav\u00e9s del formulari (tipus incid\u00e8ncia Acreditacions). Un cop quedi registrada a la seva base de dades i [&hellip;]<\/p>\n","protected":false},"author":1175,"featured_media":0,"parent":0,"menu_order":0,"comment_status":"closed","ping_status":"closed","template":"","meta":{"footnotes":""},"class_list":["post-265","page","type-page","status-publish","hentry"],"_links":{"self":[{"href":"https:\/\/webs.uab.cat\/ogd\/wp-json\/wp\/v2\/pages\/265","targetHints":{"allow":["GET"]}}],"collection":[{"href":"https:\/\/webs.uab.cat\/ogd\/wp-json\/wp\/v2\/pages"}],"about":[{"href":"https:\/\/webs.uab.cat\/ogd\/wp-json\/wp\/v2\/types\/page"}],"author":[{"embeddable":true,"href":"https:\/\/webs.uab.cat\/ogd\/wp-json\/wp\/v2\/users\/1175"}],"replies":[{"embeddable":true,"href":"https:\/\/webs.uab.cat\/ogd\/wp-json\/wp\/v2\/comments?post=265"}],"version-history":[{"count":5,"href":"https:\/\/webs.uab.cat\/ogd\/wp-json\/wp\/v2\/pages\/265\/revisions"}],"predecessor-version":[{"id":552,"href":"https:\/\/webs.uab.cat\/ogd\/wp-json\/wp\/v2\/pages\/265\/revisions\/552"}],"wp:attachment":[{"href":"https:\/\/webs.uab.cat\/ogd\/wp-json\/wp\/v2\/media?parent=265"}],"curies":[{"name":"wp","href":"https:\/\/api.w.org\/{rel}","templated":true}]}}