{"id":268,"date":"2024-03-03T20:27:19","date_gmt":"2024-03-03T18:27:19","guid":{"rendered":"https:\/\/webs.uab.cat\/ogd\/?page_id=268"},"modified":"2025-12-04T18:31:07","modified_gmt":"2025-12-04T16:31:07","slug":"projectes-de-recerca","status":"publish","type":"page","link":"https:\/\/webs.uab.cat\/ogd\/projectes-de-recerca\/","title":{"rendered":"Projectes de recerca"},"content":{"rendered":"\n<p>Aquesta informaci\u00f3 la trobareu als apartats 4a, 4c, 5a i 5b del detall de la fitxa.<\/p>\n\n\n\n<h2 class=\"wp-block-heading\">No apareix un o m\u00e9s projectes de recerca en els que participo o les dades s\u00f3n incorrectes<\/h2>\n\n\n<div class=\"wp-block-image\">\n<figure data-wp-context=\"{&quot;imageId&quot;:&quot;69ec073ce8f0a&quot;}\" data-wp-interactive=\"core\/image\" data-wp-key=\"69ec073ce8f0a\" class=\"aligncenter size-large wp-lightbox-container\"><img loading=\"lazy\" decoding=\"async\" width=\"410\" height=\"1024\" data-wp-class--hide=\"state.isContentHidden\" data-wp-class--show=\"state.isContentVisible\" data-wp-init=\"callbacks.setButtonStyles\" data-wp-on--click=\"actions.showLightbox\" data-wp-on--load=\"callbacks.setButtonStyles\" data-wp-on-window--resize=\"callbacks.setButtonStyles\" src=\"https:\/\/webs.uab.cat\/ogd\/wp-content\/uploads\/sites\/560\/2024\/12\/Infografia_EGRETA_CANVA-410x1024.png\" alt=\"\" class=\"wp-image-394\" srcset=\"https:\/\/webs.uab.cat\/ogd\/wp-content\/uploads\/sites\/560\/2024\/12\/Infografia_EGRETA_CANVA-410x1024.png 410w, https:\/\/webs.uab.cat\/ogd\/wp-content\/uploads\/sites\/560\/2024\/12\/Infografia_EGRETA_CANVA-120x300.png 120w, https:\/\/webs.uab.cat\/ogd\/wp-content\/uploads\/sites\/560\/2024\/12\/Infografia_EGRETA_CANVA-768x1920.png 768w, https:\/\/webs.uab.cat\/ogd\/wp-content\/uploads\/sites\/560\/2024\/12\/Infografia_EGRETA_CANVA.png 800w\" sizes=\"auto, (max-width: 410px) 100vw, 410px\" \/><button\n\t\t\tclass=\"lightbox-trigger\"\n\t\t\ttype=\"button\"\n\t\t\taria-haspopup=\"dialog\"\n\t\t\taria-label=\"Amplia\"\n\t\t\tdata-wp-init=\"callbacks.initTriggerButton\"\n\t\t\tdata-wp-on--click=\"actions.showLightbox\"\n\t\t\tdata-wp-style--right=\"state.imageButtonRight\"\n\t\t\tdata-wp-style--top=\"state.imageButtonTop\"\n\t\t>\n\t\t\t<svg xmlns=\"http:\/\/www.w3.org\/2000\/svg\" width=\"12\" height=\"12\" fill=\"none\" viewBox=\"0 0 12 12\">\n\t\t\t\t<path fill=\"#fff\" d=\"M2 0a2 2 0 0 0-2 2v2h1.5V2a.5.5 0 0 1 .5-.5h2V0H2Zm2 10.5H2a.5.5 0 0 1-.5-.5V8H0v2a2 2 0 0 0 2 2h2v-1.5ZM8 12v-1.5h2a.5.5 0 0 0 .5-.5V8H12v2a2 2 0 0 1-2 2H8Zm2-12a2 2 0 0 1 2 2v2h-1.5V2a.5.5 0 0 0-.5-.5H8V0h2Z\" \/>\n\t\t\t<\/svg>\n\t\t<\/button><\/figure>\n<\/div>\n\n\n<p>Tot projecte ha d\u2019estar informat a la base de dades de la recerca de la UAB, EGRETA, i heu de constar dins de l\u2019equip investigador com a IP o investigador. Abans d\u2019enviar cap consulta, cal que <strong>verifiqueu<\/strong> totes les dades a EGRETA (<a href=\"https:\/\/uab.sharepoint.com\/sites\/UGD95\/_layouts\/15\/stream.aspx?id=%2Fsites%2FUGD95%2FDocumentos%20compartidos%2FEGRETA%5FGuies%20i%20Manuals%2FVIDEOS%2FConsulta%20Projectes%20Externs%2Ewebm&amp;ct=1733231165220&amp;or=OWA%2DNT%2DMail&amp;cid=ccd941c9%2D4f96%2D03da%2Dace0%2Daf9148923131&amp;ga=1&amp;referrer=StreamWebApp%2EWeb&amp;referrerScenario=AddressBarCopied%2Eview%2E8abd7869%2D3e18%2D47b0%2D94bf%2Dab3711526996\" data-type=\"link\" data-id=\"https:\/\/uab.sharepoint.com\/sites\/UGD95\/Lists\/EGRETA_RECERCA\/DispForm.aspx?ID=17&amp;LOF=1\" target=\"_blank\" rel=\"noreferrer noopener\">V\u00eddeo tutorial<\/a>)<\/p>\n\n\n\n<p>Si el projecte apareix per\u00f2 hi ha incorreccions, envieu una incid\u00e8ncia via <a href=\"https:\/\/tiquets.uab.cat\/servicedesk\/customer\/portal\/21\/create\/428\" data-type=\"link\" data-id=\"https:\/\/fardelsud.uab.cat\/fitxa\/\">formulari<\/a> (tipus incid\u00e8ncia <em>Projectes de recerca i transfer\u00e8ncia)<\/em> aportant documentaci\u00f3 acreditativa dels canvis, si escau: b\u00e9 la resoluci\u00f3 oficial del projecte on hi consti el nom de l\u2019investigador\/a en q\u00fcesti\u00f3 o b\u00e9 un certificat signat pel representant legal de la instituci\u00f3 que va rebre l\u2019ajut on tamb\u00e9 hi consti el nom de l\u2019investigador\/a en q\u00fcesti\u00f3.<\/p>\n\n\n\n<p>Si el projecte <strong>NO<\/strong> apareix:<\/p>\n\n\n\n<details class=\"wp-block-details is-layout-flow wp-block-details-is-layout-flow\"><summary>Verifiqueu que el projecte existeix a EGRETA (fer cerca per codi o t\u00edtol del projecte)<\/summary>\n<p>Si el projecte no existeix a EGRETA omplir el formulari que hi ha a la Oficina Virtual de<br>Recerca i adjuntar la documentaci\u00f3 acreditativa pertinent (<a href=\"https:\/\/www.uab.cat\/web\/recerca\/itineraris\/gestio-de-la-recerca\/oficina-virtual-de-recerca-\/explotacio-de-les-dades-de-recerca-1345915527244.html\" data-type=\"link\" data-id=\"https:\/\/www.uab.cat\/web\/investigar\/itineraris\/eines-i-recursos\/oficina-virtual-derecerca-uab-1345797988781.html\" target=\"_blank\" rel=\"noreferrer noopener\">enlla\u00e7<\/a>).<br><\/p>\n<\/details>\n\n\n\n<details class=\"wp-block-details is-layout-flow wp-block-details-is-layout-flow\"><summary>Verifiqueu que consteu a l\u2019equip investigador<\/summary>\n<p>Si no hi consteu, envieu una incid\u00e8ncia via <a href=\"https:\/\/tiquets.uab.cat\/servicedesk\/customer\/portal\/21\/create\/428\" data-type=\"link\" data-id=\"https:\/\/fardelsud.uab.cat\/fitxa\/\">formulari<\/a> (tipus incid\u00e8ncia <em>Projectes de recerca i transfer\u00e8ncia)<\/em> aportant documentaci\u00f3 acreditativa de la vostra participaci\u00f3: b\u00e9 la resoluci\u00f3 oficial del projecte on hi consti el nom de l\u2019investigador\/a en q\u00fcesti\u00f3 o b\u00e9 un certificat signat pel representant legal de la instituci\u00f3 que va rebre l\u2019ajut on tamb\u00e9 hi consti el nom de l\u2019investigador\/a en q\u00fcesti\u00f3.<\/p>\n<\/details>\n\n\n\n<details class=\"wp-block-details is-layout-flow wp-block-details-is-layout-flow\"><summary>Verifiqueu si la vostra funci\u00f3 a l\u2019equip investigador \u00e9s correcta (IP, coIP, o investigador)<\/summary>\n<p>Si no \u00e9s correcta, envieu una incid\u00e8ncia via <a href=\"https:\/\/tiquets.uab.cat\/servicedesk\/customer\/portal\/21\/create\/428\" data-type=\"link\" data-id=\"https:\/\/fardelsud.uab.cat\/fitxa\/\">formulari<\/a> (tipologia <em>Projectes de recerca i transfer\u00e8ncia)<\/em> aportant documentaci\u00f3 acreditativa del seu rol.<\/p>\n<\/details>\n\n\n\n<details class=\"wp-block-details is-layout-flow wp-block-details-is-layout-flow\"><summary>Verifiqueu les dates d\u2019inici i fi (vig\u00e8ncia del projecte)<\/summary>\n<p>a. Si el projecte <strong>\u00e9s gestionat per la UAB o un ens extern<\/strong> (altres universitats o institucions):<\/p>\n\n\n\n<p>i. Si no era vigent a 31\/12\/AAAA-1 (desembre anterior a l\u2019execuci\u00f3 de la fitxa): no ha d\u2019apar\u00e8ixer a la fitxa.<br>ii. Si era vigent a 31\/12\/AAAA-1: revisar a EGRETA si les dates s\u00f3n correctes (cas freq\u00fcent de pr\u00f2rrogues de projectes no informades a EGRETA). Si no s\u00f3n correctes, enviar una incid\u00e8ncia via <a href=\"https:\/\/tiquets.uab.cat\/servicedesk\/customer\/portal\/21\/create\/428\" data-type=\"link\" data-id=\"https:\/\/fardelsud.uab.cat\/fitxa\/\">formulari<\/a> (tipologia <em>Projectes de recerca i transfer\u00e8ncia)<\/em> .<br><\/p>\n\n\n\n<p>b. Si el projecte <strong>\u00e9s d\u2019un ens vinculat<\/strong>: com que aquests projectes s\u2019entren a EGRETA amb posterioritat a la data de refer\u00e8ncia no es podrien incloure si no es fes un tractament diferenciat. Per aix\u00f2, es tenen en compte amb dos anys de decalatge, i nom\u00e9s aquells que eren vigents a 31\/12\/AAAA-2 i no a 31\/12\/AAAA1, data aquesta \u00faltima en que es fa el c\u00e0lcul del potencial docent del professorat per al curs AAAA+1\/AAAA+2.<br><\/p>\n\n\n\n<p>i. Si no era vigent a 31\/12\/AAAA-2: no ha d\u2019apar\u00e8ixer a la fitxa, no cal fer cap gesti\u00f3.<br>ii. Si era vigent a 31\/12\/AAAA-2: cal contactar amb l\u2019OGD (<a href=\"mailto:o.govern.dades@uab.cat\">o.govern.dades@uab.cat<\/a>).<\/p>\n<\/details>\n\n\n\n<details class=\"wp-block-details is-layout-flow wp-block-details-is-layout-flow\"><summary>Si \u00e9s un projecte extern i no apareix, revisar que estigui validat<\/summary>\n<p>No apareixen els no validats. Si no consta com a validat, contactar directament amb <a href=\"mailto:egreta@uab.cat\">egreta@uab.cat<\/a> i aportar la documentaci\u00f3 acreditativa pertinent (vegeu m\u00e9s a dalt).<\/p>\n<\/details>\n\n\n\n<details class=\"wp-block-details is-layout-flow wp-block-details-is-layout-flow\"><summary>Verificar si es tracta d\u2019un dels tipus de projecte inclosos en els criteris del MDA<\/summary>\n<p>NO es comptabilitzen els grups de recerca (SGR) ni les xarxes, i de projectes nom\u00e9s es consideren els tipus seg\u00fcents (<a href=\"https:\/\/webs.uab.cat\/ogd\/tipus-projectes-de-recerca-2025-26\/\" data-type=\"link\" data-id=\"https:\/\/webs.uab.cat\/ogd\/tipus-projectes-de-recerca-2024-25\/\">enlla\u00e7<\/a>). Detalls al quadre 2 del MDA.<\/p>\n<\/details>\n\n\n\n<p>Per a qualsevol altra incid\u00e8ncia, enviar una incid\u00e8ncia via <a href=\"https:\/\/tiquets.uab.cat\/servicedesk\/customer\/portal\/21\/create\/428\" data-type=\"link\" data-id=\"https:\/\/fardelsud.uab.cat\/fitxa\/\">formulari<\/a> (tipus incid\u00e8ncia <em>Altres<\/em>).<\/p>\n\n\n\n<h2 class=\"wp-block-heading\">M&#8217;incorporo a la UAB des d&#8217;una altra universitat i no em consten els trams que tinc<\/h2>\n\n\n\n<p>En el cas que tingueu algun projecte concedit quan est\u00e0veu en una altra universitat o instituci\u00f3, envieu una incid\u00e8ncia via <a href=\"https:\/\/tiquets.uab.cat\/servicedesk\/customer\/portal\/21\/create\/428\" data-type=\"link\" data-id=\"https:\/\/fardelsud.uab.cat\/fitxa\/\">formulari<\/a> (tipus incid\u00e8ncia <em>Projectes de recerca i transfer\u00e8ncia)<\/em> per tal que ho informin a la base de dades corporatives amb la informaci\u00f3 acreditativa que els aporteu.<\/p>\n\n\n\n<p><\/p>\n","protected":false},"excerpt":{"rendered":"<p>Aquesta informaci\u00f3 la trobareu als apartats 4a, 4c, 5a i 5b del detall de la fitxa. No apareix un o m\u00e9s projectes de recerca en els que participo o les dades s\u00f3n incorrectes Tot projecte ha d\u2019estar informat a la base de dades de la recerca de la UAB, EGRETA, i heu de constar dins [&hellip;]<\/p>\n","protected":false},"author":1175,"featured_media":0,"parent":0,"menu_order":0,"comment_status":"closed","ping_status":"closed","template":"","meta":{"footnotes":""},"class_list":["post-268","page","type-page","status-publish","hentry"],"_links":{"self":[{"href":"https:\/\/webs.uab.cat\/ogd\/wp-json\/wp\/v2\/pages\/268","targetHints":{"allow":["GET"]}}],"collection":[{"href":"https:\/\/webs.uab.cat\/ogd\/wp-json\/wp\/v2\/pages"}],"about":[{"href":"https:\/\/webs.uab.cat\/ogd\/wp-json\/wp\/v2\/types\/page"}],"author":[{"embeddable":true,"href":"https:\/\/webs.uab.cat\/ogd\/wp-json\/wp\/v2\/users\/1175"}],"replies":[{"embeddable":true,"href":"https:\/\/webs.uab.cat\/ogd\/wp-json\/wp\/v2\/comments?post=268"}],"version-history":[{"count":36,"href":"https:\/\/webs.uab.cat\/ogd\/wp-json\/wp\/v2\/pages\/268\/revisions"}],"predecessor-version":[{"id":561,"href":"https:\/\/webs.uab.cat\/ogd\/wp-json\/wp\/v2\/pages\/268\/revisions\/561"}],"wp:attachment":[{"href":"https:\/\/webs.uab.cat\/ogd\/wp-json\/wp\/v2\/media?parent=268"}],"curies":[{"name":"wp","href":"https:\/\/api.w.org\/{rel}","templated":true}]}}