{"id":303,"date":"2024-03-03T22:09:46","date_gmt":"2024-03-03T20:09:46","guid":{"rendered":"https:\/\/webs.uab.cat\/ogd\/?page_id=303"},"modified":"2026-01-16T13:50:30","modified_gmt":"2026-01-16T11:50:30","slug":"projectes-dinnovacio-docent","status":"publish","type":"page","link":"https:\/\/webs.uab.cat\/ogd\/projectes-dinnovacio-docent\/","title":{"rendered":"Projectes d&#8217;innovaci\u00f3 docent"},"content":{"rendered":"\n<h2 class=\"wp-block-heading\">Soc IP d\u2019un projecte d\u2019innovaci\u00f3 docent i no em surt informat a la fitxa<\/h2>\n\n\n\n<p>Cal tenir en compte que els projectes d\u2019innovaci\u00f3 docent de les facultats NO estenen en compte, segons instruccions del Vicerectorat de Personal Acad\u00e8mic. Nom\u00e9s es tenen en compte: a) els Projectes de Suport a la Innovaci\u00f3 Docent i de Millora de la Qualitat Docent UAB-Unitat de Formaci\u00f3 i b) els projectes d\u2019innovaci\u00f3 docent internacionals, aquests \u00faltims gestionats des de l\u2019\u00c0rea de Gesti\u00f3 de la Recerca i que han d&#8217;estar informats a EGRETA.<\/p>\n\n\n\n<p>Si no us surt a la fitxa:<\/p>\n\n\n\n<details class=\"wp-block-details is-layout-flow wp-block-details-is-layout-flow\"><summary>Si el projecte d\u2019innovaci\u00f3 docent concedit \u00e9s gestionat per la Unitat de Formaci\u00f3 de la UAB<\/summary>\n<p>Cal enviar una incid\u00e8ncia via <a href=\"https:\/\/tiquets.uab.cat\/servicedesk\/customer\/portal\/21\/create\/428\" data-type=\"link\" data-id=\"https:\/\/fardelsud.uab.cat\/fitxa\/\">formulari<\/a> (tipus incid\u00e8ncia <em>Projectes d\u2019innovaci\u00f3 docent<\/em>) adjuntant la documentaci\u00f3 enviant la documentaci\u00f3 acreditativa per tal que, un cop revisat, si correspon es corregeixi a la fitxa.<\/p>\n\n\n\n<p>En aquest <a href=\"https:\/\/intranet.uab.cat\/documents\/2816950\/7715584\/RESOLUCI%C3%93+PROJECTES+2025_definitiva+(2).pdf\/175bf1bb-aed9-b18d-6530-31344305bc6c\" data-type=\"link\" data-id=\"https:\/\/intranet.uab.cat\/documents\/2816950\/7715584\/RESOLUCI%C3%93+PROJECTES+2025_definitiva+(2).pdf\/175bf1bb-aed9-b18d-6530-31344305bc6c\">enlla\u00e7<\/a> trobareu la resoluci\u00f3 d&#8217;ajuts a projectes d&#8217;innovaci\u00f3 docent gestionats per formaci\u00f3 de 2025.<\/p>\n<\/details>\n\n\n\n<details class=\"wp-block-details is-layout-flow wp-block-details-is-layout-flow\"><summary>Si es tracta d\u2019un projecte d\u2019innovaci\u00f3 docent internacional<\/summary>\n<p>Cal enviar una incid\u00e8ncia via <a href=\"https:\/\/fardelsud.uab.cat\/fitxa\/\" data-type=\"link\" data-id=\"https:\/\/fardelsud.uab.cat\/fitxa\/\">formulari<\/a> (tipus incid\u00e8ncia <em>Projectes de recerca i transfer\u00e8ncia<\/em>) adjuntant documentaci\u00f3 acreditativa per tal que, un cop revisat, si correspon ho informin a la base de dades corporativa i pugui sortir a la fitxa.<\/p>\n<\/details>\n","protected":false},"excerpt":{"rendered":"<p>Soc IP d\u2019un projecte d\u2019innovaci\u00f3 docent i no em surt informat a la fitxa Cal tenir en compte que els projectes d\u2019innovaci\u00f3 docent de les facultats NO estenen en compte, segons instruccions del Vicerectorat de Personal Acad\u00e8mic. Nom\u00e9s es tenen en compte: a) els Projectes de Suport a la Innovaci\u00f3 Docent i de Millora de [&hellip;]<\/p>\n","protected":false},"author":1175,"featured_media":0,"parent":0,"menu_order":0,"comment_status":"closed","ping_status":"closed","template":"","meta":{"footnotes":""},"class_list":["post-303","page","type-page","status-publish","hentry"],"_links":{"self":[{"href":"https:\/\/webs.uab.cat\/ogd\/wp-json\/wp\/v2\/pages\/303","targetHints":{"allow":["GET"]}}],"collection":[{"href":"https:\/\/webs.uab.cat\/ogd\/wp-json\/wp\/v2\/pages"}],"about":[{"href":"https:\/\/webs.uab.cat\/ogd\/wp-json\/wp\/v2\/types\/page"}],"author":[{"embeddable":true,"href":"https:\/\/webs.uab.cat\/ogd\/wp-json\/wp\/v2\/users\/1175"}],"replies":[{"embeddable":true,"href":"https:\/\/webs.uab.cat\/ogd\/wp-json\/wp\/v2\/comments?post=303"}],"version-history":[{"count":9,"href":"https:\/\/webs.uab.cat\/ogd\/wp-json\/wp\/v2\/pages\/303\/revisions"}],"predecessor-version":[{"id":587,"href":"https:\/\/webs.uab.cat\/ogd\/wp-json\/wp\/v2\/pages\/303\/revisions\/587"}],"wp:attachment":[{"href":"https:\/\/webs.uab.cat\/ogd\/wp-json\/wp\/v2\/media?parent=303"}],"curies":[{"name":"wp","href":"https:\/\/api.w.org\/{rel}","templated":true}]}}