{"id":314,"date":"2024-03-03T22:28:43","date_gmt":"2024-03-03T20:28:43","guid":{"rendered":"https:\/\/webs.uab.cat\/ogd\/?page_id=314"},"modified":"2025-12-04T18:34:18","modified_gmt":"2025-12-04T16:34:18","slug":"trams-de-recerca-o-transferencia","status":"publish","type":"page","link":"https:\/\/webs.uab.cat\/ogd\/trams-de-recerca-o-transferencia\/","title":{"rendered":"Trams de recerca o transfer\u00e8ncia"},"content":{"rendered":"\n<p>Informat als apartats 12 i 13 de la fitxa.<\/p>\n\n\n\n<h2 class=\"wp-block-heading\">No em consten tots els trams de recerca o transfer\u00e8ncia<\/h2>\n\n\n\n<p>Aquestes dades s\u2019importen de la base de dades HOMINIS de la Unitat de Gesti\u00f3 del PDI i Finan\u00e7ament Espec\u00edfi. Quan estan concedits, ells ho registren a la base de dades corporativa.<\/p>\n\n\n\n<p>Els trams de recerca intervenen en el c\u00e0lcul del vostre potencial docent si sou personal permanent a temps complet.<br><br>Els personal funcionari pot tenir trams estatals i auton\u00f2mics mentre que el personal laboral els pot tenir auton\u00f2mics i b\u00e0sics.<\/p>\n\n\n\n<p>A l\u2019apartat 12 trobareu els trams de recerca i gesti\u00f3 que s\u2019han tingut en compte pel c\u00e0lcul del vostre potencial docent.<br><br>A l\u2019apartat 13 de la fitxa trobareu tot el detall de trams, el per\u00edode avaluat i la data d\u2019entrada en vigor.<\/p>\n\n\n\n<p>Els trams de recerca avaluen un per\u00edode de sis anys. Es considera viu si no han passat m\u00e9s de sis anys des de l\u2019entrada en vigor del tram.<\/p>\n\n\n\n<p>Si un tram no apareix a la fitxa cal enviar una incid\u00e8ncia via <a href=\"https:\/\/tiquets.uab.cat\/servicedesk\/customer\/portal\/21\/create\/428\" data-type=\"link\" data-id=\"https:\/\/fardelsud.uab.cat\/fitxa\/\">formulari<\/a> (tipus incid\u00e8ncia <em>Trams (recerca, transfer\u00e8ncia i doc\u00e8ncia)<\/em>).<\/p>\n\n\n\n<h2 class=\"wp-block-heading\">M&#8217;incorporo a la UAB des d&#8217;una altra universitat i no em consten els trams que tinc<\/h2>\n\n\n\n<p>En el cas que tingueu algun tram concedit quan est\u00e0veu en una altra universitat o instituci\u00f3, haureu enviar una incid\u00e8ncia via <a href=\"https:\/\/tiquets.uab.cat\/servicedesk\/customer\/portal\/21\/create\/428\" data-type=\"link\" data-id=\"https:\/\/fardelsud.uab.cat\/fitxa\/\">formulari<\/a> (tipus incid\u00e8ncia <em>Trams (recerca, transfer\u00e8ncia i doc\u00e8ncia)<\/em>) per tal que des de la Unitat de Gesti\u00f3 del PDI i Finan\u00e7ament Espec\u00edfic ho informin a la seva base de dades corporativa amb la documentaci\u00f3 acreditativa que els aporteu.<\/p>\n\n\n\n<p><\/p>\n","protected":false},"excerpt":{"rendered":"<p>Informat als apartats 12 i 13 de la fitxa. No em consten tots els trams de recerca o transfer\u00e8ncia Aquestes dades s\u2019importen de la base de dades HOMINIS de la Unitat de Gesti\u00f3 del PDI i Finan\u00e7ament Espec\u00edfi. Quan estan concedits, ells ho registren a la base de dades corporativa. Els trams de recerca intervenen [&hellip;]<\/p>\n","protected":false},"author":1175,"featured_media":0,"parent":0,"menu_order":0,"comment_status":"closed","ping_status":"closed","template":"","meta":{"footnotes":""},"class_list":["post-314","page","type-page","status-publish","hentry"],"_links":{"self":[{"href":"https:\/\/webs.uab.cat\/ogd\/wp-json\/wp\/v2\/pages\/314","targetHints":{"allow":["GET"]}}],"collection":[{"href":"https:\/\/webs.uab.cat\/ogd\/wp-json\/wp\/v2\/pages"}],"about":[{"href":"https:\/\/webs.uab.cat\/ogd\/wp-json\/wp\/v2\/types\/page"}],"author":[{"embeddable":true,"href":"https:\/\/webs.uab.cat\/ogd\/wp-json\/wp\/v2\/users\/1175"}],"replies":[{"embeddable":true,"href":"https:\/\/webs.uab.cat\/ogd\/wp-json\/wp\/v2\/comments?post=314"}],"version-history":[{"count":8,"href":"https:\/\/webs.uab.cat\/ogd\/wp-json\/wp\/v2\/pages\/314\/revisions"}],"predecessor-version":[{"id":564,"href":"https:\/\/webs.uab.cat\/ogd\/wp-json\/wp\/v2\/pages\/314\/revisions\/564"}],"wp:attachment":[{"href":"https:\/\/webs.uab.cat\/ogd\/wp-json\/wp\/v2\/media?parent=314"}],"curies":[{"name":"wp","href":"https:\/\/api.w.org\/{rel}","templated":true}]}}