{"id":318,"date":"2024-03-03T22:32:52","date_gmt":"2024-03-03T20:32:52","guid":{"rendered":"https:\/\/webs.uab.cat\/ogd\/?page_id=318"},"modified":"2025-12-04T18:35:33","modified_gmt":"2025-12-04T16:35:33","slug":"trams-o-punts-de-gestio","status":"publish","type":"page","link":"https:\/\/webs.uab.cat\/ogd\/trams-o-punts-de-gestio\/","title":{"rendered":"Trams o punts de gesti\u00f3"},"content":{"rendered":"\n<h2 class=\"wp-block-heading\">No em consten tots els trams de gesti\u00f3 o el punts de gesti\u00f3 no s\u00f3n correctes<\/h2>\n\n\n\n<p>L\u2019activitat de gesti\u00f3 comporta en la majoria de casos poder acumular punts que permeten accedir a trams de gesti\u00f3.<\/p>\n\n\n\n<p>A la fitxa es mostren els punts que es porten acumulats a data 31\/12\/AAAA-1 (desembre de l\u2019any anterior a l\u2019execuci\u00f3 de la fitxa). Les dades relacionades amb els punts de gesti\u00f3 es gestionen des de la Unitat de Gesti\u00f3 del PDI i Finan\u00e7ament Espec\u00edfic.<\/p>\n\n\n\n<p>Si es tenen acumulats suficients punts per sol\u00b7licitar un nou tram de gesti\u00f3 per\u00f2 el tram no figura a la fitxa, vol dir que encara o b\u00e9 no s\u2019ha sol\u00b7licitat o que a la darrera convocat\u00f2ria encara no es tenien els punts suficient per fer-ho.<\/p>\n\n\n\n<p>Per aquest motiu el model de dedicaci\u00f3 acad\u00e8mica (o MDA) preveu que si es tenen els punts equivalents es pugui recon\u00e8ixer el tram tot i no haver-lo sol\u00b7licitat.<\/p>\n\n\n\n<p>Els punts necessaris per obtenir els trams queden recollits a la fitxa a l\u2019apartat \u201cGesti\u00f3\u201d (segons <a href=\"https:\/\/www.aqu.cat\/doc\/doc_30884956_1.pdf\" data-type=\"link\" data-id=\"https:\/\/www.aqu.cat\/doc\/doc_30884956_1.pdf\" target=\"_blank\" rel=\"noreferrer noopener\">DOGC<\/a>):<br><em>1r tram: 30 punts<br>2n tram: 45 punts<br>3r tram: 55 punts<br>4t tram: 65 punts<\/em><\/p>\n\n\n\n<p>(A partir de 75 punts es considera el tram sempre com a tram viu.)<\/p>\n\n\n\n<p>En principi l\u2019\u00c0rea de Gesti\u00f3 de Persones avisa el professorat quan hi ha una convocat\u00f2ria i es tenen les condicions per presentar-s\u2019hi.<\/p>\n\n\n\n<p>Tenir un tram viu (o punts equivalents acumulats a 31 de desembre de l\u2019any anterior a la publicaci\u00f3 de la fitxa) pot ser equiparat a un tram viu de recerca si no existeix cap tram de recerca o existeixen trams per\u00f2 cap d\u2019ells \u00e9s viu.<br><br>En cap cas un tram de gesti\u00f3 o punts equivalents se sumar\u00e0 als trams de recerca existents. \u00c9s a dir, un professor titular amb 2 trams de recerca no vius i un tram de gesti\u00f3 viu no s\u00f3n 3 trams de recerca i un d\u2019ells viu (16 cr\u00e8dits) sin\u00f3 que es considerar\u00e0 com 22 credits.<\/p>\n\n\n\n<p>Es considera tram viu de gesti\u00f3 quan no han passat m\u00e9s de 6 anys des que va entrar en vigor.<\/p>\n\n\n\n<p>Si s\u2019observa alguna errada, s&#8217;ha d\u2019enviar una incid\u00e8ncia via <a href=\"https:\/\/tiquets.uab.cat\/servicedesk\/customer\/portal\/21\/create\/428\" data-type=\"link\" data-id=\"https:\/\/fardelsud.uab.cat\/fitxa\/\">formulari<\/a> (tipus incid\u00e8ncia <em>Trams i punts de gesti\u00f3<\/em>).<\/p>\n\n\n\n<h2 class=\"wp-block-heading\">Tinc 0 punts de gesti\u00f3 per\u00f2 em consta un tram viu, \u00e9s correcte?<\/h2>\n\n\n\n<p>Aix\u00f2 tot i que ho pugui semblar no \u00e9s contradictori.<\/p>\n\n\n\n<p>El model de dedicaci\u00f3 estableix que s&#8217;han de valorar els trams de gesti\u00f3 o&nbsp;<strong>punts de gesti\u00f3 equivalents<\/strong>&nbsp;a desembre de l\u2019any anterior.<\/p>\n\n\n\n<p>Es pot donar la situaci\u00f3 que a la convocat\u00f2ria de juny una professora tingu\u00e9s 29 punts, insuficients per tenir un tram de gesti\u00f3, per\u00f2 en el temps transcorregut fins al desembre, acumuli 31 punts, que seria equivalent a 1 tram de gesti\u00f3.<\/p>\n\n\n\n<p>A la base de dades HOMINIS de l\u2019\u00c0rea de Gesti\u00f3 de Persones no constar\u00e0 a desembre cap tram, per\u00f2 se li reconeixer\u00e0.<\/p>\n\n\n\n<p>Per tant la fitxa us mostrar\u00e0 0 trams de gesti\u00f3 per\u00f2 1 tram de gesti\u00f3 viu (o punts equivalents).<\/p>\n\n\n\n<p>Un tram es considera viu si fa menys de 6 anys que ha entrat en vigor, igual que els de recerca.<\/p>\n\n\n\n<p>Aix\u00f2 \u00e9s important perqu\u00e8 1 tram de gesti\u00f3 viu pot ser equiparat a un tram de recerca viu. No se suma als de recerca, per\u00f2 si cap tram de recerca \u00e9s viu, aquest convalida per un de recerca com viu.<\/p>\n","protected":false},"excerpt":{"rendered":"<p>No em consten tots els trams de gesti\u00f3 o el punts de gesti\u00f3 no s\u00f3n correctes L\u2019activitat de gesti\u00f3 comporta en la majoria de casos poder acumular punts que permeten accedir a trams de gesti\u00f3. A la fitxa es mostren els punts que es porten acumulats a data 31\/12\/AAAA-1 (desembre de l\u2019any anterior a l\u2019execuci\u00f3 [&hellip;]<\/p>\n","protected":false},"author":1175,"featured_media":0,"parent":0,"menu_order":0,"comment_status":"closed","ping_status":"closed","template":"","meta":{"footnotes":""},"class_list":["post-318","page","type-page","status-publish","hentry"],"_links":{"self":[{"href":"https:\/\/webs.uab.cat\/ogd\/wp-json\/wp\/v2\/pages\/318","targetHints":{"allow":["GET"]}}],"collection":[{"href":"https:\/\/webs.uab.cat\/ogd\/wp-json\/wp\/v2\/pages"}],"about":[{"href":"https:\/\/webs.uab.cat\/ogd\/wp-json\/wp\/v2\/types\/page"}],"author":[{"embeddable":true,"href":"https:\/\/webs.uab.cat\/ogd\/wp-json\/wp\/v2\/users\/1175"}],"replies":[{"embeddable":true,"href":"https:\/\/webs.uab.cat\/ogd\/wp-json\/wp\/v2\/comments?post=318"}],"version-history":[{"count":9,"href":"https:\/\/webs.uab.cat\/ogd\/wp-json\/wp\/v2\/pages\/318\/revisions"}],"predecessor-version":[{"id":565,"href":"https:\/\/webs.uab.cat\/ogd\/wp-json\/wp\/v2\/pages\/318\/revisions\/565"}],"wp:attachment":[{"href":"https:\/\/webs.uab.cat\/ogd\/wp-json\/wp\/v2\/media?parent=318"}],"curies":[{"name":"wp","href":"https:\/\/api.w.org\/{rel}","templated":true}]}}