{"id":321,"date":"2024-03-03T22:35:40","date_gmt":"2024-03-03T20:35:40","guid":{"rendered":"https:\/\/webs.uab.cat\/ogd\/?page_id=321"},"modified":"2025-12-04T18:20:19","modified_gmt":"2025-12-04T16:20:19","slug":"carrecs-academics","status":"publish","type":"page","link":"https:\/\/webs.uab.cat\/ogd\/carrecs-academics\/","title":{"rendered":"C\u00e0rrecs acad\u00e8mics"},"content":{"rendered":"\n<h2 class=\"wp-block-heading\">Tinc un c\u00e0rrec acad\u00e8mic per\u00f2 no em surt informat i\/o no se m&#8217;aplica la reducci\u00f3 de cr\u00e8dits corresponent<\/h2>\n\n\n\n<p>La reducci\u00f3 per c\u00e0rrecs que apareixen a la Fitxa del Professorat s\u2019aplica a aquells c\u00e0rrecs objecte de nomenament oficial, que comporten el reconeixement de la  dedicaci\u00f3 acad\u00e8mica i la reducci\u00f3 del temps de doc\u00e8ncia.<\/p>\n\n\n\n<p>Aquests c\u00e0rrecs, aprovats per Consell de Govern amb retribuci\u00f3 o compensaci\u00f3 en cr\u00e8dits, venen determinats per la fam\u00edlia del c\u00e0rrec (veure <a href=\"https:\/\/www.uab.cat\/doc\/Normativa_carrecs_academics_gestio_direccio\" data-type=\"link\" data-id=\"https:\/\/www.uab.cat\/doc\/Normativa_carrecs_academics_gestio_direccio\" target=\"_blank\" rel=\"noreferrer noopener\">Normativa en mat\u00e8ria de c\u00e0rrecs acad\u00e8mics de gesti\u00f3 i de direcci\u00f3 de la UAB<\/a>) i estan informats a la base de dades de l\u2019\u00c0rea de Gesti\u00f3 de Persones (HOMINIS).<\/p>\n\n\n\n<p>Pel que fa al gaudi de la reducci\u00f3 de cr\u00e8dits per c\u00e0rrecs de gesti\u00f3, cal tenir en compte la limitaci\u00f3 que imposa l\u2019article 3c de la normativa de c\u00e0rrecs:<\/p>\n\n\n\n<figure class=\"wp-block-table\"><table><tbody><tr><td><em>Article 3c, Requisits:<br><br>Una mateixa persona pot assumir dos c\u00e0rrecs de gesti\u00f3 com a m\u00e0xim. La reducci\u00f3 docent no podr\u00e0 superar els 8 cr\u00e8dits i nom\u00e9s podr\u00e0 rebre complement econ\u00f2mic per un sol concepte.<\/em><\/td><\/tr><\/tbody><\/table><\/figure>\n\n\n\n<p>Si NO us surt informat un o m\u00e9s c\u00e0rrecs:<\/p>\n\n\n\n<ol class=\"wp-block-list\">\n<li class=\"has-small-font-size\">Comprovar amb el centre\/departament que el nomenament oficial est\u00e0 fet i les  dades s\u00f3n correctes (revisar: nom del c\u00e0rrec, dates de vig\u00e8ncia, reducci\u00f3 de cr\u00e8dits i punts de gesti\u00f3).<\/li>\n\n\n\n<li class=\"has-small-font-size\">Comprovar que era vigent a 31\/12\/AAAA-1 (data de refer\u00e8ncia en generar la fitxa).<\/li>\n\n\n\n<li class=\"has-small-font-size\">Si es compleixen 1 i 2, s\u2019ha d\u2019enviar una incid\u00e8ncia via <a href=\"https:\/\/tiquets.uab.cat\/servicedesk\/customer\/portal\/21\/create\/428\" data-type=\"link\" data-id=\"https:\/\/fardelsud.uab.cat\/fitxa\/\">formulari<\/a> (tipus incid\u00e8ncia <em>C\u00e0rrecs acad\u00e8mics<\/em>) perqu\u00e8 confirmin que s\u2019ha informat a la base de dades corporativa.<\/li>\n<\/ol>\n\n\n\n<h2 class=\"wp-block-heading\">Qu\u00e8 succeeix si el c\u00e0rrec s&#8217;inicia despr\u00e9s de la data de refer\u00e8ncia de la fitxa?<\/h2>\n\n\n\n<p>No ha de constar a la fitxa perqu\u00e8 nom\u00e9s es consideren el c\u00e0rrecs que estaven vigents a 31\/12\/AAAA-1.<\/p>\n\n\n\n<p>Les persones que inicien un c\u00e0rrec posteriorment a aquesta data, per exemple a 1\/01\/2023, no veuran reflectida la reducci\u00f3 durant el curs 2023\/24 sin\u00f3 que hauran d\u2019esperar al curs seg\u00fcent. En el curs que finalitzi el c\u00e0rrec, encara estar\u00e0 vigent i quedar\u00e0 recollit a la fitxa de manera que, tot i que en el curs seg\u00fcent ja no s\u2019exerceixi, es gaudir\u00e0 el reconeixement de cr\u00e8dits que no es van poder compensar a l\u2019inici.<\/p>\n\n\n\n<p>Aquesta limitaci\u00f3 per\u00f2 no s\u2019aplica en el cas de c\u00e0rrecs acad\u00e8mics de direcci\u00f3 (degans i directors de Departament, vicerectors, etc.), at\u00e8s que el Vicerectorat de Personal Acad\u00e8mic dota de recursos als departaments per cobrir aquestes places.<\/p>\n\n\n\n<h2 class=\"wp-block-heading\">Reducci\u00f3 en aplicaci\u00f3 del punt 2.7 del model de c\u00e0rrecs<\/h2>\n\n\n\n<figure class=\"wp-block-image size-full\"><img loading=\"lazy\" decoding=\"async\" width=\"881\" height=\"103\" src=\"https:\/\/webs.uab.cat\/ogd\/wp-content\/uploads\/sites\/560\/2024\/04\/image-2.png\" alt=\"\" class=\"wp-image-372\" srcset=\"https:\/\/webs.uab.cat\/ogd\/wp-content\/uploads\/sites\/560\/2024\/04\/image-2.png 881w, https:\/\/webs.uab.cat\/ogd\/wp-content\/uploads\/sites\/560\/2024\/04\/image-2-300x35.png 300w, https:\/\/webs.uab.cat\/ogd\/wp-content\/uploads\/sites\/560\/2024\/04\/image-2-768x90.png 768w\" sizes=\"auto, (max-width: 881px) 100vw, 881px\" \/><\/figure>\n\n\n\n<p>Per tal que us surti a la fitxa (a l&#8217;apartat F2 de la secci\u00f3 del &#8220;Potencial docent del professor\/a&#8221;) i se us apliqui aquesta reducci\u00f3 cal que pr\u00e8viament hagueu informat a la Unitat de Gesti\u00f3 del PDI i Finan\u00e7ament Espec\u00edfic (<a href=\"mailto:upac.administracio@uab.cat\">agp.vida.laboral.pdi@uab.cat<\/a>) quan i com voleu gaudir d&#8217;aquesta reducci\u00f3.<\/p>\n\n\n\n<h2 class=\"wp-block-heading\">Reducci\u00f3 en aplicaci\u00f3 del punt 2.8 del model de c\u00e0rrecs<\/h2>\n\n\n\n<figure class=\"wp-block-image size-full is-resized\"><img loading=\"lazy\" decoding=\"async\" width=\"888\" height=\"108\" src=\"https:\/\/webs.uab.cat\/ogd\/wp-content\/uploads\/sites\/560\/2024\/04\/image-1.png\" alt=\"\" class=\"wp-image-370\" style=\"width:691px;height:auto\" srcset=\"https:\/\/webs.uab.cat\/ogd\/wp-content\/uploads\/sites\/560\/2024\/04\/image-1.png 888w, https:\/\/webs.uab.cat\/ogd\/wp-content\/uploads\/sites\/560\/2024\/04\/image-1-300x36.png 300w, https:\/\/webs.uab.cat\/ogd\/wp-content\/uploads\/sites\/560\/2024\/04\/image-1-768x93.png 768w\" sizes=\"auto, (max-width: 888px) 100vw, 888px\" \/><\/figure>\n\n\n\n<p>Per tal que us surti a la fitxa (a l&#8217;apartat F3 de la secci\u00f3 del &#8220;Potencial docent del professor\/a&#8221;) i se us apliqui aquesta reducci\u00f3 cal que pr\u00e8viament hagueu informat a la Unitat de Gesti\u00f3 del PDI i Finan\u00e7ament Espec\u00edfic (<a href=\"mailto:upac.administracio@uab.cat\">agp.vida.laboral.pdi@uab.cat<\/a>) quan i com voleu gaudir d&#8217;aquesta reducci\u00f3.<\/p>\n\n\n\n<h2 class=\"wp-block-heading\">Reducci\u00f3 per sab\u00e0tic (article 2 del model de c\u00e0rrecs)<\/h2>\n\n\n\n<figure class=\"wp-block-image size-full\"><img loading=\"lazy\" decoding=\"async\" width=\"890\" height=\"119\" src=\"https:\/\/webs.uab.cat\/ogd\/wp-content\/uploads\/sites\/560\/2024\/04\/image-3.png\" alt=\"\" class=\"wp-image-376\" srcset=\"https:\/\/webs.uab.cat\/ogd\/wp-content\/uploads\/sites\/560\/2024\/04\/image-3.png 890w, https:\/\/webs.uab.cat\/ogd\/wp-content\/uploads\/sites\/560\/2024\/04\/image-3-300x40.png 300w, https:\/\/webs.uab.cat\/ogd\/wp-content\/uploads\/sites\/560\/2024\/04\/image-3-768x103.png 768w\" sizes=\"auto, (max-width: 890px) 100vw, 890px\" \/><\/figure>\n\n\n\n<p>Per tal que us surti a la fitxa (a l&#8217;apartat D3 de la secci\u00f3 del &#8220;Potencial docent del professor\/a&#8221;) i se us apliqui aquesta reducci\u00f3 cal que pr\u00e8viament hagueu informat a la Unitat de Gesti\u00f3 del PDI i Finan\u00e7ament Espec\u00edfic (<a href=\"mailto:upac.administracio@uab.cat\">agp.vida.laboral.pdi@uab.cat<\/a>) quan i com voleu gaudir d&#8217;aquesta reducci\u00f3.<\/p>\n\n\n\n<p><\/p>\n\n\n\n<p class=\"wp-block-uab-alerta missatge alerta\">Per qualsevol altra incid\u00e8ncia en relaci\u00f3 als c\u00e0rrecs a la fitxa, enviar una incid\u00e8ncia via <a href=\"https:\/\/tiquets.uab.cat\/servicedesk\/customer\/portal\/21\/create\/428\" data-type=\"link\" data-id=\"https:\/\/fardelsud.uab.cat\/fitxa\/\">formulari<\/a> (tipus incid\u00e8ncia <em>C\u00e0rrecs acad\u00e8mics<\/em>).<\/p>\n","protected":false},"excerpt":{"rendered":"<p>Tinc un c\u00e0rrec acad\u00e8mic per\u00f2 no em surt informat i\/o no se m&#8217;aplica la reducci\u00f3 de cr\u00e8dits corresponent La reducci\u00f3 per c\u00e0rrecs que apareixen a la Fitxa del Professorat s\u2019aplica a aquells c\u00e0rrecs objecte de nomenament oficial, que comporten el reconeixement de la dedicaci\u00f3 acad\u00e8mica i la reducci\u00f3 del temps de doc\u00e8ncia. Aquests c\u00e0rrecs, aprovats [&hellip;]<\/p>\n","protected":false},"author":1175,"featured_media":0,"parent":0,"menu_order":0,"comment_status":"closed","ping_status":"closed","template":"","meta":{"footnotes":""},"class_list":["post-321","page","type-page","status-publish","hentry"],"_links":{"self":[{"href":"https:\/\/webs.uab.cat\/ogd\/wp-json\/wp\/v2\/pages\/321","targetHints":{"allow":["GET"]}}],"collection":[{"href":"https:\/\/webs.uab.cat\/ogd\/wp-json\/wp\/v2\/pages"}],"about":[{"href":"https:\/\/webs.uab.cat\/ogd\/wp-json\/wp\/v2\/types\/page"}],"author":[{"embeddable":true,"href":"https:\/\/webs.uab.cat\/ogd\/wp-json\/wp\/v2\/users\/1175"}],"replies":[{"embeddable":true,"href":"https:\/\/webs.uab.cat\/ogd\/wp-json\/wp\/v2\/comments?post=321"}],"version-history":[{"count":14,"href":"https:\/\/webs.uab.cat\/ogd\/wp-json\/wp\/v2\/pages\/321\/revisions"}],"predecessor-version":[{"id":555,"href":"https:\/\/webs.uab.cat\/ogd\/wp-json\/wp\/v2\/pages\/321\/revisions\/555"}],"wp:attachment":[{"href":"https:\/\/webs.uab.cat\/ogd\/wp-json\/wp\/v2\/media?parent=321"}],"curies":[{"name":"wp","href":"https:\/\/api.w.org\/{rel}","templated":true}]}}