{"id":332,"date":"2024-03-03T22:58:56","date_gmt":"2024-03-03T20:58:56","guid":{"rendered":"https:\/\/webs.uab.cat\/ogd\/?page_id=332"},"modified":"2025-12-04T18:36:21","modified_gmt":"2025-12-04T16:36:21","slug":"altres-reduccions","status":"publish","type":"page","link":"https:\/\/webs.uab.cat\/ogd\/altres-reduccions\/","title":{"rendered":"Altres reduccions"},"content":{"rendered":"\n<h2 class=\"wp-block-heading\">Tinc un c\u00e0rrec sindical i no em surt el descompte corresponent (apartat 2 del detall de la fitxa)<\/h2>\n\n\n\n<p>Verifiqueu les dates d\u2019inici i fi (vig\u00e8ncia del c\u00e0rrec sindical):<\/p>\n\n\n\n<ul class=\"wp-block-list\">\n<li>Si no era vigent a 31\/12\/AAAA-1 (desembre anterior a l\u2019execuci\u00f3 de la fitxa): no ha<br>d\u2019apar\u00e8ixer a la fitxa.<\/li>\n\n\n\n<li>Si era vigent a 31\/12\/AAAA-1: enviar una incid\u00e8ncia via <a href=\"https:\/\/tiquets.uab.cat\/servicedesk\/customer\/portal\/21\/create\/428\" data-type=\"link\" data-id=\"https:\/\/fardelsud.uab.cat\/fitxa\/\">formulari<\/a> (tipus incid\u00e8ncia <em>C\u00e0rrecs sindicals<\/em>) per revisar que s\u2019ha registrat la reducci\u00f3 i les dates s\u00f3n correctes.<\/li>\n<\/ul>\n\n\n\n<h2 class=\"wp-block-heading\">Se m&#8217;ha concedit una reducci\u00f3 per motius de salut i no em surt informada (apartat 2 del detall de la fitxa)<\/h2>\n\n\n\n<p>Recordeu que el protocol per a tramitar aquests casos \u00e9s el seg\u00fcent:<br><a href=\"https:\/\/www.uab.cat\/doc\/PNT_Especial_sensibilitat_PAS_PDI_2019\" target=\"_blank\" rel=\"noreferrer noopener\">https:\/\/www.uab.cat\/doc\/PNT_Especial_sensibilitat_PAS_PDI_2019<\/a><\/p>\n\n\n\n<p>En el cas del Personal Acad\u00e8mic el procediment estableix que el Vicerectorat responsable, a la vista de l\u2019informe d\u2019aptitud em\u00e8s per la Unitat de Salut Laboral i d\u2019altra documentaci\u00f3 disponible (com per exemple, un certificat de discapacitat o una actualitzaci\u00f3 de la reducci\u00f3 docent corresponent en el full d\u2019activitat del PDI, etc.. ), decidir\u00e0 quina reducci\u00f3 docent correspon i indicar\u00e0 els canvis que s\u2019hauran d\u2019incorporar a la doc\u00e8ncia de la persona afectada. Aquesta reducci\u00f3 s\u2019introdueix des de la Unitat de Gesti\u00f3 del PDI i Finan\u00e7ament Espec\u00edfic a la seva base de dades (HOMINIS). Un cop introdu\u00efda quedar\u00e0 reflectida a la fitxa.<\/p>\n\n\n\n<p>Si detecteu que no us surt informada aquesta reducci\u00f3, cal enviar una incid\u00e8ncia via <a href=\"https:\/\/tiquets.uab.cat\/servicedesk\/customer\/portal\/21\/create\/428\" data-type=\"link\" data-id=\"https:\/\/fardelsud.uab.cat\/fitxa\/\">formulari<\/a> (tipus incid\u00e8ncia <em>Reduccions per motius de salut<\/em>) per tal que ho informin a la base de dades corporativa i pugui aix\u00ed quedar reflectida a la fitxa.<\/p>\n\n\n\n<h2 class=\"wp-block-heading\">Tinc un ICREA Academia i no em surt la reducci\u00f3 corresponent a la fitxa o aquesta no \u00e9s correcta<\/h2>\n\n\n\n<p>Si detecteu que no us surt informada aquesta reducci\u00f3, o b\u00e9 us surt la reducci\u00f3 per defecte aplicada als ICREA Academia (7 cr\u00e8dits de potencial docent), cal que contacteu amb la Unitat de Gesti\u00f3 del PDI i Finan\u00e7ament Espec\u00edfic (<a href=\"mailto:upac@uab.cat\">agp.vida.laboral.pdi@uab.cat<\/a>) per informar-los de la reducci\u00f3 que se us ha d&#8217;aplicar i el per\u00edode d&#8217;aplicaci\u00f3. Aix\u00ed podr\u00e0 quedar informat a la seva base de dades (HOMINIS) i us podr\u00e0 quedar reflectida a la fitxa.<\/p>\n\n\n\n<p><\/p>\n","protected":false},"excerpt":{"rendered":"<p>Tinc un c\u00e0rrec sindical i no em surt el descompte corresponent (apartat 2 del detall de la fitxa) Verifiqueu les dates d\u2019inici i fi (vig\u00e8ncia del c\u00e0rrec sindical): Se m&#8217;ha concedit una reducci\u00f3 per motius de salut i no em surt informada (apartat 2 del detall de la fitxa) Recordeu que el protocol per a [&hellip;]<\/p>\n","protected":false},"author":1175,"featured_media":0,"parent":0,"menu_order":0,"comment_status":"closed","ping_status":"closed","template":"","meta":{"footnotes":""},"class_list":["post-332","page","type-page","status-publish","hentry"],"_links":{"self":[{"href":"https:\/\/webs.uab.cat\/ogd\/wp-json\/wp\/v2\/pages\/332","targetHints":{"allow":["GET"]}}],"collection":[{"href":"https:\/\/webs.uab.cat\/ogd\/wp-json\/wp\/v2\/pages"}],"about":[{"href":"https:\/\/webs.uab.cat\/ogd\/wp-json\/wp\/v2\/types\/page"}],"author":[{"embeddable":true,"href":"https:\/\/webs.uab.cat\/ogd\/wp-json\/wp\/v2\/users\/1175"}],"replies":[{"embeddable":true,"href":"https:\/\/webs.uab.cat\/ogd\/wp-json\/wp\/v2\/comments?post=332"}],"version-history":[{"count":11,"href":"https:\/\/webs.uab.cat\/ogd\/wp-json\/wp\/v2\/pages\/332\/revisions"}],"predecessor-version":[{"id":566,"href":"https:\/\/webs.uab.cat\/ogd\/wp-json\/wp\/v2\/pages\/332\/revisions\/566"}],"wp:attachment":[{"href":"https:\/\/webs.uab.cat\/ogd\/wp-json\/wp\/v2\/media?parent=332"}],"curies":[{"name":"wp","href":"https:\/\/api.w.org\/{rel}","templated":true}]}}