{"id":459,"date":"2025-01-15T14:49:17","date_gmt":"2025-01-15T12:49:17","guid":{"rendered":"https:\/\/webs.uab.cat\/ogd\/?page_id=459"},"modified":"2025-12-04T17:49:05","modified_gmt":"2025-12-04T15:49:05","slug":"formulari-incidencies-fitxa","status":"publish","type":"page","link":"https:\/\/webs.uab.cat\/ogd\/formulari-incidencies-fitxa\/","title":{"rendered":"Formulari incid\u00e8ncies"},"content":{"rendered":"\n<p><\/p>\n\n\n\n<p>Les incid\u00e8ncies de la fitxa s&#8217;han de tramitar amb un <strong>tiquet (JIRA OGD)<\/strong> a trav\u00e9s del seg\u00fcent <strong>formulari<\/strong>:<\/p>\n\n\n\n<div class=\"wp-block-buttons is-content-justification-center is-layout-flex wp-container-core-buttons-is-layout-16018d1d wp-block-buttons-is-layout-flex\">\n<div class=\"wp-block-button\"><a class=\"wp-block-button__link has-text-align-center wp-element-button\" href=\"https:\/\/tiquets.uab.cat\/servicedesk\/customer\/portal\/21\/create\/428\">Formulari INCID\u00c8NCIES FITXA<\/a><\/div>\n<\/div>\n\n\n\n<p><br><\/p>\n\n\n\n<p class=\"wp-block-uab-alerta missatge alerta\">El <strong>termini per enviar al\u00b7legacions<\/strong>\u00a0a la fitxa 2026-27 \u00e9s\u00a0<strong>del\u00a023 de gener al\u00a02 de febrer de 2026<\/strong>.<br><em>Les al\u00b7legacions rebudes fora de termini (del 3 al 9 de febrer)\u00a0no s&#8217;admetran per a la fitxa de recursos, s\u00ed per a la fitxa personal.<\/em><\/p>\n","protected":false},"excerpt":{"rendered":"<p>Les incid\u00e8ncies de la fitxa s&#8217;han de tramitar amb un tiquet (JIRA OGD) a trav\u00e9s del seg\u00fcent formulari:<\/p>\n","protected":false},"author":1175,"featured_media":0,"parent":0,"menu_order":0,"comment_status":"closed","ping_status":"closed","template":"","meta":{"footnotes":""},"class_list":["post-459","page","type-page","status-publish","hentry"],"_links":{"self":[{"href":"https:\/\/webs.uab.cat\/ogd\/wp-json\/wp\/v2\/pages\/459","targetHints":{"allow":["GET"]}}],"collection":[{"href":"https:\/\/webs.uab.cat\/ogd\/wp-json\/wp\/v2\/pages"}],"about":[{"href":"https:\/\/webs.uab.cat\/ogd\/wp-json\/wp\/v2\/types\/page"}],"author":[{"embeddable":true,"href":"https:\/\/webs.uab.cat\/ogd\/wp-json\/wp\/v2\/users\/1175"}],"replies":[{"embeddable":true,"href":"https:\/\/webs.uab.cat\/ogd\/wp-json\/wp\/v2\/comments?post=459"}],"version-history":[{"count":9,"href":"https:\/\/webs.uab.cat\/ogd\/wp-json\/wp\/v2\/pages\/459\/revisions"}],"predecessor-version":[{"id":530,"href":"https:\/\/webs.uab.cat\/ogd\/wp-json\/wp\/v2\/pages\/459\/revisions\/530"}],"wp:attachment":[{"href":"https:\/\/webs.uab.cat\/ogd\/wp-json\/wp\/v2\/media?parent=459"}],"curies":[{"name":"wp","href":"https:\/\/api.w.org\/{rel}","templated":true}]}}