{"id":498,"date":"2025-01-23T11:47:28","date_gmt":"2025-01-23T09:47:28","guid":{"rendered":"https:\/\/webs.uab.cat\/ogd\/?page_id=498"},"modified":"2026-01-23T19:31:59","modified_gmt":"2026-01-23T17:31:59","slug":"sessions-informatives","status":"publish","type":"page","link":"https:\/\/webs.uab.cat\/ogd\/sessions-informatives\/","title":{"rendered":"Sessions informatives"},"content":{"rendered":"\n<p><strong>Sessi\u00f3 informativa de 23 de gener de 2026 sobre la fitxa 26-27<\/strong><\/p>\n\n\n\n<p>Presentaci\u00f3 (<a href=\"http:\/\/www.uab.cat\/doc\/sessio_info_fitxa_26-27\" data-type=\"link\" data-id=\"www.uab.cat\/doc\/sessio_info_fitxa_26-27\">pdf<\/a>)<\/p>\n\n\n\n<p>Gravaci\u00f3 sessi\u00f3<\/p>\n\n\n\n<ul class=\"wp-block-list\">\n<li>Presentaci\u00f3 sessi\u00f3 (<a href=\"https:\/\/uab.sharepoint.com\/sites\/OGD\/_layouts\/15\/stream.aspx?id=%2Fsites%2FOGD%2FDocumentos%20compartidos%2FGeneral%2FUnitat%20OGD%2FMDA%2FFITXA%20DEL%20PROFESSOR%2FFITXA%2026%2D27%2FSessi%C3%B3%2023%2D01%2D26%2FPresentaci%C3%B3%20sessi%C3%B3%2023012026%2Emp4&amp;ga=1&amp;referrer=StreamWebApp%2EWeb&amp;referrerScenario=AddressBarCopied%2Eview%2E44084991%2D4175%2D43ce%2D9d98%2Df837eda4c49d\" data-type=\"link\" data-id=\"https:\/\/uab.sharepoint.com\/sites\/OGD\/_layouts\/15\/stream.aspx?id=%2Fsites%2FOGD%2FDocumentos%20compartidos%2FGeneral%2FUnitat%20OGD%2FMDA%2FFITXA%20DEL%20PROFESSOR%2FFITXA%2026%2D27%2FSessi%C3%B3%2023%2D01%2D26%2FPresentaci%C3%B3%20sessi%C3%B3%2023012026%2Emp4&amp;ga=1&amp;referrer=StreamWebApp%2EWeb&amp;referrerScenario=AddressBarCopied%2Eview%2E44084991%2D4175%2D43ce%2D9d98%2Df837eda4c49d\">mp4<\/a>)<\/li>\n\n\n\n<li>Torn preguntes (<a href=\"https:\/\/uab.sharepoint.com\/:v:\/s\/OGD\/IQBR_r7TpzT4QLmD9FaicRlaATwi5rdOFfZOqKbGBdXXpVE?e=ZrEcYT\" data-type=\"link\" data-id=\"https:\/\/uab.sharepoint.com\/:v:\/s\/OGD\/IQBR_r7TpzT4QLmD9FaicRlaATwi5rdOFfZOqKbGBdXXpVE?e=ZrEcYT\">mp4<\/a>)<\/li>\n<\/ul>\n\n\n\n<p><\/p>\n","protected":false},"excerpt":{"rendered":"<p>Sessi\u00f3 informativa de 23 de gener de 2026 sobre la fitxa 26-27 Presentaci\u00f3 (pdf) Gravaci\u00f3 sessi\u00f3<\/p>\n","protected":false},"author":1175,"featured_media":499,"parent":0,"menu_order":0,"comment_status":"closed","ping_status":"closed","template":"","meta":{"footnotes":""},"class_list":["post-498","page","type-page","status-publish","has-post-thumbnail","hentry"],"_links":{"self":[{"href":"https:\/\/webs.uab.cat\/ogd\/wp-json\/wp\/v2\/pages\/498","targetHints":{"allow":["GET"]}}],"collection":[{"href":"https:\/\/webs.uab.cat\/ogd\/wp-json\/wp\/v2\/pages"}],"about":[{"href":"https:\/\/webs.uab.cat\/ogd\/wp-json\/wp\/v2\/types\/page"}],"author":[{"embeddable":true,"href":"https:\/\/webs.uab.cat\/ogd\/wp-json\/wp\/v2\/users\/1175"}],"replies":[{"embeddable":true,"href":"https:\/\/webs.uab.cat\/ogd\/wp-json\/wp\/v2\/comments?post=498"}],"version-history":[{"count":14,"href":"https:\/\/webs.uab.cat\/ogd\/wp-json\/wp\/v2\/pages\/498\/revisions"}],"predecessor-version":[{"id":610,"href":"https:\/\/webs.uab.cat\/ogd\/wp-json\/wp\/v2\/pages\/498\/revisions\/610"}],"wp:featuredmedia":[{"embeddable":true,"href":"https:\/\/webs.uab.cat\/ogd\/wp-json\/wp\/v2\/media\/499"}],"wp:attachment":[{"href":"https:\/\/webs.uab.cat\/ogd\/wp-json\/wp\/v2\/media?parent=498"}],"curies":[{"name":"wp","href":"https:\/\/api.w.org\/{rel}","templated":true}]}}