{"id":545,"date":"2025-12-04T18:11:57","date_gmt":"2025-12-04T16:11:57","guid":{"rendered":"https:\/\/webs.uab.cat\/ogd\/?page_id=545"},"modified":"2025-12-04T18:19:31","modified_gmt":"2025-12-04T16:19:31","slug":"idiomes","status":"publish","type":"page","link":"https:\/\/webs.uab.cat\/ogd\/idiomes\/","title":{"rendered":"Idiomes"},"content":{"rendered":"\n<h2 class=\"wp-block-heading\"><strong>No em surten informats tots els coneixements d\u2019idiomes<\/strong><\/h2>\n\n\n\n<p>Les dades relacionades amb el coneixement d&#8217;idiomes es gestionen des de l\u2019\u00c0rea de Gesti\u00f3 de Persones.<\/p>\n\n\n\n<p>Si en falta alguna heu de fer arribar una c\u00f2pia del document que el certifiqui (pdf) de a trav\u00e9s del\u00a0<a href=\"https:\/\/tiquets.uab.cat\/servicedesk\/customer\/portal\/21\/create\/428\">formulari<\/a>\u00a0(tipus incid\u00e8ncia\u00a0<em>Certificats de Lleng\u00fces<\/em>).<\/p>\n\n\n\n<p>Un cop quedi registrada a la seva base de dades i s\u2019actualitzin les dades al DATA, apareixer\u00e0 en l\u2019apartat corresponent de la fitxa.<\/p>\n","protected":false},"excerpt":{"rendered":"<p>No em surten informats tots els coneixements d\u2019idiomes Les dades relacionades amb el coneixement d&#8217;idiomes es gestionen des de l\u2019\u00c0rea de Gesti\u00f3 de Persones. Si en falta alguna heu de fer arribar una c\u00f2pia del document que el certifiqui (pdf) de a trav\u00e9s del\u00a0formulari\u00a0(tipus incid\u00e8ncia\u00a0Certificats de Lleng\u00fces). Un cop quedi registrada a la seva base [&hellip;]<\/p>\n","protected":false},"author":1175,"featured_media":0,"parent":0,"menu_order":0,"comment_status":"closed","ping_status":"closed","template":"","meta":{"footnotes":""},"class_list":["post-545","page","type-page","status-publish","hentry"],"_links":{"self":[{"href":"https:\/\/webs.uab.cat\/ogd\/wp-json\/wp\/v2\/pages\/545","targetHints":{"allow":["GET"]}}],"collection":[{"href":"https:\/\/webs.uab.cat\/ogd\/wp-json\/wp\/v2\/pages"}],"about":[{"href":"https:\/\/webs.uab.cat\/ogd\/wp-json\/wp\/v2\/types\/page"}],"author":[{"embeddable":true,"href":"https:\/\/webs.uab.cat\/ogd\/wp-json\/wp\/v2\/users\/1175"}],"replies":[{"embeddable":true,"href":"https:\/\/webs.uab.cat\/ogd\/wp-json\/wp\/v2\/comments?post=545"}],"version-history":[{"count":2,"href":"https:\/\/webs.uab.cat\/ogd\/wp-json\/wp\/v2\/pages\/545\/revisions"}],"predecessor-version":[{"id":554,"href":"https:\/\/webs.uab.cat\/ogd\/wp-json\/wp\/v2\/pages\/545\/revisions\/554"}],"wp:attachment":[{"href":"https:\/\/webs.uab.cat\/ogd\/wp-json\/wp\/v2\/media?parent=545"}],"curies":[{"name":"wp","href":"https:\/\/api.w.org\/{rel}","templated":true}]}}