{"id":149,"date":"2010-07-06T11:44:04","date_gmt":"2010-07-06T09:44:04","guid":{"rendered":"https:\/\/webs.uab.cat\/oic\/ibero-american-space-collection\/"},"modified":"2010-07-06T11:44:04","modified_gmt":"2010-07-06T09:44:04","slug":"ibero-american-space-collection","status":"publish","type":"page","link":"https:\/\/webs.uab.cat\/oic\/en\/ibero-american-space-collection\/","title":{"rendered":"Ibero-american-space-collection"},"content":{"rendered":"<h2>Ibero-American Space Collection<\/h2>\n<p style=\"text-align: left;\"><em>La comunicaci\u00f3n mundo. Releer un mundo trasformado por las comunicaciones<\/em>. Por <strong>Antonio Pasquali<\/strong>. A\u00f1o 2011. Editorial Comunicaci\u00f3n Social (Zamora, Espa\u00f1a). ISBN: 978-84-92860-21-0.<\/p>\n<p><span class=\"inline inline-left\"><span class=\"inline inline-left\"><img loading=\"lazy\" decoding=\"async\" class=\"image image-preview \" src=\"http:\/\/centresderecerca.uab.cat\/oic\/sites\/centresderecerca.uab.cat.oic\/files\/images\/978-84-92860-21-0_2D.jpg\" alt=\"\" width=\"143\" height=\"200\"><\/span><\/span><\/p>\n<p style=\"text-align: justify;\">&nbsp;<\/p>\n<p style=\"text-align: justify;\">The first book in the series is written by Antonio Pasquali, one of the most respected communication researchers in Latin America. His work is an invitation to rethink the human world from the perspective of communication. The author defines our era as the age of communication. The current abundance of communications based on the Internet, with its democratic nature, decreasing costs and its universality, have substantially reformed trade, education and politics. Antonio Pasquali studies the process of change from a communicative perspective such as the revolution imposed by the binary code against the linear, the city as the human space of social relationships, the education in the electronic age, and freedom of expression, etc.<\/p>\n<p style=\"text-align: justify;\">&nbsp;<\/p>\n<hr>\n<p>&nbsp;<\/p>\n<p style=\"text-align: left;\"><em>Comunicaci\u00f3n Pol\u00edtica en M\u00e9xico. Retos y desaf\u00edos ante el proceso democratizador global<\/em>. Por <strong>Norma Pareja S\u00e1nchez<\/strong> y <strong>Silvia Molina y Vedia<\/strong> (coordinadoras). A\u00f1o 2011. Editorial Comunicaci\u00f3n Social (Zamora, Espa\u00f1a). ISBN: 978-84-92860-17-3.<\/p>\n<p style=\"text-align: justify;\"><span class=\"inline inline-left\"><span class=\"inline inline-left\"><img loading=\"lazy\" decoding=\"async\" class=\"image image-preview \" src=\"http:\/\/centresderecerca.uab.cat\/oic\/sites\/centresderecerca.uab.cat.oic\/files\/images\/978-84-92860-17-3_2D.jpg\" alt=\"\" width=\"143\" height=\"200\"><\/span>The second volume of this book collection, sponsored by the Ibero-American Observatory of Communication, deals with Political Communication in Mexico. This work is coordinated by Professors Norma Sanchez and Silvia Molina Vedia. The book addresses issues related to the inertia of an authoritarian political system in coexistence with the new democratic values. It is structured around three themes (political communication and elections, political communication strategies, and political communication and the relationship between Mexico and the United States), with contributions from members of the research group of political communication &nbsp;at Mexican Association of Communication Researchers.<\/span><\/p>\n<p>&nbsp;<\/p>\n<p>&nbsp;<\/p>\n<hr>\n<p>&nbsp;<\/p>\n<p style=\"text-align: left;\"><em>Qu\u00e9 pasa con el estudio de los medios. Di\u00e1logo con las Ciencias Sociales en Iberoam\u00e9rica<\/em> Por <strong>Ra\u00fal Fuentes Navarro, Enrique E. S\u00e1nchez Ruiz y Ra\u00fal Trejo Delarbre<\/strong>. A\u00f1o 2011. Editorial Comunicaci\u00f3n Social (Zamora, Espa\u00f1a). ISBN: 978-84-96082-75-5.<\/p>\n<p style=\"text-align: justify;\"><span class=\"inline inline-left\"><img loading=\"lazy\" decoding=\"async\" class=\"image image-preview \" style=\"float: left;\" src=\"http:\/\/centresderecerca.uab.cat\/oic\/sites\/centresderecerca.uab.cat.oic\/files\/images\/978-84-96082-75-5_2D.jpg\" alt=\"\" width=\"143\" height=\"200\">This books presents the debate about the identity of media studies as an academic discipline. Three authors of proven solvency are responsible for such dialogue: Raul Fuentes presents recent data from an update of the hypothesis of the Triple Marginalization of communication studies- or media- and its academic dimension; Raul Trejo enters into a fascinating tour that shows how literature has been considered the main object of study for communication scholars even before that the media academic field acquired its current institutional identity; and Enrique E. Sanchez, meanwhile, discusses the ideological paradigm shifts that have dominated the Social Sciences in Latin America, from the sixties to the present, emphasizing the need for interaction between media studies and Social Sciences under the multiple dimensions of such studies.<\/span><\/p>\n<p style=\"text-align: justify;\"><span class=\"inline inline-left\"><br \/><\/span><\/p>\n<p style=\"text-align: justify;\"><span class=\"inline inline-left\"><br \/><\/span><\/p>\n<hr>\n<p style=\"text-align: justify;\"><em style=\"font-size: 13px;\"><br \/><\/em><\/p>\n<p style=\"text-align: justify;\"><em style=\"font-size: 13px;\">Pol\u00edticas de comunica\u00e7\u00f5es. Um estudo comparado: Brasil, Espanha, Estados Unidos, M\u00e9xico e Venezuela<\/em><span style=\"line-height: 21.111112594604492px;\"> Por&nbsp;<\/span><strong style=\"font-size: 13px;\">Sayonara Leal, Murilo C\u00e9sar Ramos y Elen Gerlades<\/strong><span style=\"line-height: 21.111112594604492px;\"> (orgs.). A\u00f1o 2013.&nbsp;<\/span><span style=\"line-height: 21.111112594604492px;\">Editorial Comunicaci\u00f3n Social (Zamora, Espa\u00f1a). ISBN: 978-84-15544-24-1.<\/span><\/p>\n<p><span class=\"inline inline-left\"><img loading=\"lazy\" decoding=\"async\" class=\"image image-preview \" style=\"float: left;\" title=\"\" src=\"http:\/\/centresderecerca.uab.cat\/oic\/sites\/centresderecerca.uab.cat.oic\/files\/images\/Colecci\u00f3n%20Espacio%20Iberoamericano%20N\u00ba%206%20web.jpg\" alt=\"\" width=\"143\" height=\"200\"><\/span><\/p>\n<p style=\"text-align: justify;\">The conceptualization of communication public policy refers to the discussion of the relations between the state, the media and civil society. Historically, modern state institutions linked the definition of policies, among which are those of communication, with economic actors. Indeed, the implementation of these policies creates regulatory environments capable of solving the problems of imperfect markets, while correcting the abuses caused by economic agents through the complex relationships between regulation, democracy and capitalism.<\/p>\n<p style=\"text-align: justify;\">This work, developed by the Laboratory for Communication Policy (LaPCom) at the University of Brasilia, reveals the effort to build a regional and comparative empirical study, based on fundamental aspects such as: the relationship of the State with the media, the public participation in the planning of the communication, the mechanisms to encourage the presence of social actors in the public debate, and formulation of public policies focused on the development of new media.<\/p>\n<p style=\"text-align: justify;\">&nbsp;<\/p>\n<hr>\n<p style=\"text-align: justify;\">&nbsp;<\/p>\n<p><span><em>Matrices culturales del neoliberalismno: una odisea barroca<\/em> Por&nbsp;<\/span><strong>Eliseo R. Col\u00f3n Zayas<\/strong><span>. A\u00f1o 2013.&nbsp;<\/span><span>Editorial Comunicaci\u00f3n Social (Zamora, Espa\u00f1a). ISBN: 978-84-15544-41-8.<\/span><\/p>\n<p style=\"text-align: justify;\"><span class=\"inline inline-left\"><img loading=\"lazy\" decoding=\"async\" class=\"image image-_original \" title=\"\" src=\"http:\/\/centresderecerca.uab.cat\/oic\/sites\/centresderecerca.uab.cat.oic\/files\/images\/Colecci\u00f3n Espacio Iberoamericano. Eliseo Colon_0.jpg\" alt=\"\" width=\"143\" height=\"200\"><\/span>Contemporary research interprets the Baroque as a cultural phenomenon that arises in a specific historical situation and covers the breadth of cultural diversity through the chronological limits. While we can speak of different historical periods, each with a particular set of cultural phenomena and specific historical situation, it is possible to identify and describe a baroque culture fluid, which is not limited to a specific point in history, but that diachronically through to the present. In this sense, for example, the melodrama and the melodramatic, though they articulate sentimental proposal of modernity, work today as rhetorical mechanisms in the construction of a neoliberal populist culture based on a distinct market consumerism and a radical individual liberalism.&nbsp;<\/p>\n<p style=\"text-align: justify;\"><span class=\"inline inline-left\"><span><br \/><\/span><\/span><\/p>\n<p><script type=\"text\/javascript\">\/\/ <![CDATA[\nvar _gaq = _gaq || [];\n  _gaq.push(['_setAccount', 'UA-21721731-1']);\n  _gaq.push(['_trackPageview']);\n\n  (function() {\n    var ga = document.createElement('script'); ga.type = 'text\/javascript'; ga.async = true;\n    ga.src = ('https:' == document.location.protocol ? 'https:\/\/ssl' : 'http:\/\/www') + '.google-analytics.com\/ga.js';\n    var s = document.getElementsByTagName('script')[0]; s.parentNode.insertBefore(ga, s);\n  })();\n\/\/ ]]><\/script><\/p>\n","protected":false},"excerpt":{"rendered":"<p>Ibero-American Space Collection La comunicaci\u00f3n mundo. Releer un mundo trasformado por las comunicaciones. Por Antonio Pasquali. A\u00f1o 2011. Editorial Comunicaci\u00f3n Social (Zamora, Espa\u00f1a). ISBN: 978-84-92860-21-0. &nbsp; The first book in the series is written by Antonio Pasquali, one of the most respected communication researchers in Latin America. His work is an invitation to rethink the [&hellip;]<\/p>\n","protected":false},"author":20,"featured_media":0,"parent":0,"menu_order":0,"comment_status":"closed","ping_status":"closed","template":"","meta":{"footnotes":""},"class_list":["post-149","page","type-page","status-publish","hentry"],"_links":{"self":[{"href":"https:\/\/webs.uab.cat\/oic\/en\/wp-json\/wp\/v2\/pages\/149","targetHints":{"allow":["GET"]}}],"collection":[{"href":"https:\/\/webs.uab.cat\/oic\/en\/wp-json\/wp\/v2\/pages"}],"about":[{"href":"https:\/\/webs.uab.cat\/oic\/en\/wp-json\/wp\/v2\/types\/page"}],"author":[{"embeddable":true,"href":"https:\/\/webs.uab.cat\/oic\/en\/wp-json\/wp\/v2\/users\/20"}],"replies":[{"embeddable":true,"href":"https:\/\/webs.uab.cat\/oic\/en\/wp-json\/wp\/v2\/comments?post=149"}],"version-history":[{"count":0,"href":"https:\/\/webs.uab.cat\/oic\/en\/wp-json\/wp\/v2\/pages\/149\/revisions"}],"wp:attachment":[{"href":"https:\/\/webs.uab.cat\/oic\/en\/wp-json\/wp\/v2\/media?parent=149"}],"curies":[{"name":"wp","href":"https:\/\/api.w.org\/{rel}","templated":true}]}}