{"id":154,"date":"2010-07-06T11:53:18","date_gmt":"2010-07-06T09:53:18","guid":{"rendered":"https:\/\/webs.uab.cat\/oic\/upcoming-titles\/"},"modified":"2010-07-06T11:53:18","modified_gmt":"2010-07-06T09:53:18","slug":"upcoming-titles","status":"publish","type":"page","link":"https:\/\/webs.uab.cat\/oic\/en\/upcoming-titles\/","title":{"rendered":"Upcoming-titles"},"content":{"rendered":"<h2>Upcoming titles<\/h2>\n<div style=\"left: -10000px; top: 0px; width: 1px; height: 1px; position: absolute; overflow-x: hidden; overflow-y: hidden;\" id=\"_mcePaste\">DOCENCIA<\/div>\n<div style=\"left: -10000px; top: 0px; width: 1px; height: 1px; position: absolute; overflow-x: hidden; overflow-y: hidden;\" id=\"_mcePaste\">Los investigadores del OIC imparten docencia universitaria en titulaciones de grado de Comunicaci\u00f3n y Ciencias Sociales (Periodismo, Comunicaci\u00f3n Audiovisual y Publicidad y Relaciones P\u00fablicas\u2026). Las \u00e1reas preferentes de docencia se encuentran principalmente en el \u00e1mbito de las Teor\u00edas, Estructura y Pol\u00edticas de Comunicaci\u00f3n.&nbsp;<\/div>\n<div style=\"left: -10000px; top: 0px; width: 1px; height: 1px; position: absolute; overflow-x: hidden; overflow-y: hidden;\" id=\"_mcePaste\">En los estudios de posgrado (M\u00e1ster y Doctorado) los investigadores del OIC coordinan m\u00f3dulos especializados en \u2018Estructura y Pol\u00edticas de Comunicaci\u00f3n\u2019, en temas europeos, iberoamericanos y de pa\u00edses emergentes. Estas \u00e1reas docentes acogen cada a\u00f1o estudiantes nacionales e internacionales que realizan investigaciones de M\u00e1ster y\/o Doctorado.&nbsp;<\/div>\n<div style=\"left: -10000px; top: 0px; width: 1px; height: 1px; position: absolute; overflow-x: hidden; overflow-y: hidden;\" id=\"_mcePaste\">El equipo docente del OIC imparte cursos y seminarios como profesores invitados en diversas universidades espa\u00f1olas, europeas y latinoamericanas.&nbsp;<\/div>\n<div style=\"left: -10000px; top: 0px; width: 1px; height: 1px; position: absolute; overflow-x: hidden; overflow-y: hidden;\" id=\"_mcePaste\">El OIC tiene una especial preocupaci\u00f3n por las metodolog\u00edas docentes aplicadas al aprendizaje aut\u00f3nomo y el desarrollo de competencias. En este sentido, se han realizado varios estudios e informes sobre esta tem\u00e1tica.<\/div>\n<p><span style=\"line-height: 20px;\">&nbsp;&nbsp;&nbsp;&nbsp;\u00bb&nbsp;Espacio Iberoamericano N\u00ba 6.&nbsp;<\/span><em>El espacio audiovisual iberoamericano<\/em><span style=\"line-height: 20px;\">. Por<strong>&nbsp;Marcial Murciano<\/strong>&nbsp;(Coord.)<strong>.<\/strong><\/span><span style=\"line-height: 20px;\">&nbsp;A\u00f1o&nbsp;2013.<\/span><\/p>\n","protected":false},"excerpt":{"rendered":"<p>Upcoming titles DOCENCIA Los investigadores del OIC imparten docencia universitaria en titulaciones de grado de Comunicaci\u00f3n y Ciencias Sociales (Periodismo, Comunicaci\u00f3n Audiovisual y Publicidad y Relaciones P\u00fablicas\u2026). Las \u00e1reas preferentes de docencia se encuentran principalmente en el \u00e1mbito de las Teor\u00edas, Estructura y Pol\u00edticas de Comunicaci\u00f3n.&nbsp; En los estudios de posgrado (M\u00e1ster y Doctorado) los [&hellip;]<\/p>\n","protected":false},"author":20,"featured_media":0,"parent":0,"menu_order":0,"comment_status":"closed","ping_status":"closed","template":"","meta":{"footnotes":""},"class_list":["post-154","page","type-page","status-publish","hentry"],"_links":{"self":[{"href":"https:\/\/webs.uab.cat\/oic\/en\/wp-json\/wp\/v2\/pages\/154","targetHints":{"allow":["GET"]}}],"collection":[{"href":"https:\/\/webs.uab.cat\/oic\/en\/wp-json\/wp\/v2\/pages"}],"about":[{"href":"https:\/\/webs.uab.cat\/oic\/en\/wp-json\/wp\/v2\/types\/page"}],"author":[{"embeddable":true,"href":"https:\/\/webs.uab.cat\/oic\/en\/wp-json\/wp\/v2\/users\/20"}],"replies":[{"embeddable":true,"href":"https:\/\/webs.uab.cat\/oic\/en\/wp-json\/wp\/v2\/comments?post=154"}],"version-history":[{"count":0,"href":"https:\/\/webs.uab.cat\/oic\/en\/wp-json\/wp\/v2\/pages\/154\/revisions"}],"wp:attachment":[{"href":"https:\/\/webs.uab.cat\/oic\/en\/wp-json\/wp\/v2\/media?parent=154"}],"curies":[{"name":"wp","href":"https:\/\/api.w.org\/{rel}","templated":true}]}}