{"id":173,"date":"2010-06-22T15:32:22","date_gmt":"2010-06-22T13:32:22","guid":{"rendered":"https:\/\/webs.uab.cat\/oic\/projects\/"},"modified":"2010-07-06T14:46:37","modified_gmt":"2010-07-06T12:46:37","slug":"projects","status":"publish","type":"page","link":"https:\/\/webs.uab.cat\/oic\/en\/projects\/","title":{"rendered":"Projects"},"content":{"rendered":"<p>The OIC and its associated networks work in the development of projects within the National System of Science, Technology and Innovation, as well as studies supported by national and international agencies:<\/p>\n<table align=\"center\" border=\"1\" class=\"rootcandyspan\" style=\"border:1px solid rgb(255, 255, 255); width:100%\">\n<thead>\n\t<\/thead>\n<tbody>\n<tr>\n<th style=\"background-color:rgb(0, 102, 102)\"><strong><span style=\"color:white\">Reference<\/span><\/strong><\/th>\n<th style=\"background-color:rgb(0, 102, 102)\"><strong><span style=\"color:white\">Title<\/span><\/strong><\/th>\n<th style=\"background-color:rgb(0, 102, 102)\"><strong><span style=\"color:white\">Funding<\/span><\/strong><\/th>\n<\/tr>\n<tr>\n<td style=\"background-color:rgb(220, 220, 220); width:182px\"><a href=\"http:\/\/centresderecerca.uab.cat\/oic\/en\/content\/esptv-presentation\">CSO2017-82277-R<\/a><\/td>\n<td style=\"background-color:rgb(220, 220, 220); width:599px\"><em>Challenges for Public Service Television in Spain towards the EU Digital Single Market: Multi-Screen Strategies, Innovation, and Renewal of Public Service Mandates<\/em><\/td>\n<td style=\"background-color:rgb(220, 220, 220); width:351px\">Ministerio de Ciencia, Innovaci\u00f3n y Universidades<\/td>\n<\/tr>\n<tr>\n<td style=\"background-color:#b0c4de\"><a href=\"http:\/\/centresderecerca.uab.cat\/oic\/en\/content\/cultural-creative-industries-spain-presentation\">CSO2013-42822R<\/a><\/td>\n<td style=\"background-color:#b0c4de\"><em>Cultural and creative industries in Spain<\/em><\/td>\n<td style=\"background-color:#b0c4de\">Ministerio de Econom\u00eda, Industria y Competitividad<\/td>\n<\/tr>\n<tr>\n<td style=\"background-color:#dcdcdc\"><a href=\"http:\/\/centresderecerca.uab.cat\/oic\/en\/content\/policies-public-information-society-spain\">CSO2008\/00587<\/a><\/td>\n<td style=\"background-color:#dcdcdc\"><em>Policies for strengthening Information Society in Spain: evaluation of strategies and actions in nine regional systems<\/em><\/td>\n<td style=\"background-color:#dcdcdc\">Ministerio de Ciencia e Innovaci\u00f3n<\/td>\n<\/tr>\n<tr>\n<td style=\"background-color:#b0c4de\"><a href=\"http:\/\/centresderecerca.uab.cat\/oic\/content\/resumen-0\">CF181137<\/a><\/td>\n<td style=\"background-color:#b0c4de\"><em>La prensa y la cooperaci\u00f3n internacional. Cobertura de la cooperaci\u00f3n para el desarrollo en nueve diarios europeos <\/em><\/td>\n<td style=\"background-color:#b0c4de\">AECID-Espa\u00f1a &amp; IPS-Roma<\/td>\n<\/tr>\n<tr>\n<td style=\"background-color:#dcdcdc\"><a href=\"http:\/\/centresderecerca.uab.cat\/oic\/content\/resumensec2003\">SEC2003\/07024<\/a><\/td>\n<td style=\"background-color:#dcdcdc\"><em>Nueva tecnolog\u00eda de la informaci\u00f3n y cambio comunicativo en las comunidades aut\u00f3nomas espa\u00f1olas<\/em><\/td>\n<td style=\"background-color:#dcdcdc\">Ministerio de Educaci\u00f3n y Ciencia<\/td>\n<\/tr>\n<tr>\n<td style=\"background-color:#b0c4de\"><a href=\"http:\/\/centresderecerca.uab.cat\/oic\/content\/presentacionlibroblanco\">CI201347<\/a><\/td>\n<td style=\"background-color:#b0c4de\"><em>Libro blanco de los t\u00edtulos de grado en Ciencias de la Comunicaci\u00f3n<\/em><\/td>\n<td style=\"background-color:#b0c4de\">Agencia Nacional de Evaluaci\u00f3n de la Calidad y Acreditaci\u00f3n (ANECA)<\/td>\n<\/tr>\n<\/tbody>\n<\/table>\n<p>&nbsp;<\/p>\n","protected":false},"excerpt":{"rendered":"<p>The OIC and its associated networks work in the development of projects within the National System of Science, Technology and Innovation, as well as studies supported by national and international agencies: Reference Title Funding CSO2017-82277-R Challenges for Public Service Television in Spain towards the EU Digital Single Market: Multi-Screen Strategies, Innovation, and Renewal of Public [&hellip;]<\/p>\n","protected":false},"author":20,"featured_media":0,"parent":0,"menu_order":0,"comment_status":"closed","ping_status":"closed","template":"","meta":{"footnotes":""},"class_list":["post-173","page","type-page","status-publish","hentry"],"_links":{"self":[{"href":"https:\/\/webs.uab.cat\/oic\/en\/wp-json\/wp\/v2\/pages\/173","targetHints":{"allow":["GET"]}}],"collection":[{"href":"https:\/\/webs.uab.cat\/oic\/en\/wp-json\/wp\/v2\/pages"}],"about":[{"href":"https:\/\/webs.uab.cat\/oic\/en\/wp-json\/wp\/v2\/types\/page"}],"author":[{"embeddable":true,"href":"https:\/\/webs.uab.cat\/oic\/en\/wp-json\/wp\/v2\/users\/20"}],"replies":[{"embeddable":true,"href":"https:\/\/webs.uab.cat\/oic\/en\/wp-json\/wp\/v2\/comments?post=173"}],"version-history":[{"count":0,"href":"https:\/\/webs.uab.cat\/oic\/en\/wp-json\/wp\/v2\/pages\/173\/revisions"}],"wp:attachment":[{"href":"https:\/\/webs.uab.cat\/oic\/en\/wp-json\/wp\/v2\/media?parent=173"}],"curies":[{"name":"wp","href":"https:\/\/api.w.org\/{rel}","templated":true}]}}