{"id":176,"date":"2010-07-06T14:48:48","date_gmt":"2010-07-06T12:48:48","guid":{"rendered":"https:\/\/webs.uab.cat\/oic\/presentation-itc\/"},"modified":"2010-07-06T14:48:48","modified_gmt":"2010-07-06T12:48:48","slug":"presentation-itc","status":"publish","type":"page","link":"https:\/\/webs.uab.cat\/oic\/en\/presentation-itc\/","title":{"rendered":"Implantaci\u00f3n de las TIC en las comunidades aut\u00f3nomas espa\u00f1olas"},"content":{"rendered":"<p>La investigaci\u00f3n <em>Nueva tecnolog\u00eda de la informaci\u00f3n y cambio comunicativo en las comunidades aut\u00f3nomas espa\u00f1olas<\/em> ha sido realizada por las universidades Aut\u00f3noma de Barcelona (coordinadora del proyecto), de Alicante, de M\u00e1laga, de Santiago de Compostela, del Pa\u00eds Vasco y Europea de Madrid, en el marco del programa de ayudas a Proyectos de Investigaci\u00f3n Cient\u00edfica y Desarrollo Tecnol\u00f3gico del Ministerio de Educaci\u00f3n y Ciencia (referencia SEC-2003\/07024). Este grupo de investigaci\u00f3n, constituido a partir de la ejecuci\u00f3n del proyecto en red interuniversitaria estable (Red LOCALCOM), ha creado un modelo de indicadores que permite comparar la incidencia de las nuevas tecnolog\u00edas de la informaci\u00f3n y la comunicaci\u00f3n (TIC) en las comunidades aut\u00f3nomas espa\u00f1olas, que eval\u00faa las diferentes realidades locales y que facilita a responsables p\u00fablicos y a empresarios la toma de decisiones en pol\u00edticas de impulso a la Sociedad de la Informaci\u00f3n.<\/p>\n<p>La investigaci\u00f3n analiza el marco de desarrollo de las TIC desde la perspectiva de las comunidades aut\u00f3nomas espa\u00f1olas, entendidas como los nuevos espacios locales. Estas representan un lugar de an\u00e1lisis privilegiado en el \u00e1mbito de las redes o infraestructuras y de la econom\u00eda de las comunicaciones; constituyen adem\u00e1s un espacio innovador y un f\u00e9rtil terreno de investigaci\u00f3n. En este sentido, Espa\u00f1a ha protagonizado uno de los procesos de descentralizaci\u00f3n auton\u00f3mica m\u00e1s avanzados a escala internacional y, en este marco, la investigaci\u00f3n ha establecido el impacto desigual del cambio de las tecnolog\u00edas de la informaci\u00f3n y la comunicaci\u00f3n en las distintas comunidades aut\u00f3nomas espa\u00f1olas, con la mirada puesta en tres actores fundamentales: los ciudadanos, las empresas y la administraci\u00f3n p\u00fablica.<\/p>\n<p>En s\u00edntesis, <strong>la investigaci\u00f3n cuantifica el cambio comunicativo en los diferentes espacios locales analizados<\/strong>. Lo hace a partir del an\u00e1lisis comparativo de las oportunidades, las infraestructuras y los usos que configuran las nuevas relaciones digitales; del estudio de las pol\u00edticas de reequilibrio territorial en tecnolog\u00edas de la informaci\u00f3n y la comunicaci\u00f3n; y de la interpretaci\u00f3n del papel realizado por las instituciones locales y los actores sociales para definir las estrategias en los \u00e1mbitos de las infraestructuras, los contenidos y los servicios.<\/p>\n<p>La investigaci\u00f3n ha afrontado <strong>los siguientes objetivos<\/strong>: construir un modelo conceptual capaz de explicar las circunstancias sociales, econ\u00f3micas, tecnol\u00f3gicas y culturales que impulsan o ralentizan el despliegue de la Sociedad de la Informaci\u00f3n en las comunidades aut\u00f3nomas espa\u00f1olas; establecer un \u00edndice estad\u00edstico para analizar el impacto que sobre el espacio local tiene la difusi\u00f3n de las tecnolog\u00edas de la informaci\u00f3n y la comunicaci\u00f3n; crear un mapa de la situaci\u00f3n de las comunidades aut\u00f3nomas espa\u00f1olas en oportunidades, infraestructuras y usos digitales; describir los distintos modelos auton\u00f3micos de Sociedad de la Informaci\u00f3n y del Conocimiento en relaci\u00f3n con las pol\u00edticas p\u00fablicas de comunicaci\u00f3n; identificar los desequilibrios internos en las diferentes comunidades aut\u00f3nomas estudiadas; analizar la situaci\u00f3n y tendencias de cada uno de los modelos locales abordados en la investigaci\u00f3n.<\/p>\n<p>&nbsp;<\/p>\n","protected":false},"excerpt":{"rendered":"<p>La investigaci\u00f3n Nueva tecnolog\u00eda de la informaci\u00f3n y cambio comunicativo en las comunidades aut\u00f3nomas espa\u00f1olas ha sido realizada por las universidades Aut\u00f3noma de Barcelona (coordinadora del proyecto), de Alicante, de M\u00e1laga, de Santiago de Compostela, del Pa\u00eds Vasco y Europea de Madrid, en el marco del programa de ayudas a Proyectos de Investigaci\u00f3n Cient\u00edfica y [&hellip;]<\/p>\n","protected":false},"author":20,"featured_media":0,"parent":0,"menu_order":0,"comment_status":"closed","ping_status":"closed","template":"","meta":{"footnotes":""},"class_list":["post-176","page","type-page","status-publish","hentry"],"_links":{"self":[{"href":"https:\/\/webs.uab.cat\/oic\/en\/wp-json\/wp\/v2\/pages\/176","targetHints":{"allow":["GET"]}}],"collection":[{"href":"https:\/\/webs.uab.cat\/oic\/en\/wp-json\/wp\/v2\/pages"}],"about":[{"href":"https:\/\/webs.uab.cat\/oic\/en\/wp-json\/wp\/v2\/types\/page"}],"author":[{"embeddable":true,"href":"https:\/\/webs.uab.cat\/oic\/en\/wp-json\/wp\/v2\/users\/20"}],"replies":[{"embeddable":true,"href":"https:\/\/webs.uab.cat\/oic\/en\/wp-json\/wp\/v2\/comments?post=176"}],"version-history":[{"count":0,"href":"https:\/\/webs.uab.cat\/oic\/en\/wp-json\/wp\/v2\/pages\/176\/revisions"}],"wp:attachment":[{"href":"https:\/\/webs.uab.cat\/oic\/en\/wp-json\/wp\/v2\/media?parent=176"}],"curies":[{"name":"wp","href":"https:\/\/api.w.org\/{rel}","templated":true}]}}