{"id":417,"date":"2011-02-18T20:50:11","date_gmt":"2011-02-18T18:50:11","guid":{"rendered":"https:\/\/webs.uab.cat\/oic\/grupo-gii-2\/"},"modified":"2022-10-05T13:55:59","modified_gmt":"2022-10-05T11:55:59","slug":"grupo-gii-2","status":"publish","type":"page","link":"https:\/\/webs.uab.cat\/oic\/en\/grupo-gii-2\/","title":{"rendered":"Grupo de Investigaciones sobre la Informaci\u00f3n"},"content":{"rendered":"\n<div class=\"wp-block-media-text alignwide is-stacked-on-mobile\" style=\"grid-template-columns:30% auto\"><figure class=\"wp-block-media-text__media\"><img decoding=\"async\" src=\"http:\/\/centresderecerca.uab.cat\/oic\/sites\/centresderecerca.uab.cat.oic\/files\/images\/Logo%20GII%20modificado.png\" alt=\"\"\/><\/figure><div class=\"wp-block-media-text__content\">\n<p class=\"has-small-font-size\">\u00a0The Research Group on Information (GII in Spanish) is affiliated to the Ibero-American Observatory of Communication at the Autonomous University of Barcelona. Its members are faculty professors from two Spanish universities: the Autonomous University of Barcelona (Marcial Murciano, Carmina Crusafon, Olga Del Rio, Carlos Gonzalez and Fernando Sab\u00e9s) and the Universidad Complutense de Madrid (Pinar Agud\u00edez, Rafael Diaz, Ramon Garcia, Raquel Mart\u00ednez, Sergio Pr\u00edncipe and Elena Real). The GII has experience in the study of the coverage of cooperation development in the European elite press and collaborates with the international news agency, Inter Press Service (IPS), and the Spanish Agency for International Cooperation for Development.<\/p>\n<\/div><\/div>\n\n\n\n<p><\/p>\n","protected":false},"excerpt":{"rendered":"<p>\u00a0The Research Group on Information (GII in Spanish) is affiliated to the Ibero-American Observatory of Communication at the Autonomous University of Barcelona. Its members are faculty professors from two Spanish universities: the Autonomous University of Barcelona (Marcial Murciano, Carmina Crusafon, Olga Del Rio, Carlos Gonzalez and Fernando Sab\u00e9s) and the Universidad Complutense de Madrid (Pinar [&hellip;]<\/p>\n","protected":false},"author":20,"featured_media":0,"parent":0,"menu_order":0,"comment_status":"closed","ping_status":"closed","template":"","meta":{"footnotes":""},"class_list":["post-417","page","type-page","status-publish","hentry"],"_links":{"self":[{"href":"https:\/\/webs.uab.cat\/oic\/en\/wp-json\/wp\/v2\/pages\/417","targetHints":{"allow":["GET"]}}],"collection":[{"href":"https:\/\/webs.uab.cat\/oic\/en\/wp-json\/wp\/v2\/pages"}],"about":[{"href":"https:\/\/webs.uab.cat\/oic\/en\/wp-json\/wp\/v2\/types\/page"}],"author":[{"embeddable":true,"href":"https:\/\/webs.uab.cat\/oic\/en\/wp-json\/wp\/v2\/users\/20"}],"replies":[{"embeddable":true,"href":"https:\/\/webs.uab.cat\/oic\/en\/wp-json\/wp\/v2\/comments?post=417"}],"version-history":[{"count":1,"href":"https:\/\/webs.uab.cat\/oic\/en\/wp-json\/wp\/v2\/pages\/417\/revisions"}],"predecessor-version":[{"id":2469,"href":"https:\/\/webs.uab.cat\/oic\/en\/wp-json\/wp\/v2\/pages\/417\/revisions\/2469"}],"wp:attachment":[{"href":"https:\/\/webs.uab.cat\/oic\/en\/wp-json\/wp\/v2\/media?parent=417"}],"curies":[{"name":"wp","href":"https:\/\/api.w.org\/{rel}","templated":true}]}}