{"id":421,"date":"2011-02-22T17:09:07","date_gmt":"2011-02-22T15:09:07","guid":{"rendered":"https:\/\/webs.uab.cat\/oic\/universidadaustral-2\/"},"modified":"2022-10-05T13:27:45","modified_gmt":"2022-10-05T11:27:45","slug":"universidadaustral-2","status":"publish","type":"page","link":"https:\/\/webs.uab.cat\/oic\/en\/universidadaustral-2\/","title":{"rendered":"Centro de Estudios en Comunicaci\u00f3n Aplicada (CECAP)"},"content":{"rendered":"\n<div class=\"wp-block-media-text alignwide is-stacked-on-mobile has-primary-background-color has-background\" style=\"grid-template-columns:25% auto\"><figure class=\"wp-block-media-text__media\"><img decoding=\"async\" src=\"http:\/\/centresderecerca.uab.cat\/oic\/sites\/centresderecerca.uab.cat.oic\/files\/images\/Universidad%20Austral%20con%20texto%20horizontal.jpg\" alt=\"\"\/><\/figure><div class=\"wp-block-media-text__content\">\n<p class=\"has-small-font-size\">El CECAP es un centro orientado a investigar, asesorar y capacitar, desde la investigaci\u00f3n y la docencia universitarias, sobre cuestiones de comunicaci\u00f3n p\u00fablica. Busca incidir en la generaci\u00f3n de pol\u00edticas justas que provoquen cambios positivos en la sociedad argentina.<\/p>\n<\/div><\/div>\n\n\n\n<p>Objetivos: -Exponer y presentar un an\u00e1lisis estrat\u00e9gico y estructural de la comunicaci\u00f3n p\u00fablica de Argentina y de Am\u00e9rica Latina. -Expandir la investigaci\u00f3n sobre cuestiones de comunicaci\u00f3n con consecuencias sociales, pol\u00edticas, culturales y existenciales en el \u00e1mbito de la Argentina y de Am\u00e9rica Latina, desde una concepci\u00f3n cristiana y realista. -Transformarse en un referente de consulta para el mejoramiento de la calidad de las pol\u00edticas p\u00fablicas, de las estrategias empresariales y de las pr\u00e1cticas de responsabilidad social. -Generar un espacio de reflexi\u00f3n que permita transformar las grandes ideas en pr\u00e1cticas de gesti\u00f3n aplicables.<\/p>\n\n\n\n<p>El CECAP divide su \u00e1mbito de estudio en dos grandes \u00e1reas:<\/p>\n\n\n\n<p><strong>\u00c1rea de Comunicaci\u00f3n Corporativa<\/strong>: El objetivo es obtener una masa cr\u00edtica de informaci\u00f3n emp\u00edrica que permita conocer de manera rigurosa el rol de las comunicaciones como parte de los procesos de gesti\u00f3n de las organizaciones, para contribuir, con ese conocimiento, a identificar las soluciones que la comunicaci\u00f3n puede generar a los problemas de <em>management<\/em>.<br><strong>&nbsp;<\/strong><\/p>\n\n\n\n<p><strong>\u00c1rea de Medios<\/strong>: El objetivo es obtener una masa cr\u00edtica de informaci\u00f3n emp\u00edrica para generar modelos, \u00edndices, criterios, tipolog\u00edas, entre otros resultados, que permitan conocer de manera rigurosa los contenidos y la forma de operar de los medios, para contribuir con ese conocimiento a mejorar su rol en la gesti\u00f3n de los problemas sociales.<\/p>\n\n\n\n<h2 class=\"wp-block-heading\"><strong>Director<\/strong><\/h2>\n\n\n\n<p><a href=\"http:\/\/webs.uab.cat\/oic\/damian-fernandez\">Dr. Dami\u00e1n Fern\u00e1ndez Pedemonte<\/a><\/p>\n\n\n\n<p>Universidad Austral<\/p>\n\n\n\n<p>Facultad de Comunicaci\u00f3n<\/p>\n\n\n\n<p><a href=\"mailto:DFernandez@austral.edu.ar\">DFernandez@austral.edu.ar<\/a><\/p>\n","protected":false},"excerpt":{"rendered":"<p>El CECAP es un centro orientado a investigar, asesorar y capacitar, desde la investigaci\u00f3n y la docencia universitarias, sobre cuestiones de comunicaci\u00f3n p\u00fablica. Busca incidir en la generaci\u00f3n de pol\u00edticas justas que provoquen cambios positivos en la sociedad argentina. Objetivos: -Exponer y presentar un an\u00e1lisis estrat\u00e9gico y estructural de la comunicaci\u00f3n p\u00fablica de Argentina y [&hellip;]<\/p>\n","protected":false},"author":20,"featured_media":0,"parent":0,"menu_order":0,"comment_status":"closed","ping_status":"closed","template":"","meta":{"footnotes":""},"class_list":["post-421","page","type-page","status-publish","hentry"],"_links":{"self":[{"href":"https:\/\/webs.uab.cat\/oic\/en\/wp-json\/wp\/v2\/pages\/421","targetHints":{"allow":["GET"]}}],"collection":[{"href":"https:\/\/webs.uab.cat\/oic\/en\/wp-json\/wp\/v2\/pages"}],"about":[{"href":"https:\/\/webs.uab.cat\/oic\/en\/wp-json\/wp\/v2\/types\/page"}],"author":[{"embeddable":true,"href":"https:\/\/webs.uab.cat\/oic\/en\/wp-json\/wp\/v2\/users\/20"}],"replies":[{"embeddable":true,"href":"https:\/\/webs.uab.cat\/oic\/en\/wp-json\/wp\/v2\/comments?post=421"}],"version-history":[{"count":2,"href":"https:\/\/webs.uab.cat\/oic\/en\/wp-json\/wp\/v2\/pages\/421\/revisions"}],"predecessor-version":[{"id":2429,"href":"https:\/\/webs.uab.cat\/oic\/en\/wp-json\/wp\/v2\/pages\/421\/revisions\/2429"}],"wp:attachment":[{"href":"https:\/\/webs.uab.cat\/oic\/en\/wp-json\/wp\/v2\/media?parent=421"}],"curies":[{"name":"wp","href":"https:\/\/api.w.org\/{rel}","templated":true}]}}