{"id":422,"date":"2011-02-22T17:25:42","date_gmt":"2011-02-22T15:25:42","guid":{"rendered":"https:\/\/webs.uab.cat\/oic\/espm-2\/"},"modified":"2022-10-05T13:31:28","modified_gmt":"2022-10-05T11:31:28","slug":"espm-2","status":"publish","type":"page","link":"https:\/\/webs.uab.cat\/oic\/en\/espm-2\/","title":{"rendered":"Programa de P\u00f3s-Gradua\u00e7\u00e3o em Comunica\u00e7\u00e3o e Pr\u00e1ticas de Consumo (PPGCOM-ESPM)"},"content":{"rendered":"\n<div class=\"wp-block-media-text alignwide is-stacked-on-mobile has-primary-background-color has-background\" style=\"grid-template-columns:30% auto\"><figure class=\"wp-block-media-text__media\"><img decoding=\"async\" src=\"http:\/\/centresderecerca.uab.cat\/oic\/sites\/centresderecerca.uab.cat.oic\/files\/images\/Logo%20ESPM.jpg\" alt=\"\"\/><\/figure><div class=\"wp-block-media-text__content\">\n<p class=\"has-small-font-size\">O Programa de P\u00f3s-Gradua\u00e7\u00e3o em Comunica\u00e7\u00e3o e Pr\u00e1ticas de Consumo da ESPM \u00e9 um Programa de P\u00f3s-Gradua\u00e7\u00e3o Stricto Sensu qualificado pela CAPES e filiado \u00e0 Associa\u00e7\u00e3o Nacional dos Programas de P\u00f3s-Gradua\u00e7\u00e3o em Comunica\u00e7\u00e3o (COMP\u00d3S).<\/p>\n<\/div><\/div>\n\n\n\n<p>Criado em 2006 com o curso de Mestrado Acad\u00eamico em Comunica\u00e7\u00e3o e Pr\u00e1ticas de Consumo, o PPGCOM-ESPM objetiva formar docentes e investigadores de alto n\u00edvel que possam assumir responsabilidades pela execu\u00e7\u00e3o e lideran\u00e7a nas atividades de pesquisa, orienta\u00e7\u00e3o e ensino na \u00e1rea de Comunica\u00e7\u00e3o, com atua\u00e7\u00e3o nacional e internacional.<\/p>\n\n\n\n<p>Seu maior diferencial \u00e9 a especificidade da interface comunica\u00e7\u00e3o-consumo como foco tem\u00e1tico, que o coloca em condi\u00e7\u00e3o de protagonismo nos debates sobre a conjuntura, os limites e as transforma\u00e7\u00f5es das sociedades contempor\u00e2neas. O PPGCOM-ESPM \u00e9 composto por duas grandes linhas de pesquisa:<\/p>\n\n\n\n<h2 class=\"wp-block-heading\"><strong>Processos de recep\u00e7\u00e3o e contextos socioculturais articulados ao consumo:<\/strong><\/h2>\n\n\n\n<p>Nesta linha agregam-se as investiga\u00e7\u00f5es da interface comunica\u00e7\u00e3o\/consumo dedicadas ao plano da recep\u00e7\u00e3o e aos contextos macro-sociais a ela articulados. Estudando as diversas implica\u00e7\u00f5es da comunica\u00e7\u00e3o e do consumo no cotidiano, contempla reflex\u00f5es sobre: recep\u00e7\u00e3o e audi\u00eancias; educa\u00e7\u00e3o; quest\u00f5es geracionais e de classe; novos sens\u00f3rios, regimes de visibilidade, estetiza\u00e7\u00e3o e espet\u00e1culo; apropria\u00e7\u00f5es e re-significa\u00e7\u00f5es das tecnicidades; processos e a\u00e7\u00f5es socioculturais de engajamento caracter\u00edsticos das culturas midi\u00e1ticas e do consumo.<\/p>\n\n\n\n<p>Docente participante da RIEC: Maria Aparecida Baccega<\/p>\n\n\n\n<h2 class=\"wp-block-heading\"><strong>L\u00f3gicas da produ\u00e7\u00e3o e estrat\u00e9gias midi\u00e1ticas articuladas ao consumo:<\/strong><\/h2>\n\n\n\n<p>Nesta linha alinham-se as pesquisas que tratam da interface comunica\u00e7\u00e3o\/consumo a partir da an\u00e1lise das estrat\u00e9gias pertinentes ao plano da produ\u00e7\u00e3o, a\u00ed inclu\u00eddos seus sistemas e processos produtivos, bem como suas narrativas e redes simb\u00f3licas. Estudando as condi\u00e7\u00f5es e l\u00f3gicas de produ\u00e7\u00e3o e suas rela\u00e7\u00f5es com os processos comunicacionais e de consumo que caracterizam a sociedade contempor\u00e2nea, contempla reflex\u00f5es sobre: o mundo do trabalho e suas representa\u00e7\u00f5es; a rela\u00e7\u00e3o entre entretenimento, tecnologias e digitaliza\u00e7\u00e3o da cultura; as po\u00e9ticas e narrativas concernentes ao campo da produ\u00e7\u00e3o, em seus discursos e materialidades; as din\u00e2micas midi\u00e1ticas e de consumo associadas \u00e0 constru\u00e7\u00e3o da identidade e da diferen\u00e7a.<\/p>\n\n\n\n<p>Docente Participante da RIEC: Gisela G. S. Castro<\/p>\n\n\n\n<h2 class=\"wp-block-heading\"><strong>Directoras:<\/strong><\/h2>\n\n\n\n<p><a href=\"http:\/\/webs.uab.cat\/oic\/mariaaparecidabaccega-0\">Dra. Maria Aparecida Baccega<\/a><\/p>\n\n\n\n<p><a href=\"http:\/\/webs.uab.cat\/oic\/gisela-gs-castro\">Dra. Gisela G.S. Castro<\/a><\/p>\n\n\n\n<p>Escola Superior de Propaganda e Marketing (ESPM)<\/p>\n\n\n\n<p>Programa de P\u00f3s-Gradua\u00e7\u00e3o em Comunica\u00e7\u00e3o e Pr\u00e1ticas de Consumo<\/p>\n\n\n\n<p>mbaccega@espm.br<\/p>\n\n\n\n<p>gcastro@espm.br<\/p>\n\n\n\n<p>&nbsp;<\/p>\n\n\n\n<p>&nbsp;<\/p>\n","protected":false},"excerpt":{"rendered":"<p>O Programa de P\u00f3s-Gradua\u00e7\u00e3o em Comunica\u00e7\u00e3o e Pr\u00e1ticas de Consumo da ESPM \u00e9 um Programa de P\u00f3s-Gradua\u00e7\u00e3o Stricto Sensu qualificado pela CAPES e filiado \u00e0 Associa\u00e7\u00e3o Nacional dos Programas de P\u00f3s-Gradua\u00e7\u00e3o em Comunica\u00e7\u00e3o (COMP\u00d3S). Criado em 2006 com o curso de Mestrado Acad\u00eamico em Comunica\u00e7\u00e3o e Pr\u00e1ticas de Consumo, o PPGCOM-ESPM objetiva formar docentes e [&hellip;]<\/p>\n","protected":false},"author":20,"featured_media":0,"parent":0,"menu_order":0,"comment_status":"closed","ping_status":"closed","template":"","meta":{"footnotes":""},"class_list":["post-422","page","type-page","status-publish","hentry"],"_links":{"self":[{"href":"https:\/\/webs.uab.cat\/oic\/en\/wp-json\/wp\/v2\/pages\/422","targetHints":{"allow":["GET"]}}],"collection":[{"href":"https:\/\/webs.uab.cat\/oic\/en\/wp-json\/wp\/v2\/pages"}],"about":[{"href":"https:\/\/webs.uab.cat\/oic\/en\/wp-json\/wp\/v2\/types\/page"}],"author":[{"embeddable":true,"href":"https:\/\/webs.uab.cat\/oic\/en\/wp-json\/wp\/v2\/users\/20"}],"replies":[{"embeddable":true,"href":"https:\/\/webs.uab.cat\/oic\/en\/wp-json\/wp\/v2\/comments?post=422"}],"version-history":[{"count":1,"href":"https:\/\/webs.uab.cat\/oic\/en\/wp-json\/wp\/v2\/pages\/422\/revisions"}],"predecessor-version":[{"id":2434,"href":"https:\/\/webs.uab.cat\/oic\/en\/wp-json\/wp\/v2\/pages\/422\/revisions\/2434"}],"wp:attachment":[{"href":"https:\/\/webs.uab.cat\/oic\/en\/wp-json\/wp\/v2\/media?parent=422"}],"curies":[{"name":"wp","href":"https:\/\/api.w.org\/{rel}","templated":true}]}}