{"id":425,"date":"2012-11-06T18:29:40","date_gmt":"2012-11-06T16:29:40","guid":{"rendered":"https:\/\/webs.uab.cat\/oic\/unam-2\/"},"modified":"2012-11-06T18:29:40","modified_gmt":"2012-11-06T16:29:40","slug":"unam-2","status":"publish","type":"page","link":"https:\/\/webs.uab.cat\/oic\/en\/unam-2\/","title":{"rendered":"Grupo de Investigaci\u00f3n Acad\u00e9mica en Teor\u00edas de la Comunicaci\u00f3n (GIATCOM-UACM)"},"content":{"rendered":"<p class=\"rtejustify\"><img loading=\"lazy\" decoding=\"async\" alt=\"\" height=\"139\" src=\"http:\/\/centresderecerca.uab.cat\/oic\/sites\/centresderecerca.uab.cat.oic\/files\/images\/logoUACM.jpg\" style=\"float:left\" width=\"234\" \/>El Grupo de Investigaci\u00f3n Acad\u00e9mica en Teor\u00edas de la Comunicaci\u00f3n de la Universidad Aut\u00f3noma de la Ciudad de M\u00e9xico tiene como objetivo fundamental indagar en los sistemas de formaci\u00f3n en las licenciaturas y posgrados en comunicaci\u00f3n. El grupo trabaja en dos vertientes cient\u00edficas: 1) La reflexi\u00f3n sobre la teor\u00eda de la comunicaci\u00f3n per se, en el marco acad\u00e9mico y educativo; y 2) La sistematizaci\u00f3n de las experiencias de la ense\u00f1anza de las teor\u00edas de la comunicaci\u00f3n en M\u00e9xico; es decir, la investigaci\u00f3n documental y de campo en torno a c\u00f3mo se ha formado a los estudiantes en teor\u00eda de la comunicaci\u00f3n, y qu\u00e9 papel juegan las teor\u00edas en la formaci\u00f3n global de los comunic\u00f3logos. El trabajo de este n\u00facleo de investigadores entronca con los objetivos de la Red RIEC por observar, sistematizar y difundir el estado de la investigaci\u00f3n en comunicaci\u00f3n en Iberoam\u00e9rica, haciendo \u00e9nfasis no s\u00f3lo en la vertiente investigadora sino tambi\u00e9n en la vertiente docente del campo de la comunicaci\u00f3n.<\/p>\n<p class=\"rtejustify\"><strong>Directora:<\/strong><\/p>\n<p class=\"rtejustify\"><a href=\"http:\/\/centresderecerca.uab.cat\/oic\/content\/marta-rizo\">Dra. Marta Rizo Garc\u00eda<\/a><\/p>\n<p class=\"rtejustify\">Universidad Aut\u00f3noma de la Ciudad de M\u00e9xico<\/p>\n<p class=\"rtejustify\">marta.rizo@uacm.edu.mx<\/p>\n<p class=\"rtejustify\">&nbsp;<\/p>\n<p>&nbsp;<\/p>\n","protected":false},"excerpt":{"rendered":"<p>El Grupo de Investigaci\u00f3n Acad\u00e9mica en Teor\u00edas de la Comunicaci\u00f3n de la Universidad Aut\u00f3noma de la Ciudad de M\u00e9xico tiene como objetivo fundamental indagar en los sistemas de formaci\u00f3n en las licenciaturas y posgrados en comunicaci\u00f3n. El grupo trabaja en dos vertientes cient\u00edficas: 1) La reflexi\u00f3n sobre la teor\u00eda de la comunicaci\u00f3n per se, en [&hellip;]<\/p>\n","protected":false},"author":20,"featured_media":0,"parent":0,"menu_order":0,"comment_status":"closed","ping_status":"closed","template":"","meta":{"footnotes":""},"class_list":["post-425","page","type-page","status-publish","hentry"],"_links":{"self":[{"href":"https:\/\/webs.uab.cat\/oic\/en\/wp-json\/wp\/v2\/pages\/425","targetHints":{"allow":["GET"]}}],"collection":[{"href":"https:\/\/webs.uab.cat\/oic\/en\/wp-json\/wp\/v2\/pages"}],"about":[{"href":"https:\/\/webs.uab.cat\/oic\/en\/wp-json\/wp\/v2\/types\/page"}],"author":[{"embeddable":true,"href":"https:\/\/webs.uab.cat\/oic\/en\/wp-json\/wp\/v2\/users\/20"}],"replies":[{"embeddable":true,"href":"https:\/\/webs.uab.cat\/oic\/en\/wp-json\/wp\/v2\/comments?post=425"}],"version-history":[{"count":0,"href":"https:\/\/webs.uab.cat\/oic\/en\/wp-json\/wp\/v2\/pages\/425\/revisions"}],"wp:attachment":[{"href":"https:\/\/webs.uab.cat\/oic\/en\/wp-json\/wp\/v2\/media?parent=425"}],"curies":[{"name":"wp","href":"https:\/\/api.w.org\/{rel}","templated":true}]}}