{"id":426,"date":"2011-02-22T17:24:36","date_gmt":"2011-02-22T15:24:36","guid":{"rendered":"https:\/\/webs.uab.cat\/oic\/upr-2\/"},"modified":"2022-10-05T13:47:08","modified_gmt":"2022-10-05T11:47:08","slug":"upr-2","status":"publish","type":"page","link":"https:\/\/webs.uab.cat\/oic\/en\/upr-2\/","title":{"rendered":"Centro de Investigaciones en Comunicaci\u00f3n (CICom)"},"content":{"rendered":"\n<div class=\"wp-block-media-text alignwide is-stacked-on-mobile has-primary-background-color has-background\" style=\"grid-template-columns:20% auto\"><figure class=\"wp-block-media-text__media\"><img decoding=\"async\" src=\"http:\/\/centresderecerca.uab.cat\/oic\/sites\/centresderecerca.uab.cat.oic\/files\/images\/UPR.png\" alt=\"\"\/><\/figure><div class=\"wp-block-media-text__content\">\n<p class=\"has-small-font-size\">El Centro de Investigaciones en Comunicaci\u00f3n (CICom), adscrito a la Escuela de Comunicaci\u00f3n y dirigido por la Dra. Silvia \u00c1lvarez Curbelo, tiene como objetivo el est\u00edmulo de la investigaci\u00f3n como herramienta de creaci\u00f3n de conocimiento en este campo.<\/p>\n<\/div><\/div>\n\n\n\n<p>El CICom ofrece los siguientes servicios a la comunidad universitaria: 1) Talleres dirigidos principalmente a los estudiantes de bachillerato sobre c\u00f3mo investigar y sobre t\u00e9cnicas de investigaci\u00f3n en periodismo; y 2) Asistencia al estudiante sobre el proceso de planificaci\u00f3n y ejecuci\u00f3n de &nbsp;investigaciones seg\u00fan especifica el manual de estilo de la <em>American Psychological Association<\/em> (APA).<\/p>\n\n\n\n<p>La funci\u00f3n principal del CICom es realizar proyectos de investigaci\u00f3n tanto por parte del personal docente, como de los estudiantes de postgrado. Los resultados de estas investigaciones han sido difundidos como libros, cap\u00edtulos de libros, ponencias en congresos internacionales, entre otros proyectos. Entre otras investigaciones, pueden consultarse: <em>Violencia medi\u00e1tica: antagonismos y agonismos en los medios de comunicaci\u00f3n en Puerto Rico<\/em> (Silvia Alvarez Curbelo), Comunicaci\u00f3n y Exclusi\u00f3n en la Ciudad. Vida cotidiana en el residencial p\u00fablico de Puerto Rico (Guadalupe Escalante, Yomarie Garc\u00eda, Yolanda Toro y Javier Valent\u00edn); <em>La Violencia en Puerto Rico y su cobertura medi\u00e1tica: Conversaciones entre los comunicadores y la Academia<\/em> (Silvia Alvarez Curbelo); <em>Convergencias, interactividad y multimedialidad en el campo period\u00edstico puertorrique\u00f1o. La cobertura de la campa\u00f1a electoral 2008<\/em> (Jorge Santiago Pintor y Mario Roche Morales).<\/p>\n\n\n\n<h2 class=\"wp-block-heading\"><strong>Directora<\/strong><\/h2>\n\n\n\n<p><a href=\"http:\/\/webs.uab.cat\/oic\/silvia-alvarez-curbelo\">Dra. Silvia \u00c1lvarez Curbelo<\/a><\/p>\n\n\n\n<p>Universidad de Puerto Rico<\/p>\n\n\n\n<p>Escuela de Comunicaci\u00f3n<\/p>\n\n\n\n<p><a href=\"mailto:salvarezcurbelo@gmail.com\">salvarezcurbelo@gmail.com<\/a><\/p>\n\n\n\n<p>&nbsp;<\/p>\n\n\n\n<p>&nbsp;<\/p>\n","protected":false},"excerpt":{"rendered":"<p>El Centro de Investigaciones en Comunicaci\u00f3n (CICom), adscrito a la Escuela de Comunicaci\u00f3n y dirigido por la Dra. Silvia \u00c1lvarez Curbelo, tiene como objetivo el est\u00edmulo de la investigaci\u00f3n como herramienta de creaci\u00f3n de conocimiento en este campo. El CICom ofrece los siguientes servicios a la comunidad universitaria: 1) Talleres dirigidos principalmente a los estudiantes [&hellip;]<\/p>\n","protected":false},"author":20,"featured_media":0,"parent":0,"menu_order":0,"comment_status":"closed","ping_status":"closed","template":"","meta":{"footnotes":""},"class_list":["post-426","page","type-page","status-publish","hentry"],"_links":{"self":[{"href":"https:\/\/webs.uab.cat\/oic\/en\/wp-json\/wp\/v2\/pages\/426","targetHints":{"allow":["GET"]}}],"collection":[{"href":"https:\/\/webs.uab.cat\/oic\/en\/wp-json\/wp\/v2\/pages"}],"about":[{"href":"https:\/\/webs.uab.cat\/oic\/en\/wp-json\/wp\/v2\/types\/page"}],"author":[{"embeddable":true,"href":"https:\/\/webs.uab.cat\/oic\/en\/wp-json\/wp\/v2\/users\/20"}],"replies":[{"embeddable":true,"href":"https:\/\/webs.uab.cat\/oic\/en\/wp-json\/wp\/v2\/comments?post=426"}],"version-history":[{"count":1,"href":"https:\/\/webs.uab.cat\/oic\/en\/wp-json\/wp\/v2\/pages\/426\/revisions"}],"predecessor-version":[{"id":2443,"href":"https:\/\/webs.uab.cat\/oic\/en\/wp-json\/wp\/v2\/pages\/426\/revisions\/2443"}],"wp:attachment":[{"href":"https:\/\/webs.uab.cat\/oic\/en\/wp-json\/wp\/v2\/media?parent=426"}],"curies":[{"name":"wp","href":"https:\/\/api.w.org\/{rel}","templated":true}]}}