{"id":433,"date":"2011-02-23T16:55:09","date_gmt":"2011-02-23T14:55:09","guid":{"rendered":"https:\/\/webs.uab.cat\/oic\/uablocalcomcatalonia\/"},"modified":"2022-10-05T16:32:17","modified_gmt":"2022-10-05T14:32:17","slug":"uablocalcomcatalonia","status":"publish","type":"page","link":"https:\/\/webs.uab.cat\/oic\/en\/uablocalcomcatalonia\/","title":{"rendered":"The Ibero-American Observatory of Communication"},"content":{"rendered":"<div class=\"wp-block-image\">\n<figure class=\"aligncenter is-resized\"><img loading=\"lazy\" decoding=\"async\" src=\"http:\/\/centresderecerca.uab.cat\/oic\/sites\/centresderecerca.uab.cat.oic\/files\/images\/Logo%20OIC%20reformado.png\" alt=\"\" width=\"261\" height=\"259\"\/><\/figure>\n<\/div>\n\n\n<p>El <strong>Observatorio Iberoamericano de la Comunicaci\u00f3n<\/strong> (<strong>OIC<\/strong>) es un centro de investigaci\u00f3n que articula diversas redes acad\u00e9micas, grupos de trabajo y acciones de cooperaci\u00f3n interuniversitaria para la Investigaci\u00f3n, la Docencia, la Transferencia de conocimientos y la Difusi\u00f3n de publicaciones en comunicaci\u00f3n, cultura y desarrollo humano, adscrito al departamento de Periodismo y Ciencias de la Comunicaci\u00f3n de la Universidad Aut\u00f3noma de Barcelona.<\/p>\n\n\n\n<p>Sus principales campos de actuaci\u00f3n son: las tecnolog\u00edas de la informaci\u00f3n y las comunicaciones (TIC), las pol\u00edticas de comunicaci\u00f3n, el sector audiovisual y el comportamiento de los medios.<\/p>\n\n\n\n<h2 class=\"wp-block-heading\"><strong>Director:<\/strong><\/h2>\n\n\n\n<p><a href=\"http:\/\/webs.uab.cat\/oic\/marcial-murciano\">Dr. Marcial Murciano<\/a><\/p>\n\n\n\n<p>Universidad Aut\u00f3noma de Barcelona<\/p>\n\n\n\n<p>Facultad de Ciencias de la Comunicaci\u00f3n<\/p>\n\n\n\n<p>Marcial.Murciano@uab.cat<\/p>\n\n\n\n<p>&nbsp;<\/p>\n","protected":false},"excerpt":{"rendered":"<p>El Observatorio Iberoamericano de la Comunicaci\u00f3n (OIC) es un centro de investigaci\u00f3n que articula diversas redes acad\u00e9micas, grupos de trabajo y acciones de cooperaci\u00f3n interuniversitaria para la Investigaci\u00f3n, la Docencia, la Transferencia de conocimientos y la Difusi\u00f3n de publicaciones en comunicaci\u00f3n, cultura y desarrollo humano, adscrito al departamento de Periodismo y Ciencias de la Comunicaci\u00f3n [&hellip;]<\/p>\n","protected":false},"author":20,"featured_media":0,"parent":0,"menu_order":0,"comment_status":"closed","ping_status":"closed","template":"","meta":{"footnotes":""},"class_list":["post-433","page","type-page","status-publish","hentry"],"_links":{"self":[{"href":"https:\/\/webs.uab.cat\/oic\/en\/wp-json\/wp\/v2\/pages\/433","targetHints":{"allow":["GET"]}}],"collection":[{"href":"https:\/\/webs.uab.cat\/oic\/en\/wp-json\/wp\/v2\/pages"}],"about":[{"href":"https:\/\/webs.uab.cat\/oic\/en\/wp-json\/wp\/v2\/types\/page"}],"author":[{"embeddable":true,"href":"https:\/\/webs.uab.cat\/oic\/en\/wp-json\/wp\/v2\/users\/20"}],"replies":[{"embeddable":true,"href":"https:\/\/webs.uab.cat\/oic\/en\/wp-json\/wp\/v2\/comments?post=433"}],"version-history":[{"count":2,"href":"https:\/\/webs.uab.cat\/oic\/en\/wp-json\/wp\/v2\/pages\/433\/revisions"}],"predecessor-version":[{"id":2669,"href":"https:\/\/webs.uab.cat\/oic\/en\/wp-json\/wp\/v2\/pages\/433\/revisions\/2669"}],"wp:attachment":[{"href":"https:\/\/webs.uab.cat\/oic\/en\/wp-json\/wp\/v2\/media?parent=433"}],"curies":[{"name":"wp","href":"https:\/\/api.w.org\/{rel}","templated":true}]}}