{"id":461,"date":"2012-11-08T12:07:40","date_gmt":"2012-11-08T10:07:40","guid":{"rendered":"https:\/\/webs.uab.cat\/oic\/editorial-board\/"},"modified":"2012-11-08T12:07:40","modified_gmt":"2012-11-08T10:07:40","slug":"editorial-board","status":"publish","type":"page","link":"https:\/\/webs.uab.cat\/oic\/en\/editorial-board\/","title":{"rendered":"Editorial-board"},"content":{"rendered":"<p><strong>&nbsp;&nbsp;&nbsp; <\/strong>\u00bb<strong><a href=\"#EQU\"> Equipo de direcci\u00f3n<\/a><\/strong><br \/>\n&nbsp;&nbsp;&nbsp; \u00bb<strong> <a href=\"#ASO\">Directores asociados<\/a><\/strong><br \/>\n&nbsp;&nbsp;&nbsp; \u00bb<strong><a href=\"#CON\"> Consejo de redacci\u00f3n<\/a><\/strong><br \/>\n&nbsp;&nbsp;&nbsp; \u00bb<strong><a href=\"#COM\"> Comit\u00e9 cient\u00edfico<\/a><\/strong><\/p>\n<table align=\"center\" border=\"0\" style=\"background-color:#3a7fbb; border:0pt solid #000000; height:26px; width:100%\">\n<tbody>\n<tr>\n<td><span style=\"color:white\"><strong><a name=\"EQU\"><\/a>EQUIPO DE DIRECCI\u00d3N<\/strong><\/span><\/td>\n<\/tr>\n<\/tbody>\n<\/table>\n<p><em><strong>Director:<\/strong><\/em><\/p>\n<p>Marcial Murciano, Universitat Aut\u00f2noma de Barcelona, Espa\u00f1a<br \/>\nMarcial.Murciano@uab.es<\/p>\n<p><em><strong>Directora adjunta:<\/strong><\/em><\/p>\n<p>Carmina Crusafon, Universitat Aut\u00f2noma de Barcelona, Espa\u00f1a<br \/>\nCarmina.Crusafon@uab.es<\/p>\n<p><em><strong>Secretario de redacci\u00f3n:<\/strong><\/em><\/p>\n<p>Carlos Gonz\u00e1lez-Saavedra, Universitat Aut\u00f2noma de Barcelona, Espa\u00f1a<br \/>\nCarlosAlberto.Gonzalez@uab.es<\/p>\n<table align=\"center\" border=\"0\" style=\"background-color:#3a7fbb; border:0pt solid #000000; height:26px; width:100%\">\n<tbody>\n<tr>\n<td><span style=\"color:white\"><strong><a name=\"EQU\"><\/a><a name=\"ASO\"><\/a>DIRECTORES ASOCIADOS<\/strong><\/span><\/td>\n<\/tr>\n<\/tbody>\n<\/table>\n<p>Silvia \u00c1lvarez, Universidad de Puerto Rico, Puerto Rico (salvarezcurbelo@gmail.com)<br \/>\nClaudio Avenda\u00f1o, Universidad Diego Portales, Chile (claudio.avendano@udp.cl)<br \/>\nMar\u00eda Aparecida Baccega, ESPM y Universidade de S\u00e3o Paulo, Brasil (mabga@usp.br)<br \/>\nPilar Diezhandino, Universidad Carlos III, Espa\u00f1a (pdnieto@hum.uc3m.es)<br \/>\nDami\u00e1n Fern\u00e1ndez, Universidad Austral, Argentina (dfernandez@austral.edu.ar)<br \/>\nMarta Rizo, Universidad &nbsp;Aut\u00f3noma de la Ciudad de M\u00e9xico, M\u00e9xico (marta.rizo@uacm.edu.mx)<\/p>\n<table align=\"center\" border=\"0\" style=\"background-color:#3a7fbb; border:0pt solid #000000; height:26px; width:100%\">\n<tbody>\n<tr>\n<td><span style=\"color:white\"><strong><a name=\"EQU\"><\/a><a name=\"ASO\"><\/a><a name=\"CON\"><\/a>CONSEJO DE REDACCI\u00d3N<\/strong><\/span><\/td>\n<\/tr>\n<\/tbody>\n<\/table>\n<p>Pinar Agud\u00edez, Universidad Complutense (Espa\u00f1a); Alfredo Alfonso, Universidad Nacional de Quilmes (Argentina); Valerio Britos, UNISINOS (Brasil);&nbsp;Mac-Dawison Buarque Lins Costa, UFAL (Brasil);&nbsp;Andr\u00e9s Ca\u00f1iz\u00e1lez, Universidad Cat\u00f3lica Andr\u00e9s Bello (Venezuela); Ricardo Carniel Bugs, Universitat Aut\u00f2noma de Barcelona (Espa\u00f1a); Andreu Casero, Universitat Jaume I (Espa\u00f1a); Gisela G. S. Castro, ESPM&nbsp; (Brasil); Olga Del R\u00edo, Universitat Aut\u00f2noma de Barcelona (Espa\u00f1a); Luciano Elizalde, Universidad Austral (Argentina); Pablo Escand\u00f3n, CIESPAL (Ecuador); Anamaria Fadul, Universidade Methodista do Sao Paulo (Brasil); Juan Jos\u00e9 Fern\u00e1ndez Sanz, Universiidad Complutense (Espa\u00f1a); Antonio Fidalgo, Universidad de Beira Interior, (Portugal); Mar Fontcuberta, Pontificia Universidad Cat\u00f3lica (Chile); Rodrigo G\u00f3mez, Universidad Aut\u00f3noma de M\u00e9xico (M\u00e9xico); Jacques Guyot, Universidad Par\u00eds 8 (Francia);&nbsp; Walter Neira, Universidad de Lima (Per\u00fa); Luis Peirano, Universidad Cat\u00f3lica del Per\u00fa (Per\u00fa); Alejandra Phillippi, Universidad Diego Portales (Chile); Elena Real, Universidad Complutense (Espa\u00f1a); Mario Roche, Universidad de Puerto Rico (Puerto Rico); Fernando Sabes, Universitat Aut\u00f2noma de Barcelona (Espa\u00f1a); Elizabeth Safar, Universidad Central de Venezuela (Venezuela); Enrique S\u00e1nchez, Universidad de Guadalajara (M\u00e9xico); Helena Sousa, Universidad do Minho (Portugal); Eric Torrico, Universidad Andina Sim\u00f3n Bol\u00edvar&nbsp; (Bolivia); Maria Immacolata Vasallo de Lopes, Universidade de S\u00e3o Paulo (Brasil).<\/p>\n<table align=\"center\" border=\"0\" style=\"background-color:#3a7fbb; border:0pt solid #000000; height:26px; width:100%\">\n<tbody>\n<tr>\n<td><span style=\"color:white\"><strong><a name=\"EQU\"><\/a><a name=\"ASO\"><\/a><a name=\"COM\"><\/a>COMIT\u00c9 CIENT\u00cdFICO<\/strong><\/span><\/td>\n<\/tr>\n<\/tbody>\n<\/table>\n<p>Ione G. Bentz, Universidade do Vale do Rio Dos Sinos (Brasil); Lu\u00eds Ramiro Beltr\u00e1n, Universidad Cat\u00f3lica Boliviana San Pablo (Bolivia); Pedro Jorge Braumann, Instituto Politecnico de Lisboa (Portugal); Jos\u00e9 Joaqu\u00edn Brunner, Universidad Diego Portales (Chile); Eliseo Col\u00f3n, Universidad de Puerto Rico (Puerto Rico); Fernando Checa, CIESPAL (Ecuador); Patrice Flichy, Universit\u00e9 Marne &#8211; La Vall\u00e9 (Francia); Juan Antonio Garc\u00eda Galindo, Universidad de M\u00e1laga (Espa\u00f1a); Xos\u00e9 L\u00f3pez, Universidad de Santiago de Compostela (Espa\u00f1a); Jos\u00e9 M\u00e1rques de Melo, Universidade Methodista do S\u00e3o Paulo (Brasil); Jes\u00fas Mart\u00edn Barbero, Universidad del Valle (Colombia); Armand Mattelart, Universidad Par\u00eds 8 (Francia); Guillermo Orozco, Universidad de Guadalajara (M\u00e9xico); Antonio Pasquali, Universidad Central de Venezuela (Venezuela); Teresa Quiroz, Universidad de Lima (Per\u00fa); Giuseppe Richieri, Universidad de Lugano (Suiza); Joaqu\u00edn S\u00e1nchez, Pontificia Universidad Javeriana (Colombia); Philip Schlesinger, University of Glasgow (Reino Unido); Tapio Varis, University of Tampere (Finlandia); Teresa Vel\u00e1zquez, Universitat Aut\u00f2noma de Barcelona (Barcelona, Espa\u00f1a).<\/p>\n<p>&nbsp;<\/p>\n<div id=\"_mcePaste\" style=\"position: absolute; left: -10000px; top: 400px; width: 1px; height: 1px; overflow: hidden;\"><span style=\"color:#5c6063; font-family:verdana,arial\"><a href=\"mailto:marta.rizo@uacm.edu.mx\" style=\"font-size: 11px; margin: 0px; padding: 0px; color: #126caf; text-decoration: none;\">marta.rizo@uacm.edu.mx<\/a><\/span><\/div>\n","protected":false},"excerpt":{"rendered":"<p>&nbsp;&nbsp;&nbsp; \u00bb Equipo de direcci\u00f3n &nbsp;&nbsp;&nbsp; \u00bb Directores asociados &nbsp;&nbsp;&nbsp; \u00bb Consejo de redacci\u00f3n &nbsp;&nbsp;&nbsp; \u00bb Comit\u00e9 cient\u00edfico EQUIPO DE DIRECCI\u00d3N Director: Marcial Murciano, Universitat Aut\u00f2noma de Barcelona, Espa\u00f1a Marcial.Murciano@uab.es Directora adjunta: Carmina Crusafon, Universitat Aut\u00f2noma de Barcelona, Espa\u00f1a Carmina.Crusafon@uab.es Secretario de redacci\u00f3n: Carlos Gonz\u00e1lez-Saavedra, Universitat Aut\u00f2noma de Barcelona, Espa\u00f1a CarlosAlberto.Gonzalez@uab.es DIRECTORES ASOCIADOS Silvia \u00c1lvarez, [&hellip;]<\/p>\n","protected":false},"author":20,"featured_media":0,"parent":0,"menu_order":0,"comment_status":"closed","ping_status":"closed","template":"","meta":{"footnotes":""},"class_list":["post-461","page","type-page","status-publish","hentry"],"_links":{"self":[{"href":"https:\/\/webs.uab.cat\/oic\/en\/wp-json\/wp\/v2\/pages\/461","targetHints":{"allow":["GET"]}}],"collection":[{"href":"https:\/\/webs.uab.cat\/oic\/en\/wp-json\/wp\/v2\/pages"}],"about":[{"href":"https:\/\/webs.uab.cat\/oic\/en\/wp-json\/wp\/v2\/types\/page"}],"author":[{"embeddable":true,"href":"https:\/\/webs.uab.cat\/oic\/en\/wp-json\/wp\/v2\/users\/20"}],"replies":[{"embeddable":true,"href":"https:\/\/webs.uab.cat\/oic\/en\/wp-json\/wp\/v2\/comments?post=461"}],"version-history":[{"count":0,"href":"https:\/\/webs.uab.cat\/oic\/en\/wp-json\/wp\/v2\/pages\/461\/revisions"}],"wp:attachment":[{"href":"https:\/\/webs.uab.cat\/oic\/en\/wp-json\/wp\/v2\/media?parent=461"}],"curies":[{"name":"wp","href":"https:\/\/api.w.org\/{rel}","templated":true}]}}