{"id":462,"date":"2012-11-08T12:12:18","date_gmt":"2012-11-08T10:12:18","guid":{"rendered":"https:\/\/webs.uab.cat\/oic\/collaboration-policy\/"},"modified":"2012-11-08T12:12:18","modified_gmt":"2012-11-08T10:12:18","slug":"collaboration-policy","status":"publish","type":"page","link":"https:\/\/webs.uab.cat\/oic\/en\/collaboration-policy\/","title":{"rendered":"Collaboration-policy"},"content":{"rendered":"<h2>Normas de colaboraci\u00f3n<\/h2>\n<p style=\"text-align: justify;\">La revista Conexiones&nbsp;impulsa y publica trabajos que aporten conocimientos y evidencias en torno a la comunicaci\u00f3n y que sugieran nuevas direcciones para la investigaci\u00f3n de este \u00e1mbito cient\u00edfico en tem\u00e1ticas, metodolog\u00edas, enfoques y fuentes bibliogr\u00e1ficas.<\/p>\n<p style=\"text-align: justify;\">Conexiones ha iniciado los tr\u00e1mites para ser indexada y citada por los principales \u00edndices de referencia en el sector de las ciencias sociales. La revista selecciona los art\u00edculos por medio de lectura an\u00f3nima entre pares. Los trabajos son evaluados por expertos independientes.<\/p>\n<p style=\"text-align: justify;\">Los art\u00edculos de la revista deben ser originales y no pueden ser reproducidos, almacenados o transmitidos por ning\u00fan procedimiento sin la autorizaci\u00f3n por escrito de los titulares de los derechos de autor, salvo para los usos habituales de investigaci\u00f3n y estudio privado, cr\u00edtica especializada y revisi\u00f3n bibliogr\u00e1fica.<\/p>\n<p><strong>Recomendaciones antes de realizar el env\u00edo de los art\u00edculos<br \/><\/strong><\/p>\n<p>Para ser evaluados, los art\u00edculos enviados a <em>Conexiones <\/em>deben cumplir los siguientes requisitos:<\/p>\n<ol>\n<li>Adjuntar al art\u00edculo una carta especificando la originalidad del art\u00edculo donde conste que no ha sido publicado previamente, ni se ha presentado a otra revista.<\/li>\n<li>El art\u00edculo debe tener una extensi\u00f3n de entre 5.500 y 7.500 palabras. La tipograf\u00eda debe ser Times New Roman, el tama\u00f1o de letra 11 y el interlineado sencillo; se usar\u00e1 cursiva en vez de subrayado (exceptuando las direcciones URL); y todas las ilustraciones, figuras y tablas estar\u00e1n dentro del texto en el sitio que les corresponde y no al final. El fichero enviado debe estar en formato Microsoft Word, OpenOffice, RTF o WordPerfect. Las im\u00e1genes, en el caso de que las haya, se adjuntar\u00e1n como archivos adicionales en formato JPG, PNG o TIFF.<\/li>\n<li>El texto debe cumplir con los requisitos bibliogr\u00e1ficos y de estilo indicados en las <a href=\"http:\/\/centresderecerca.uab.cat\/oic\/content\/normas-editoriales\">Normas Editoriales<\/a>. Se especificar\u00e1n las direcciones web de las referencias citadas.<\/li>\n<li>Si se env\u00eda un art\u00edculo para la revisi\u00f3n por pares, aseg\u00farese que no existen referencias al nombre del autor en el arcvhivo enviado.<\/li>\n<\/ol>\n","protected":false},"excerpt":{"rendered":"<p>Normas de colaboraci\u00f3n La revista Conexiones&nbsp;impulsa y publica trabajos que aporten conocimientos y evidencias en torno a la comunicaci\u00f3n y que sugieran nuevas direcciones para la investigaci\u00f3n de este \u00e1mbito cient\u00edfico en tem\u00e1ticas, metodolog\u00edas, enfoques y fuentes bibliogr\u00e1ficas. Conexiones ha iniciado los tr\u00e1mites para ser indexada y citada por los principales \u00edndices de referencia en [&hellip;]<\/p>\n","protected":false},"author":20,"featured_media":0,"parent":0,"menu_order":0,"comment_status":"closed","ping_status":"closed","template":"","meta":{"footnotes":""},"class_list":["post-462","page","type-page","status-publish","hentry"],"_links":{"self":[{"href":"https:\/\/webs.uab.cat\/oic\/en\/wp-json\/wp\/v2\/pages\/462","targetHints":{"allow":["GET"]}}],"collection":[{"href":"https:\/\/webs.uab.cat\/oic\/en\/wp-json\/wp\/v2\/pages"}],"about":[{"href":"https:\/\/webs.uab.cat\/oic\/en\/wp-json\/wp\/v2\/types\/page"}],"author":[{"embeddable":true,"href":"https:\/\/webs.uab.cat\/oic\/en\/wp-json\/wp\/v2\/users\/20"}],"replies":[{"embeddable":true,"href":"https:\/\/webs.uab.cat\/oic\/en\/wp-json\/wp\/v2\/comments?post=462"}],"version-history":[{"count":0,"href":"https:\/\/webs.uab.cat\/oic\/en\/wp-json\/wp\/v2\/pages\/462\/revisions"}],"wp:attachment":[{"href":"https:\/\/webs.uab.cat\/oic\/en\/wp-json\/wp\/v2\/media?parent=462"}],"curies":[{"name":"wp","href":"https:\/\/api.w.org\/{rel}","templated":true}]}}