{"id":463,"date":"2012-11-08T12:16:16","date_gmt":"2012-11-08T10:16:16","guid":{"rendered":"https:\/\/webs.uab.cat\/oic\/editorial-rules\/"},"modified":"2012-11-08T12:16:16","modified_gmt":"2012-11-08T10:16:16","slug":"editorial-rules","status":"publish","type":"page","link":"https:\/\/webs.uab.cat\/oic\/en\/editorial-rules\/","title":{"rendered":"Notes for contributors"},"content":{"rendered":"<p><em>CONEXIONES. Iberian-American Journal of communication<\/em> admits for submission the following original works: 1) academic articles, 2) summaries of documents related to communication field from the Iberian- American area, and 3) reviews on books pub-lished in the year of issue of the journal.<br \/>\n&nbsp;<br \/>\nArticles submitted must be unpublished and should not be under consideration by any other journal. CONEXIONES secretariat will acknowledge receipt of receiving origi-nals.<br \/>\n&nbsp;<br \/>\nCONEXIONES is a refereed journal with a blind system evaluation in pairs. Contribu-tions will be only accepted by favourable opinion of two internal or external evaluators.<\/p>\n<p>The decision of the Editorial Board with regard to the publication of an article or not will be duly notified to the author.&nbsp; Contributions should be submitted electronically as an e-mail attachment in Microsoft word format to:<br \/>\n<a href=\"mailto:Marcial.Murciano@uab.es\">Marcial.Murciano@uab.es<\/a> \/ <a href=\"mailto:Carmina.Crusafon@uab.es\">Carmina.Crusafon@uab.es<\/a><\/p>\n<p><strong>Language<\/strong><br \/>\nContributions should be written in Spanish or Portuguese.<\/p>\n<p><strong>Articles<\/strong><br \/>\nArticles should be from 5,500 \u2013 7,500 words long. The font should be Times New Ro-man, 11point, and paragraphs should be single space.&nbsp;<br \/>\nNo direct reference to the authors should be included in the text neither in the refer-ences. Strict anonymity is accorded to both authors and referees.<\/p>\n<p><strong>Article First Page<\/strong><br \/>\nThe first page should only include: article title and its translation to English, author\u2019s name \/s and e-mail address\/es, and the institution with which the author\/s is\/are affili-ated.<\/p>\n<p><strong>Article Presentation<\/strong><br \/>\nArticle title with no reference to author name to preserve anonymity<br \/>\nAbstract of 100 words and its translation to English<br \/>\nA list of 5 keywords and its translation into English.<\/p>\n<p><strong>Headings and subheadings<\/strong><br \/>\nThe articles should follow the following indications:<br \/>\nFirst level: bold \/italics half-bold Times New Roman 12<br \/>\nSecond level: italics \/ Times New Roman 11<br \/>\nThird level: regular \/ Times New Roman 11<\/p>\n<p><strong>Quotations<\/strong><br \/>\nThe quotations embedded into paragraph are double quote marks. All long quotations (exceeding 3 lines) should be \u2018displayed\u2019 \u2013 i.e. set into a separate intented paragraph and without quote marks at the beginning and at the end. Quotations in the text should be bracketed reference, including author name, publication year, or pages. Example (WOLTON, 2000:145). In case of more than one reference for year of the same au-thor, quotation should use letters (a, b, c ..) to differentiate (WOLTON, 2000a).<\/p>\n<p><strong>References<\/strong><br \/>\nAll references cited in the text should be listed alphabetically and in full at the end of the article (Times New Roman, 10 point). Author names should be always written in lower case style and they should be adjusted to the following style:<\/p>\n<p><em>Books<\/em>: D\u00edaz Arias, R. (2006). <em>Periodismo en televisi\u00f3n: entre el espect\u00e1culo y el tes-timonio de la realidad<\/em>. Barcelona: Bosch.<br \/>\nChapters of books: Rey, G. (2002). \u201cLa televisi\u00f3n en Colombia\u201d, en G. Orozco, <em>His-torias de la televisi\u00f3n en Am\u00e9rica Latina<\/em>. Barcelona: Gedisa.<br \/>\n<em>Articles in Journals<\/em>: Buquet, G. (2002). &#8220;La m\u00fasica en la red: dif\u00edcil toma de posici\u00f3n de las empresas espa\u00f1olas&#8221;. <em>Telos. Cuadernos de comunicaci\u00f3n, tecnolog\u00eda y socie-dad<\/em> (53, n\u00ba1), 54-59. This journal reference should include the volume and number of the issue (volume, number). That is, in the above example, (53, n\u00ba1), it is referred to volume volume 53, number 1.<br \/>\n<em>Website references<\/em>: These references are similar to other references. There is no need to decipher any place of publication or a specific publisher, but the reference must have an author. Unlike paper references, however, web pages can change, so there needs to be a date of access as well as the full web reference. Example: Bonderbjerg, K. (2005). <em>Web Communication and the Public Sphere in a European perspective<\/em>. <a href=\"http:\/\/www.media.ku.dk\">http:\/\/www.media.ku.dk<\/a> . Accessed 15 February de 2005.<\/p>\n<p><strong>Figures, line diagrams and tables<\/strong><br \/>\nFigures and line diagrams must be submitted on a separate page with explicit mention in the text. They will be accompanied by a short, descriptive title and they will be num-bered in Arabic numerals (i.e. Figure \/ Chart 1).<br \/>\nTables will be presented within the text.&nbsp; They will be accompanied by a short, de-scriptive title and they will be numbered in Roman numerals (i.e. Table I).<br \/>\nNo wording of graphs and images will be accepted.<\/p>\n<p><strong>Footnotes<\/strong><br \/>\nAny footnote should be placed at the end of the each page. The Times New Roman font will be in size 10 and single space.<br \/>\n&nbsp;<br \/>\n<strong>Book and document reviews<\/strong><br \/>\nCONEXIONES will be reviewing books and document sof interest published in the year of issue of the journal. The reviews should be between 1,000 and 1,500 words.<\/p>\n<p>The structure to be followed is as follows:<br \/>\nAuthor\/s, director \/s, coordinator\/s<br \/>\nTitle (in italics)<br \/>\nPublisher<br \/>\nPlace of Publication<br \/>\nYear of Publication<\/p>\n<p>Exemple: Jos\u00e9 Marques de Melo, <em>Pensamiento comunicacional latinoamericano<\/em>. Editorial Comunicaci\u00f3n Social, Sevilla \/ Zamora, 2009.<\/p>\n<p>Reviews should include some brief information about the author, contents of the book\/document, quotations that support or outlined by the author, a critical assessment reasoned with reference to specific paragraphs or parts of the book\/document and a conclusion in that reviewer emphasize the value, interest or desirability of the work being reviewed.<br \/>\nReviewers should include complete name and institution which belong to.<\/p>\n","protected":false},"excerpt":{"rendered":"<p>CONEXIONES. Iberian-American Journal of communication admits for submission the following original works: 1) academic articles, 2) summaries of documents related to communication field from the Iberian- American area, and 3) reviews on books pub-lished in the year of issue of the journal. &nbsp; Articles submitted must be unpublished and should not be under consideration by [&hellip;]<\/p>\n","protected":false},"author":20,"featured_media":0,"parent":0,"menu_order":0,"comment_status":"closed","ping_status":"closed","template":"","meta":{"footnotes":""},"class_list":["post-463","page","type-page","status-publish","hentry"],"_links":{"self":[{"href":"https:\/\/webs.uab.cat\/oic\/en\/wp-json\/wp\/v2\/pages\/463","targetHints":{"allow":["GET"]}}],"collection":[{"href":"https:\/\/webs.uab.cat\/oic\/en\/wp-json\/wp\/v2\/pages"}],"about":[{"href":"https:\/\/webs.uab.cat\/oic\/en\/wp-json\/wp\/v2\/types\/page"}],"author":[{"embeddable":true,"href":"https:\/\/webs.uab.cat\/oic\/en\/wp-json\/wp\/v2\/users\/20"}],"replies":[{"embeddable":true,"href":"https:\/\/webs.uab.cat\/oic\/en\/wp-json\/wp\/v2\/comments?post=463"}],"version-history":[{"count":0,"href":"https:\/\/webs.uab.cat\/oic\/en\/wp-json\/wp\/v2\/pages\/463\/revisions"}],"wp:attachment":[{"href":"https:\/\/webs.uab.cat\/oic\/en\/wp-json\/wp\/v2\/media?parent=463"}],"curies":[{"name":"wp","href":"https:\/\/api.w.org\/{rel}","templated":true}]}}