{"id":464,"date":"2012-11-08T12:18:23","date_gmt":"2012-11-08T10:18:23","guid":{"rendered":"https:\/\/webs.uab.cat\/oic\/announcements\/"},"modified":"2012-11-08T12:18:23","modified_gmt":"2012-11-08T10:18:23","slug":"announcements","status":"publish","type":"page","link":"https:\/\/webs.uab.cat\/oic\/en\/announcements\/","title":{"rendered":"Announcements"},"content":{"rendered":"<h2>Convocatorias<\/h2>\n<p style=\"text-align: justify;\">CONEXIONES tiene abiertas las siguientes convocatorias:<\/p>\n<ol>\n<li><strong><a href=\"#POL\">Dossier Consumos culturales. Hasta el 31 de marzo de 2012<br \/><\/a><\/strong><\/li>\n<li><strong><a href=\"#AUD\">Dossier Comunicaci\u00f3n y cultura. Hasta el 30 de junio de 2012<br \/><\/a><\/strong><\/li>\n<\/ol>\n<table style=\"background-color: #3a7fbb; width: 991px; height: 26px; border-width: 0pt; border-color: #000000; border-style: solid;\" align=\"center\" border=\"0\">\n<tbody>\n<tr>\n<td style=\"border: 1px solid #ffffff;\"><span style=\"color: white;\"><strong><a name=\"POL\"><\/a>DOSSIER CONSUMOS CULTURALES<br \/><\/strong><\/span><\/td>\n<\/tr>\n<\/tbody>\n<\/table>\n<p style=\"text-align: justify;\">CONEXIONES abre su convocatoria a propuestas de art\u00edculos para el Volumen 4 N\u00ba 1 2012 sobre Consumos culturales, coordinado por los profesores <a href=\"http:\/\/centresderecerca.uab.cat\/oic\/content\/damian-fernandez\">Dami\u00e1n Fern\u00e1ndez <\/a>y <a href=\"http:\/\/centresderecerca.uab.cat\/oic\/content\/marcial-murciano\">Marcial Murciano<\/a>. Los textos en versi\u00f3n definitiva, deber\u00e1n ser enviados antes del 31 de marzo de 2012.<\/p>\n<p style=\"text-align: justify;\">La revista realiza un sistema de evaluaci\u00f3n a ciegas por pares para la publicaci\u00f3n de originales. Se aceptar\u00e1n \u00fanicamente aquellos trabajos que cuenten con el dictamen favorable de dos evaluadores. La decisi\u00f3n del Consejo de Redacci\u00f3n en lo que concierne a la publicaci\u00f3n o no de un art\u00edculo ser\u00e1 debidamente notificada a su autor. Si se produjera un exceso de materiales aprobados, algunos art\u00edculos podr\u00edan ser editados en n\u00fameros posteriores.<\/p>\n<p style=\"text-align: justify;\">Los textos propuestos tendr\u00e1n entre 5.500 y 7.500 palabras en total (incluyendo notas y cuadros o gr\u00e1ficos), y tienen que cumplir estrictamente las <a href=\"content\/normas-colaboracion-conexiones\">Normas de colaboraci\u00f3n<\/a> y las <a href=\"content\/normas-editoriales\">Normas Editoriales<\/a> disponibles en la werb. En p\u00e1gina aparte o en un archivo distinto, se deber\u00e1 incluir: el nombre del autor, la direcci\u00f3n electr\u00f3nica y la postal, y un CV (tres l\u00edneas).<\/p>\n<p>Los art\u00edculos deber\u00e1n enviarse&nbsp; en soporte electr\u00f3nico o postal a las siguientes direcciones:<\/p>\n<p>Correo electr\u00f3nico: <a href=\"http:\/\/centresderecerca.uab.cat\/oic\/content\/marcial-murciano\">Marcial Murciano<\/a> (Marcial.Murciano@uab.es); <a href=\"content\/carmina-crusafon\">Carmina Crusafon<\/a> (Carmina.Crusafon@uab.es); OIC (OBICOM@uab.cat)<\/p>\n<p style=\"text-align: justify;\">Correo postal: Revista Conexiones. Observatorio Iberoamericano de la Comunicaci\u00f3n. Edificio I &#8211; Campus de la UAB. 08193 Bellaterra. Barcelona. Espa\u00f1a<\/p>\n<table style=\"background-color: #3a7fbb; width: 991px; height: 26px; border: 0pt solid #000000;\" align=\"center\" border=\"0\">\n<tbody>\n<tr>\n<td style=\"border: 1px solid #ffffff;\"><span style=\"color: white;\"><strong><a name=\"POL\"><\/a><a name=\"AUD\"><\/a>DOSSIER COMUNICACI\u00d3N, VIOLENCIA Y CULTURA<br \/><\/strong><\/span><\/td>\n<\/tr>\n<\/tbody>\n<\/table>\n<p style=\"text-align: justify;\">CONEXIONES abre su convocatoria a propuestas de art\u00edculos para el Volumen 4 N\u00ba 2 2012 sobre Comunicaci\u00f3n y cultura, coordinado por la profesora <a href=\"http:\/\/centresderecerca.uab.cat\/oic\/content\/marta-rizo\">Marta Rizo<\/a>. Los textos en versi\u00f3n definitiva, deber\u00e1n ser enviados antes del 30 de junio de 2012.<\/p>\n<p style=\"text-align: justify;\">La revista realiza un sistema de evaluaci\u00f3n a ciegas por pares para la publicaci\u00f3n de originales. Se aceptar\u00e1n \u00fanicamente aquellos trabajos que cuenten con el dictamen favorable de dos evaluadores. La decisi\u00f3n del Consejo de Redacci\u00f3n en lo que concierne a la publicaci\u00f3n o no de un art\u00edculo ser\u00e1 debidamente notificada a su autor. Si se produjera un exceso de materiales aprobados, algunos art\u00edculos podr\u00edan ser editados en n\u00fameros posteriores.<\/p>\n<p style=\"text-align: justify;\">Los textos propuestos tendr\u00e1n entre 5.500 y 7.500 palabras en total (incluyendo notas y cuadros o gr\u00e1ficos), y tienen que cumplir estrictamente las <a href=\"content\/normas-colaboracion-conexiones\">Normas de colaboraci\u00f3n<\/a> y las <a href=\"content\/normas-editoriales\">Normas Editoriales<\/a> disponibles en la werb. En p\u00e1gina aparte o en un archivo distinto, se deber\u00e1 incluir: el nombre del autor, la direcci\u00f3n electr\u00f3nica y la postal, y un CV (tres l\u00edneas).<\/p>\n<p>Los art\u00edculos deber\u00e1n enviarse&nbsp; en soporte electr\u00f3nico o postal a las siguientes direcciones:<\/p>\n<p>Correo electr\u00f3nico: <a href=\"http:\/\/centresderecerca.uab.cat\/oic\/content\/marcial-murciano\">Marcial Murciano<\/a> (Marcial.Murciano@uab.es); <a href=\"content\/carmina-crusafon\">Carmina Crusafon<\/a> (Carmina.Crusafon@uab.es); OIC (OBICOM@uab.cat)<\/p>\n<p style=\"text-align: justify;\">Correo postal: Revista Conexiones. Observatorio Iberoamericano de la Comunicaci\u00f3n. Edificio I &#8211; Despacho 026 &#8211; Campus de la UAB. 08193 Bellaterra. Barcelona. Espa\u00f1a<\/p>\n<p style=\"text-align: justify;\">&nbsp;<\/p>\n<p><script type=\"text\/javascript\">\/\/ <![CDATA[\nvar _gaq = _gaq || [];\n  _gaq.push(['_setAccount', 'UA-21721731-1']);\n  _gaq.push(['_trackPageview']);\n\n  (function() {\n    var ga = document.createElement('script'); ga.type = 'text\/javascript'; ga.async = true;\n    ga.src = ('https:' == document.location.protocol ? 'https:\/\/ssl' : 'http:\/\/www') + '.google-analytics.com\/ga.js';\n    var s = document.getElementsByTagName('script')[0]; s.parentNode.insertBefore(ga, s);\n  })();\n\/\/ ]]><\/script><\/p>\n<p>&nbsp;<\/p>\n","protected":false},"excerpt":{"rendered":"<p>Convocatorias CONEXIONES tiene abiertas las siguientes convocatorias: Dossier Consumos culturales. Hasta el 31 de marzo de 2012 Dossier Comunicaci\u00f3n y cultura. Hasta el 30 de junio de 2012 DOSSIER CONSUMOS CULTURALES CONEXIONES abre su convocatoria a propuestas de art\u00edculos para el Volumen 4 N\u00ba 1 2012 sobre Consumos culturales, coordinado por los profesores Dami\u00e1n Fern\u00e1ndez [&hellip;]<\/p>\n","protected":false},"author":20,"featured_media":0,"parent":0,"menu_order":0,"comment_status":"closed","ping_status":"closed","template":"","meta":{"footnotes":""},"class_list":["post-464","page","type-page","status-publish","hentry"],"_links":{"self":[{"href":"https:\/\/webs.uab.cat\/oic\/en\/wp-json\/wp\/v2\/pages\/464","targetHints":{"allow":["GET"]}}],"collection":[{"href":"https:\/\/webs.uab.cat\/oic\/en\/wp-json\/wp\/v2\/pages"}],"about":[{"href":"https:\/\/webs.uab.cat\/oic\/en\/wp-json\/wp\/v2\/types\/page"}],"author":[{"embeddable":true,"href":"https:\/\/webs.uab.cat\/oic\/en\/wp-json\/wp\/v2\/users\/20"}],"replies":[{"embeddable":true,"href":"https:\/\/webs.uab.cat\/oic\/en\/wp-json\/wp\/v2\/comments?post=464"}],"version-history":[{"count":0,"href":"https:\/\/webs.uab.cat\/oic\/en\/wp-json\/wp\/v2\/pages\/464\/revisions"}],"wp:attachment":[{"href":"https:\/\/webs.uab.cat\/oic\/en\/wp-json\/wp\/v2\/media?parent=464"}],"curies":[{"name":"wp","href":"https:\/\/api.w.org\/{rel}","templated":true}]}}