{"id":132,"date":"2010-06-22T16:23:46","date_gmt":"2010-06-22T14:23:46","guid":{"rendered":"https:\/\/webs.uab.cat\/oic\/espacio-iberoamericano\/"},"modified":"2010-06-22T16:23:46","modified_gmt":"2010-06-22T14:23:46","slug":"espacio-iberoamericano","status":"publish","type":"page","link":"https:\/\/webs.uab.cat\/oic\/es\/espacio-iberoamericano\/","title":{"rendered":"Colecci\u00f3n Espacio Iberoamericano"},"content":{"rendered":"<p><em>La comunicaci\u00f3n mundo. Releer un mundo trasformado por las comunicaciones<\/em>. Por <strong>Antonio Pasquali<\/strong>. A\u00f1o 2011. Editorial Comunicaci\u00f3n Social (Zamora, Espa\u00f1a). ISBN: 978-84-92860-21-0.<\/p>\n<p><img loading=\"lazy\" decoding=\"async\" alt=\"\" height=\"262\" src=\"http:\/\/centresderecerca.uab.cat\/oic\/sites\/centresderecerca.uab.cat.oic\/files\/images\/978-84-92860-21-0_2D.jpg\" width=\"187\" \/><\/p>\n<p>&nbsp;<\/p>\n<p>El primer libro de la colecci\u00f3n Espacio Iberoamericano est\u00e1 escrito por Antonio Pasquali, uno de los m\u00e1s reputados investigadores del fen\u00f3meno de la comunicaci\u00f3n en Am\u00e9rica Latina. La obra supone una invitaci\u00f3n a repensar el mundo del hombre desde la perspectiva de la comunicaci\u00f3n. El autor define nuestra \u00e9poca como la era de las comunicaciones. La actual abundancia de comunicaciones basadas en la red Internet, con su naturaleza democr\u00e1tica, sus costos decrecientes y su universalidad, han modificado en profundidad el comercio, la educaci\u00f3n y la pol\u00edtica. Antonio Pasquali estudia este proceso de cambio analizando en clave comunicativa aspectos centrales como la revoluci\u00f3n que impone el c\u00f3digo binario frente al lineal; la ciudad como espacio humano de relaci\u00f3n social; la educaci\u00f3n en la era electr\u00f3nica; y la libertad de expresi\u00f3n, entre otros.<\/p>\n<p>&nbsp;<\/p>\n<hr \/>\n<p>&nbsp;<\/p>\n<p><em>Comunicaci\u00f3n Pol\u00edtica en M\u00e9xico. Retos y desaf\u00edos ante el proceso democratizador global<\/em>. Por <strong>Norma Pareja S\u00e1nchez<\/strong> y <strong>Silvia Molina y Vedia<\/strong> (coordinadoras). A\u00f1o 2011. Editorial Comunicaci\u00f3n Social (Zamora, Espa\u00f1a). ISBN: 978-84-92860-17-3.<\/p>\n<p><img loading=\"lazy\" decoding=\"async\" alt=\"\" height=\"270\" src=\"http:\/\/centresderecerca.uab.cat\/oic\/sites\/centresderecerca.uab.cat.oic\/files\/images\/978-84-92860-17-3_2D.jpg\" width=\"193\" \/>El segundo volumen de la colecci\u00f3n Espacio Iberoamericano, promovida por el Observatorio Iberoamericano de la Comunicaci\u00f3n trata de la&nbsp;<em>Comunicaci\u00f3n Pol\u00edtica en M\u00e9xico. Retos y desaf\u00edos ante el proceso democratizador global<\/em>, una obra coordinada por las profesoras Norma Pareja S\u00e1nchez y Silvia Molina y Vedia. El libro aborda aspectos relacionados con las inercias de un sistema pol\u00edtico autoritario en coexistencia con los nuevos valores democr\u00e1ticos. Se estructura en torno a tres ejes tem\u00e1ticos (la comunicaci\u00f3n pol\u00edtica y los porcesos electrorales, las estrategias de comunicaci\u00f3n pol\u00edtica, y&nbsp; a comunicaci\u00f3n pol\u00edtica y la relaci\u00f3n entre M\u00e9xico y Estados Unidos), con colaboraciones de los miembros del grupo de investigaci\u00f3n en comunicaci\u00f3n pol\u00edtica de la Asociaci\u00f3n Mexicana de Investigadores en Comunicaci\u00f3n (AMIC).<\/p>\n<p>&nbsp;<\/p>\n<p>&nbsp;<\/p>\n<hr \/>\n<p>&nbsp;<\/p>\n<p><em>Qu\u00e9 pasa con el estudio de los medios. Di\u00e1logo con las Ciencias Sociales en Iberoam\u00e9rica<\/em> Por <strong>Ra\u00fal Fuentes Navarro, Enrique E. S\u00e1nchez Ruiz y Ra\u00fal Trejo Delarbre<\/strong>. A\u00f1o 2011. Editorial Comunicaci\u00f3n Social (Zamora, Espa\u00f1a). ISBN: 978-84-96082-75-5.<\/p>\n<p><img loading=\"lazy\" decoding=\"async\" alt=\"\" height=\"270\" src=\"http:\/\/centresderecerca.uab.cat\/oic\/sites\/centresderecerca.uab.cat.oic\/files\/images\/978-84-96082-75-5_2D.jpg\" style=\"float:left\" width=\"193\" \/><em>Qu\u00e9 pasa con el estudio de los medios<\/em> pone en primera l\u00ednea de la actualidad el debate acerca de la identidad de los estudios sobre los medios de comunicaci\u00f3n como disciplina acad\u00e9mica. Tres autores de acreditada solvencia son los encargados de entablar este di\u00e1logo: Ra\u00fal Fuentes presenta, a partir de datos recientes, una actualizaci\u00f3n de la hip\u00f3tesis de la Triple Marginalidad de los estudios de Comunicaci\u00f3n \u2014o Medios\u2014 y de la dimensi\u00f3n disciplinaria \u2014o post-disciplinaria\u2014 de los mismos; Ra\u00fal Trejo se adentra en un fascinante recorrido bibliogr\u00e1fico que muestra c\u00f3mo se ha contemplado el objeto principal de estudio de los llamados comunic\u00f3logos \u2014los medios de comunicaci\u00f3n\u2014 desde antes incluso de que este campo acad\u00e9mico adquiriese su actual identidad y forma institucional; y Enrique E. S\u00e1nchez, por su parte, repasa los cambios de paradigma ideol\u00f3gico que han dominado las Ciencias Sociales en Iberoam\u00e9rica \u2014desde los a\u00f1os sesenta hasta la actualidad\u2014 destacando la necesaria interacci\u00f3n de los estudios sobre los medios con las Ciencias Sociales en virtud de las m\u00faltiples dimensiones de dichos estudios.<\/p>\n<p>&nbsp;<\/p>\n<p>&nbsp;<\/p>\n<hr \/>\n<p>&nbsp;<\/p>\n<p><em>Pol\u00edticas de comunica\u00e7\u00f5es. Um estudo comparado: Brasil, Espanha, Estados Unidos, M\u00e9xico e Venezuela<\/em> Por&nbsp;<strong>Sayonara Leal, Murilo C\u00e9sar Ramos y Elen Gerlades<\/strong> (orgs.). A\u00f1o 2013.&nbsp;Editorial Comunicaci\u00f3n Social (Zamora, Espa\u00f1a). ISBN: 978-84-15544-24-1.<\/p>\n<p>\n<img loading=\"lazy\" decoding=\"async\" alt=\"\" height=\"259\" src=\"http:\/\/centresderecerca.uab.cat\/oic\/sites\/centresderecerca.uab.cat.oic\/files\/images\/Colecci\u00f3n%20Espacio%20Iberoamericano%20N\u00ba%206%20web.jpg\" style=\"float:left\" title=\"\" width=\"185\" \/><\/p>\n<p>La conceptualizaci\u00f3n de las pol\u00edticas p\u00fablicas de comunicaci\u00f3n remite a la discusi\u00f3n de las relaciones entre el Estado, medios de comunicaci\u00f3n y sociedad civil. Hist\u00f3ricamente, las instituciones del Estado moderno vinculan a las pol\u00edticas de desarrollo, entre las que se encuentran las de la comunicaci\u00f3n, con los actores econ\u00f3micos. En efecto, la aplicaci\u00f3n de estas pol\u00edticas crea entornos regulatorios capaces de resolver los problemas planteados por la imperfecci\u00f3n de los mercados, al mismo tiempo que corrige los abusos originados por los agentes econ\u00f3micos a trav\u00e9s de las complejas relaciones entre regulaci\u00f3n, democracia y capitalismo.<\/p>\n<p>Este trabajo, desarrollado por el Laboratorio de Comunicaci\u00f3n Pol\u00edtica (LaPCom) de la Universidad de Brasilia, revela el esfuerzo por construir un estudio emp\u00edrico y comparativo regional, basado en aspectos fundamentales como son: la relaci\u00f3n de Estado con los medios de comunicaci\u00f3n; la participaci\u00f3n p\u00fablica en la planificaci\u00f3n de la comunicaci\u00f3n; los mecanismos para estimular la presencia de diferentes actores sociales en el debate p\u00fablico; y la formulaci\u00f3n de las pol\u00edticas p\u00fabicas dirigidas al desarrollo de los nuevos medios.<\/p>\n<p>&nbsp;<\/p>\n<hr \/>\n<p>&nbsp;<\/p>\n<p><em>Matrices culturales del neoliberalismno: una odisea barroca<\/em> Por&nbsp;<strong>Eliseo R. Col\u00f3n Zayas<\/strong>. A\u00f1o 2013.&nbsp;Editorial Comunicaci\u00f3n Social (Zamora, Espa\u00f1a). ISBN: 978-84-15544-41-8.<\/p>\n<p><img loading=\"lazy\" decoding=\"async\" alt=\"\" height=\"259\" src=\"http:\/\/centresderecerca.uab.cat\/oic\/sites\/centresderecerca.uab.cat.oic\/files\/images\/Colecci\u00f3n Espacio Iberoamericano. Eliseo Colon_0.jpg\" title=\"\" width=\"185\" \/>La investigaci\u00f3n contempor\u00e1nea interpreta el barroco como un fen\u00f3meno cultural que surge en una situaci\u00f3n hist\u00f3rica espec\u00edfica y abarca la amplitud de la diversidad cultural a trav\u00e9s de los l\u00edmites cronol\u00f3gicos. Si bien se puede hablar de periodos hist\u00f3ricos distintos, cada uno de ellos con un conjunto de fen\u00f3menos culturales particulares y espec\u00edficos a su situaci\u00f3n hist\u00f3rica, es posible identificar y describir una cultura barroca fluida, que no se limita &nbsp;a un punto espec\u00edfico en la historia, sino que la atraviesa diacr\u00f3nicamente hasta nuestros tiempos. En este sentido, por ejemplo, el melodrama y lo melodram\u00e1tico, aunque articulan la propuesta sentimental de la modernidad, funcionan hoy como mecanismos ret\u00f3ricos en la construcci\u00f3n de una cultura populista neoliberal, basada en un mercado de consumismo diferenciado y en el liberalismo individual radical.<\/p>\n<p>&nbsp;<\/p>\n","protected":false},"excerpt":{"rendered":"<p>La comunicaci\u00f3n mundo. Releer un mundo trasformado por las comunicaciones. Por Antonio Pasquali. A\u00f1o 2011. Editorial Comunicaci\u00f3n Social (Zamora, Espa\u00f1a). ISBN: 978-84-92860-21-0. &nbsp; El primer libro de la colecci\u00f3n Espacio Iberoamericano est\u00e1 escrito por Antonio Pasquali, uno de los m\u00e1s reputados investigadores del fen\u00f3meno de la comunicaci\u00f3n en Am\u00e9rica Latina. La obra supone una invitaci\u00f3n [&hellip;]<\/p>\n","protected":false},"author":20,"featured_media":0,"parent":0,"menu_order":0,"comment_status":"closed","ping_status":"closed","template":"","meta":{"footnotes":""},"class_list":["post-132","page","type-page","status-publish","hentry"],"_links":{"self":[{"href":"https:\/\/webs.uab.cat\/oic\/es\/wp-json\/wp\/v2\/pages\/132","targetHints":{"allow":["GET"]}}],"collection":[{"href":"https:\/\/webs.uab.cat\/oic\/es\/wp-json\/wp\/v2\/pages"}],"about":[{"href":"https:\/\/webs.uab.cat\/oic\/es\/wp-json\/wp\/v2\/types\/page"}],"author":[{"embeddable":true,"href":"https:\/\/webs.uab.cat\/oic\/es\/wp-json\/wp\/v2\/users\/20"}],"replies":[{"embeddable":true,"href":"https:\/\/webs.uab.cat\/oic\/es\/wp-json\/wp\/v2\/comments?post=132"}],"version-history":[{"count":0,"href":"https:\/\/webs.uab.cat\/oic\/es\/wp-json\/wp\/v2\/pages\/132\/revisions"}],"wp:attachment":[{"href":"https:\/\/webs.uab.cat\/oic\/es\/wp-json\/wp\/v2\/media?parent=132"}],"curies":[{"name":"wp","href":"https:\/\/api.w.org\/{rel}","templated":true}]}}