{"id":148,"date":"2010-06-22T15:31:18","date_gmt":"2010-06-22T13:31:18","guid":{"rendered":"https:\/\/webs.uab.cat\/oic\/publicaciones\/"},"modified":"2010-07-06T11:43:04","modified_gmt":"2010-07-06T09:43:04","slug":"publicaciones","status":"publish","type":"page","link":"https:\/\/webs.uab.cat\/oic\/es\/publicaciones\/","title":{"rendered":"Publicaciones"},"content":{"rendered":"<figure class=\"image\" style=\"float:right\"><img loading=\"lazy\" decoding=\"async\" class=\" size-full wp-image-113\" alt=\"Cabecera Conexiones1.png\" height=\"84\" src=\"https:\/\/webs.uab.cat\/oic\/wp-content\/uploads\/sites\/223\/2010\/06\/Cabecera-Conexiones1.png\" width=\"296\" srcset=\"https:\/\/webs.uab.cat\/oic\/wp-content\/uploads\/sites\/223\/2010\/06\/Cabecera-Conexiones1.png 604w, https:\/\/webs.uab.cat\/oic\/wp-content\/uploads\/sites\/223\/2010\/06\/Cabecera-Conexiones1-300x85.png 300w\" sizes=\"auto, (max-width: 296px) 100vw, 296px\" \/><figcaption><\/figcaption><\/figure>\n<p>La <strong>Colecci\u00f3n Espacio Iberoamericano<\/strong> es un aporte acad\u00e9mico al campo de la investigaci\u00f3n cr\u00edtica desde las diferentes disciplinas que abordan el sistema de los medios de comunicaci\u00f3n y sus manifestaciones culturales. Su objetivo es difundir nuevas perspectivas te\u00f3ricas, emp\u00edricas e hist\u00f3ricas de la comunicaci\u00f3n, en el contexto de los cambios impulsados por la mundializaci\u00f3n y la revoluci\u00f3n digital.&nbsp;<strong><em>Conexiones. Revista Iberoamericana de Comunicaci\u00f3n<\/em><\/strong> es una publicaci\u00f3n de la Red Interuniversitaria de Estudios de Comunicaci\u00f3n (RIEC), que&nbsp;desea establecer un debate plural sobre los aspectos centrales de la cultura y los medios de comunicaci\u00f3n. Su objetivo expl\u00edcito es continuar, ampliar y consolidar el campo de la investigaci\u00f3n cr\u00edtica abierto en las sociedades iberoamericanas por las diferentes disciplinas que abordan el sistema de los medios de comunicaci\u00f3n y sus manifestaciones culturales.<\/p>\n<p>&nbsp;<\/p>\n","protected":false},"excerpt":{"rendered":"<p>La Colecci\u00f3n Espacio Iberoamericano es un aporte acad\u00e9mico al campo de la investigaci\u00f3n cr\u00edtica desde las diferentes disciplinas que abordan el sistema de los medios de comunicaci\u00f3n y sus manifestaciones culturales. Su objetivo es difundir nuevas perspectivas te\u00f3ricas, emp\u00edricas e hist\u00f3ricas de la comunicaci\u00f3n, en el contexto de los cambios impulsados por la mundializaci\u00f3n y [&hellip;]<\/p>\n","protected":false},"author":20,"featured_media":111,"parent":0,"menu_order":0,"comment_status":"closed","ping_status":"closed","template":"","meta":{"footnotes":""},"class_list":["post-148","page","type-page","status-publish","has-post-thumbnail","hentry"],"_links":{"self":[{"href":"https:\/\/webs.uab.cat\/oic\/es\/wp-json\/wp\/v2\/pages\/148","targetHints":{"allow":["GET"]}}],"collection":[{"href":"https:\/\/webs.uab.cat\/oic\/es\/wp-json\/wp\/v2\/pages"}],"about":[{"href":"https:\/\/webs.uab.cat\/oic\/es\/wp-json\/wp\/v2\/types\/page"}],"author":[{"embeddable":true,"href":"https:\/\/webs.uab.cat\/oic\/es\/wp-json\/wp\/v2\/users\/20"}],"replies":[{"embeddable":true,"href":"https:\/\/webs.uab.cat\/oic\/es\/wp-json\/wp\/v2\/comments?post=148"}],"version-history":[{"count":0,"href":"https:\/\/webs.uab.cat\/oic\/es\/wp-json\/wp\/v2\/pages\/148\/revisions"}],"wp:featuredmedia":[{"embeddable":true,"href":"https:\/\/webs.uab.cat\/oic\/es\/wp-json\/wp\/v2\/media\/111"}],"wp:attachment":[{"href":"https:\/\/webs.uab.cat\/oic\/es\/wp-json\/wp\/v2\/media?parent=148"}],"curies":[{"name":"wp","href":"https:\/\/api.w.org\/{rel}","templated":true}]}}