{"id":160,"date":"2010-06-22T15:31:41","date_gmt":"2010-06-22T13:31:41","guid":{"rendered":"https:\/\/webs.uab.cat\/oic\/investigacion-oic\/"},"modified":"2022-10-05T14:28:13","modified_gmt":"2022-10-05T12:28:13","slug":"investigacion-oic","status":"publish","type":"page","link":"https:\/\/webs.uab.cat\/oic\/es\/investigacion-oic\/","title":{"rendered":"L\u00edneas de investigaci\u00f3n"},"content":{"rendered":"\n<p>El OIC trabaja en cuatro l\u00edneas de investigaci\u00f3n:<\/p>\n\n\n\n<ol class=\"wp-block-list\"><li><strong><a href=\"#ANA\">Industrias creativas, contenidos de los medios\u00a0y nuevas din\u00e1micas sociales<\/a><\/strong><\/li><li><strong><a href=\"#TIC\">Sociedad de la informaci\u00f3n,\u00a0tecnolog\u00eda\u00a0y globalizaci\u00f3n<\/a><\/strong><\/li><li><strong><a href=\"#POL\">Pol\u00edticas de comunicaci\u00f3n, regulaci\u00f3n\u00a0y sistema de medios<\/a><\/strong><\/li><li><strong><a href=\"#AUD\">Sector audiovisual, integraci\u00f3n regional\u00a0y diversidad cultural<\/a><\/strong><\/li><\/ol>\n\n\n\n<h2 class=\"wp-block-heading\" id=\"ANA\">Industrias creativas, contenidos de los medios\u00a0y nuevas din\u00e1micas sociales<\/h2>\n\n\n\n<p>Esta l\u00ednea de investigaci\u00f3n est\u00e1 especializada en el uso de herramientas emp\u00edricas y cualitativas para estudiar el comportamiento de las industrias comunicacionales, creativas y culturales. Es un campo de trabajo plural que pone el \u00e9nfasis en la investigaci\u00f3n especializada para facilitar a los profesionales de los medios, a la administraci\u00f3n p\u00fablica, a los agentes sectoriales y a los usuarios de la comunicaci\u00f3n, instrumentos estrat\u00e9gicos para la toma de decisiones. El dise\u00f1o y la implementaci\u00f3n de la investigaci\u00f3n en este campo entronca con los planteamientos del programa de la Uni\u00f3n Europea Horizonte 2020, que impulsa el papel de las tecnolog\u00edas y la gesti\u00f3n de la informaci\u00f3n, incluidas las TIC, los contenidos digitales y la creatividad, en tanto que instrumentos para abordar los grandes retos sociales y el nuevo liderazgo industrial.<\/p>\n\n\n\n<h2 class=\"wp-block-heading\" id=\"TIC\">Sociedad de la informaci\u00f3n,\u00a0tecnolog\u00eda\u00a0y globalizaci\u00f3n<\/h2>\n\n\n\n<p>Esta l\u00ednea de trabajo surge del inter\u00e9s cient\u00edfico por analizar el nivel de desarrollo de los diferentes sistemas comunicativos locales o auton\u00f3micos y los efectos que tienen las tecnolog\u00edas de la comunicaci\u00f3n y la informaci\u00f3n (TIC) en las formas tradicionales de organizaci\u00f3n, producci\u00f3n y funcionamiento de los medios. Tambi\u00e9n nos interesa conocer el nivel de cambio que se produce en el trabajo y en el contenido de los medios como consecuencia de la convergencia digital en el sector y el creciente protagonismo de los usuarios en entornos tecnol\u00f3gicos interactivos. Dado que las instituciones locales y sus actores pol\u00edticos tienen en el actual escenario tecnol\u00f3gico un papel activo y significativo, proponemos una aproximaci\u00f3n al tema de las TIC desde la perspectiva local, que considera tanto a los operadores del sistema de los medios que ofertan nuevos servicios para las infraestructuras emergentes, como las estrategias de cohesi\u00f3n territorial que impulsan las redes emergentes. En este sentido, es preciso estudiar los objetivos estrat\u00e9gicos prioritarios de las instituciones locales y tomar decisiones a favor de la informaci\u00f3n de proximidad, la descentralizaci\u00f3n y el reequilibrio territorial comunicativo, as\u00ed como la descentralizaci\u00f3n de servicios como pueden ser la educaci\u00f3n a distancia o la administraci\u00f3n en l\u00ednea.<\/p>\n\n\n\n<h2 class=\"wp-block-heading\" id=\"POL\">Pol\u00edticas de comunicaci\u00f3n, regulaci\u00f3n\u00a0y sistema de medios<\/h2>\n\n\n\n<p>El desarrollo del sistema de medios ha tenido la virtud de plantear en el debate sobre el inter\u00e9s general y las pol\u00edticas de comunicaci\u00f3n aspectos que permanec\u00edan ausentes o circunscritos al \u00e1mbito de la industria y el comercio. Por este motivo, vinculamos el estudio de las pol\u00edticas de comunicaci\u00f3n al bienestar social de las sociedades, a la profundizaci\u00f3n de la democracia, al desarrollo econ\u00f3mico y social y a la cooperaci\u00f3n para el desarrollo. Valores como la innovaci\u00f3n, la competencia (la regulaci\u00f3n), el empleo y el desarrollo econ\u00f3mico, adquieren hoy una gran presencia y visibilidad, como consecuencia del proceso de convergencia mencionado y la consideraci\u00f3n de que la industria cultural y las nuevas tecnolog\u00edas son los puentes de paso a la sociedad de la informaci\u00f3n.<\/p>\n\n\n\n<h2 class=\"wp-block-heading\" id=\"AUD\">Sector audiovisual, integraci\u00f3n regional\u00a0y diversidad cultural<\/h2>\n\n\n\n<p>El objetivo de esta l\u00ednea de investigaci\u00f3n es analizar el sector audiovisual nacional e internacional desde las diversas perspectivas sociales, econ\u00f3micas y tecnol\u00f3gicas. Se trata de abordar los factores que impulsan la evoluci\u00f3n del audiovisual como actividad central de la industria cultural.&nbsp;El pleno funcionamiento de un mercado \u00fanico digital condiciona el desarrollo del sector y obliga a nuevos planteamientos de pol\u00edticas p\u00fablicas y modelos de negocio empresariales.&nbsp;El despliegue de la tecnolog\u00eda digital en el sector audiovisual tiene singularidades que requieren de estudios detallados con \u00e9nfasis en sus consecuencias nacionales, regionales y globales.&nbsp;<\/p>\n","protected":false},"excerpt":{"rendered":"<p>El OIC trabaja en cuatro l\u00edneas de investigaci\u00f3n: Industrias creativas, contenidos de los medios\u00a0y nuevas din\u00e1micas sociales Sociedad de la informaci\u00f3n,\u00a0tecnolog\u00eda\u00a0y globalizaci\u00f3n Pol\u00edticas de comunicaci\u00f3n, regulaci\u00f3n\u00a0y sistema de medios Sector audiovisual, integraci\u00f3n regional\u00a0y diversidad cultural Industrias creativas, contenidos de los medios\u00a0y nuevas din\u00e1micas sociales Esta l\u00ednea de investigaci\u00f3n est\u00e1 especializada en el uso de herramientas [&hellip;]<\/p>\n","protected":false},"author":20,"featured_media":0,"parent":0,"menu_order":0,"comment_status":"closed","ping_status":"closed","template":"","meta":{"footnotes":""},"class_list":["post-160","page","type-page","status-publish","hentry"],"_links":{"self":[{"href":"https:\/\/webs.uab.cat\/oic\/es\/wp-json\/wp\/v2\/pages\/160","targetHints":{"allow":["GET"]}}],"collection":[{"href":"https:\/\/webs.uab.cat\/oic\/es\/wp-json\/wp\/v2\/pages"}],"about":[{"href":"https:\/\/webs.uab.cat\/oic\/es\/wp-json\/wp\/v2\/types\/page"}],"author":[{"embeddable":true,"href":"https:\/\/webs.uab.cat\/oic\/es\/wp-json\/wp\/v2\/users\/20"}],"replies":[{"embeddable":true,"href":"https:\/\/webs.uab.cat\/oic\/es\/wp-json\/wp\/v2\/comments?post=160"}],"version-history":[{"count":1,"href":"https:\/\/webs.uab.cat\/oic\/es\/wp-json\/wp\/v2\/pages\/160\/revisions"}],"predecessor-version":[{"id":2501,"href":"https:\/\/webs.uab.cat\/oic\/es\/wp-json\/wp\/v2\/pages\/160\/revisions\/2501"}],"wp:attachment":[{"href":"https:\/\/webs.uab.cat\/oic\/es\/wp-json\/wp\/v2\/media?parent=160"}],"curies":[{"name":"wp","href":"https:\/\/api.w.org\/{rel}","templated":true}]}}