{"id":168,"date":"2010-07-06T14:41:45","date_gmt":"2010-07-06T12:41:45","guid":{"rendered":"https:\/\/webs.uab.cat\/oic\/formacion\/"},"modified":"2010-07-06T14:41:45","modified_gmt":"2010-07-06T12:41:45","slug":"formacion","status":"publish","type":"page","link":"https:\/\/webs.uab.cat\/oic\/es\/formacion\/","title":{"rendered":"Formacion"},"content":{"rendered":"<h2>Docencia<\/h2>\n<div id=\"_mcePaste\" style=\"position: absolute; left: -10000px; top: 0px; width: 1px; height: 1px; overflow-x: hidden; overflow-y: hidden;\">DOCENCIA<\/div>\n<figure class=\"image\" style=\"float:left\"><img loading=\"lazy\" decoding=\"async\" alt=\"\" height=\"259\" src=\"http:\/\/centresderecerca.uab.cat\/oic\/sites\/centresderecerca.uab.cat.oic\/files\/images\/cg114s0021_2.jpg\" title=\"\" width=\"345\" \/><figcaption><\/figcaption><\/figure>\n<div id=\"_mcePaste\" style=\"position: absolute; left: -10000px; top: 0px; width: 1px; height: 1px; overflow-x: hidden; overflow-y: hidden;\">Los investigadores del OIC imparten docencia universitaria en titulaciones de grado de Comunicaci\u00f3n y Ciencias Sociales (Periodismo, Comunicaci\u00f3n Audiovisual y Publicidad y Relaciones P\u00fablicas\u2026). Las \u00e1reas preferentes de docencia se encuentran principalmente en el \u00e1mbito de las Teor\u00edas, Estructura y Pol\u00edticas de Comunicaci\u00f3n.&nbsp;<\/div>\n<div id=\"_mcePaste\" style=\"position: absolute; left: -10000px; top: 0px; width: 1px; height: 1px; overflow-x: hidden; overflow-y: hidden;\">En los estudios de posgrado (M\u00e1ster y Doctorado) los investigadores del OIC coordinan m\u00f3dulos especializados en \u2018Estructura y Pol\u00edticas de Comunicaci\u00f3n\u2019, en temas europeos, iberoamericanos y de pa\u00edses emergentes. Estas \u00e1reas docentes acogen cada a\u00f1o estudiantes nacionales e internacionales que realizan investigaciones de M\u00e1ster y\/o Doctorado.&nbsp;<\/div>\n<div id=\"_mcePaste\" style=\"position: absolute; left: -10000px; top: 0px; width: 1px; height: 1px; overflow-x: hidden; overflow-y: hidden;\">El equipo docente del OIC imparte cursos y seminarios como profesores invitados en diversas universidades espa\u00f1olas, europeas y latinoamericanas.&nbsp;<\/div>\n<div id=\"_mcePaste\" style=\"position: absolute; left: -10000px; top: 0px; width: 1px; height: 1px; overflow-x: hidden; overflow-y: hidden;\">El OIC tiene una especial preocupaci\u00f3n por las metodolog\u00edas docentes aplicadas al aprendizaje aut\u00f3nomo y el desarrollo de competencias. En este sentido, se han realizado varios estudios e informes sobre esta tem\u00e1tica.<\/div>\n<p>Los investigadores del OIC imparten docencia universitaria en las titulaciones de Grado de <strong>Comunicaci\u00f3n y Ciencias Sociales<\/strong> (Periodismo, Comunicaci\u00f3n Audiovisual y Publicidad y Relaciones P\u00fablicas\u2026). Las \u00e1reas preferentes de docencia se encuentran principalmente en los \u00e1mbitos de las Teor\u00edas, la Estructura y las Pol\u00edticas de Comunicaci\u00f3n.&nbsp;<\/p>\n<p>En los estudios de posgrado (<a href=\"http:\/\/centresderecerca.uab.cat\/oic\/content\/master\">M\u00e1ster <\/a>y <a href=\"http:\/\/centresderecerca.uab.cat\/oic\/content\/doctorado\">Doctorado<\/a>) los investigadores del OIC coordinan m\u00f3dulos especializados en <a href=\"http:\/\/doctoratcomunicacio.wordpress.com\/master-de-investigacion\/planificacion-de-los-estudios\/curso-2011-2012\/modulos-obligatorios-2011-2012\/estructura-y-politicas-de-comunicacion-en-la-era-digital\">Estructura y Pol\u00edticas de Comunicaci\u00f3n<\/a>, en temas europeos, iberoamericanos y de pa\u00edses emergentes. Estas \u00e1reas docentes acogen cada a\u00f1o estudiantes nacionales e internacionales que realizan investigaciones de M\u00e1ster y Doctorado.&nbsp;<\/p>\n<p>El equipo docente del OIC imparte cursos y seminarios como profesores invitados en diversas universidades espa\u00f1olas, europeas y latinoamericanas.&nbsp;<\/p>\n<p>El OIC tiene una especial preocupaci\u00f3n por las metodolog\u00edas docentes aplicadas al aprendizaje aut\u00f3nomo y el desarrollo de competencias. En este sentido, se han realizado varios <a href=\"http:\/\/centresderecerca.uab.cat\/oic\/content\/libro-blanco-estudios-comunicacion\">estudios e informes<\/a> sobre esta tem\u00e1tica.<\/p>\n<p>&nbsp;<\/p>\n<p>&nbsp;<\/p>\n","protected":false},"excerpt":{"rendered":"<p>Docencia DOCENCIA Los investigadores del OIC imparten docencia universitaria en titulaciones de grado de Comunicaci\u00f3n y Ciencias Sociales (Periodismo, Comunicaci\u00f3n Audiovisual y Publicidad y Relaciones P\u00fablicas\u2026). Las \u00e1reas preferentes de docencia se encuentran principalmente en el \u00e1mbito de las Teor\u00edas, Estructura y Pol\u00edticas de Comunicaci\u00f3n.&nbsp; En los estudios de posgrado (M\u00e1ster y Doctorado) los investigadores [&hellip;]<\/p>\n","protected":false},"author":20,"featured_media":0,"parent":0,"menu_order":0,"comment_status":"closed","ping_status":"closed","template":"","meta":{"footnotes":""},"class_list":["post-168","page","type-page","status-publish","hentry"],"_links":{"self":[{"href":"https:\/\/webs.uab.cat\/oic\/es\/wp-json\/wp\/v2\/pages\/168","targetHints":{"allow":["GET"]}}],"collection":[{"href":"https:\/\/webs.uab.cat\/oic\/es\/wp-json\/wp\/v2\/pages"}],"about":[{"href":"https:\/\/webs.uab.cat\/oic\/es\/wp-json\/wp\/v2\/types\/page"}],"author":[{"embeddable":true,"href":"https:\/\/webs.uab.cat\/oic\/es\/wp-json\/wp\/v2\/users\/20"}],"replies":[{"embeddable":true,"href":"https:\/\/webs.uab.cat\/oic\/es\/wp-json\/wp\/v2\/comments?post=168"}],"version-history":[{"count":0,"href":"https:\/\/webs.uab.cat\/oic\/es\/wp-json\/wp\/v2\/pages\/168\/revisions"}],"wp:attachment":[{"href":"https:\/\/webs.uab.cat\/oic\/es\/wp-json\/wp\/v2\/media?parent=168"}],"curies":[{"name":"wp","href":"https:\/\/api.w.org\/{rel}","templated":true}]}}