{"id":171,"date":"2010-07-06T14:44:10","date_gmt":"2010-07-06T12:44:10","guid":{"rendered":"https:\/\/webs.uab.cat\/oic\/master\/"},"modified":"2010-07-06T14:44:10","modified_gmt":"2010-07-06T12:44:10","slug":"master","status":"publish","type":"page","link":"https:\/\/webs.uab.cat\/oic\/es\/master\/","title":{"rendered":"Master"},"content":{"rendered":"<div id=\"_mcePaste\" style=\"position: absolute; left: -10000px; top: 0px; width: 1px; height: 1px; overflow-x: hidden; overflow-y: hidden;\">DOCENCIA<\/div>\n<div id=\"_mcePaste\" style=\"position: absolute; left: -10000px; top: 0px; width: 1px; height: 1px; overflow-x: hidden; overflow-y: hidden;\">Los investigadores del OIC imparten docencia universitaria en titulaciones de grado de Comunicaci\u00f3n y Ciencias Sociales (Periodismo, Comunicaci\u00f3n Audiovisual y Publicidad y Relaciones P\u00fablicas\u2026). Las \u00e1reas preferentes de docencia se encuentran principalmente en el \u00e1mbito de las Teor\u00edas, Estructura y Pol\u00edticas de Comunicaci\u00f3n.&nbsp;<\/div>\n<div id=\"_mcePaste\" style=\"position: absolute; left: -10000px; top: 0px; width: 1px; height: 1px; overflow-x: hidden; overflow-y: hidden;\">En los estudios de posgrado (M\u00e1ster y Doctorado) los investigadores del OIC coordinan m\u00f3dulos especializados en \u2018Estructura y Pol\u00edticas de Comunicaci\u00f3n\u2019, en temas europeos, iberoamericanos y de pa\u00edses emergentes. Estas \u00e1reas docentes acogen cada a\u00f1o estudiantes nacionales e internacionales que realizan investigaciones de M\u00e1ster y\/o Doctorado.&nbsp;<\/div>\n<div id=\"_mcePaste\" style=\"position: absolute; left: -10000px; top: 0px; width: 1px; height: 1px; overflow-x: hidden; overflow-y: hidden;\">El equipo docente del OIC imparte cursos y seminarios como profesores invitados en diversas universidades espa\u00f1olas, europeas y latinoamericanas.&nbsp;<\/div>\n<div id=\"_mcePaste\" style=\"position: absolute; left: -10000px; top: 0px; width: 1px; height: 1px; overflow-x: hidden; overflow-y: hidden;\">El OIC tiene una especial preocupaci\u00f3n por las metodolog\u00edas docentes aplicadas al aprendizaje aut\u00f3nomo y el desarrollo de competencias. En este sentido, se han realizado varios estudios e informes sobre esta tem\u00e1tica.<\/div>\n<p>Los investigadores del OIC imparten docencia en M\u00e1steres oficiales de diversas universidades espa\u00f1olas e iberoamericanas.<\/p>\n<p>En la Universitat Aut\u00f2noma de Barcelona los docentes imparten clase en el <a href=\"http:\/\/www.uab.cat\/servlet\/Satellite\/estudiar\/masteres-oficiales\/informacion-general\/investigacion-en-comunicacion-y-periodismo-1096480309770.html?param1=1236065635314\">M\u00e1ster Oficial de Investigaci\u00f3n en Periodismo y &nbsp;Comunicaci\u00f3n<\/a>. El m\u00f3dulo de especializaci\u00f3n es el de <a href=\"http:\/\/doctoratcomunicacio.wordpress.com\/master-de-investigacion\/planificacion-de-los-estudios\/curso-2011-2012\/modulos-obligatorios-2011-2012\/estructura-y-politicas-de-comunicacion-en-la-era-digital\/\">Estructura y Pol\u00edticas de Comunicaci\u00f3n<\/a>.<\/p>\n<p>Para la tutela de trabajos de M\u00e1ster, los profesores del OIC aceptan proyectos que se encuentran dentro de las&nbsp;<a href=\"http:\/\/centresderecerca.uab.cat\/oic\/content\/investigacion-oic\" style=\"text-decoration: none;\">l\u00edneas de investigaci\u00f3n<\/a>&nbsp;prioritarias para el grupo:<\/p>\n<ul>\n<li>Sociedad de la informaci\u00f3n, tecnolog\u00eda y globalizaci\u00f3n<\/li>\n<li>Pol\u00edticas de comunicaci\u00f3n, regulaci\u00f3n y sistema de medios<\/li>\n<li>Sector audiovisual, integraci\u00f3n regional y diversidad cultural<\/li>\n<li>Contenido de los medios y nuevas din\u00e1micas sociales<\/li>\n<\/ul>\n<p>&nbsp;<\/p>\n<p>&nbsp;<\/p>\n<p>&nbsp;<\/p>\n","protected":false},"excerpt":{"rendered":"<p>DOCENCIA Los investigadores del OIC imparten docencia universitaria en titulaciones de grado de Comunicaci\u00f3n y Ciencias Sociales (Periodismo, Comunicaci\u00f3n Audiovisual y Publicidad y Relaciones P\u00fablicas\u2026). Las \u00e1reas preferentes de docencia se encuentran principalmente en el \u00e1mbito de las Teor\u00edas, Estructura y Pol\u00edticas de Comunicaci\u00f3n.&nbsp; En los estudios de posgrado (M\u00e1ster y Doctorado) los investigadores del [&hellip;]<\/p>\n","protected":false},"author":20,"featured_media":0,"parent":0,"menu_order":0,"comment_status":"closed","ping_status":"closed","template":"","meta":{"footnotes":""},"class_list":["post-171","page","type-page","status-publish","hentry"],"_links":{"self":[{"href":"https:\/\/webs.uab.cat\/oic\/es\/wp-json\/wp\/v2\/pages\/171","targetHints":{"allow":["GET"]}}],"collection":[{"href":"https:\/\/webs.uab.cat\/oic\/es\/wp-json\/wp\/v2\/pages"}],"about":[{"href":"https:\/\/webs.uab.cat\/oic\/es\/wp-json\/wp\/v2\/types\/page"}],"author":[{"embeddable":true,"href":"https:\/\/webs.uab.cat\/oic\/es\/wp-json\/wp\/v2\/users\/20"}],"replies":[{"embeddable":true,"href":"https:\/\/webs.uab.cat\/oic\/es\/wp-json\/wp\/v2\/comments?post=171"}],"version-history":[{"count":0,"href":"https:\/\/webs.uab.cat\/oic\/es\/wp-json\/wp\/v2\/pages\/171\/revisions"}],"wp:attachment":[{"href":"https:\/\/webs.uab.cat\/oic\/es\/wp-json\/wp\/v2\/media?parent=171"}],"curies":[{"name":"wp","href":"https:\/\/api.w.org\/{rel}","templated":true}]}}