{"id":174,"date":"2010-06-22T15:32:22","date_gmt":"2010-06-22T13:32:22","guid":{"rendered":"https:\/\/webs.uab.cat\/oic\/proyectos\/"},"modified":"2010-07-06T14:46:52","modified_gmt":"2010-07-06T12:46:52","slug":"proyectos","status":"publish","type":"page","link":"https:\/\/webs.uab.cat\/oic\/es\/proyectos\/","title":{"rendered":"Proyectos"},"content":{"rendered":"<p>El OIC y sus redes asociadas trabajan en el desarrollo de proyectos enmarcados en el Sistema Nacional de Ciencia, Tecnolog\u00eda e Innovaci\u00f3n, as\u00ed como en estudios avalados por agencias nacionales e internacionales:<\/p>\n<table align=\"center\" border=\"1\" class=\"rootcandyspan\" style=\"border:1px solid rgb(255, 255, 255); width:100%\">\n<thead>\n\t<\/thead>\n<tbody>\n<tr>\n<th style=\"background-color:rgb(0, 102, 102); width:182px\"><span style=\"color:#FFFFFF\"><strong>Referencia<\/strong><\/span><\/th>\n<th style=\"background-color:rgb(0, 102, 102); width:599px\"><span style=\"color:#FFFFFF\"><strong>Nombre<\/strong><\/span><\/th>\n<th style=\"background-color:rgb(0, 102, 102); width:351px\"><span style=\"color:#FFFFFF\"><strong>Financiaci\u00f3n<\/strong><\/span><\/th>\n<\/tr>\n<tr>\n<td style=\"background-color:rgb(220, 220, 220); width:182px\"><a href=\"http:\/\/centresderecerca.uab.cat\/oic\/content\/esptv-presentacion\">CSO2017-82277-R<\/a><\/td>\n<td style=\"background-color:rgb(220, 220, 220); width:599px\"><em>Los retos de la televisi\u00f3n p\u00fablica en Espa\u00f1a ante el mercado \u00fanico digital europeo: estrategias multipantalla, innovaci\u00f3n y renovaci\u00f3n de los mandatos del servicio p\u00fablico<\/em><\/td>\n<td style=\"background-color:rgb(220, 220, 220); width:351px\">Ministerio de Ciencia, Innovaci\u00f3n y Universidades<\/td>\n<\/tr>\n<tr>\n<td style=\"background-color:rgb(176, 196, 222); width:182px\"><a href=\"http:\/\/centresderecerca.uab.cat\/oic\/content\/industrias-culturales-creativas-presentacion\">CSO2013-42822-R<\/a><\/td>\n<td style=\"background-color:rgb(176, 196, 222); width:599px\"><em>La transformaci\u00f3n de las industrias culturales y creativas en Espa\u00f1a: cambio digital, competitividad, empleo y contribuci\u00f3n al bienestar social en el Horizonte 2020<\/em><\/td>\n<td style=\"background-color:rgb(176, 196, 222); width:351px\">Ministerio de Econom\u00eda, Industria y Competitividad<\/td>\n<\/tr>\n<tr>\n<td style=\"background-color:rgb(220, 220, 220); width:182px\"><a href=\"http:\/\/centresderecerca.uab.cat\/oic\/content\/politicas-publicas-sociedad-informacion-presentacion\">CSO2008\/00587<\/a><\/td>\n<td style=\"background-color:rgb(220, 220, 220); width:599px\"><em>Pol\u00edticas p\u00fablicas de impulso a la sociedad de la informaci\u00f3n en Espa\u00f1a: Evaluaci\u00f3n de las estrategias y actuaciones en nueve comunidades aut\u00f3nomas<\/em><\/td>\n<td style=\"background-color:rgb(220, 220, 220); width:351px\">Ministerio de Ciencia e Innovaci\u00f3n<\/td>\n<\/tr>\n<tr>\n<td style=\"background-color:rgb(176, 196, 222); width:182px\"><a href=\"http:\/\/centresderecerca.uab.cat\/oic\/content\/resumen-0\">CF181137<\/a><\/td>\n<td style=\"background-color:rgb(176, 196, 222); width:599px\"><em>La prensa y la cooperaci\u00f3n internacional. Cobertura de la cooperaci\u00f3n para el desarrollo en nueve diarios europeos <\/em><\/td>\n<td style=\"background-color:rgb(176, 196, 222); width:351px\">AECID-Espa\u00f1a &amp; IPS-Roma<\/td>\n<\/tr>\n<tr>\n<td style=\"background-color:rgb(220, 220, 220); width:182px\"><a href=\"http:\/\/centresderecerca.uab.cat\/oic\/content\/tic-comunidades-autonomas\">SEC2003\/07024<\/a><\/td>\n<td style=\"background-color:rgb(220, 220, 220); width:599px\"><em>Nueva tecnolog\u00eda de la informaci\u00f3n y cambio comunicativo en las comunidades aut\u00f3nomas espa\u00f1olas<\/em><\/td>\n<td style=\"background-color:rgb(220, 220, 220); width:351px\">Ministerio de Educaci\u00f3n y Ciencia<\/td>\n<\/tr>\n<tr>\n<td style=\"background-color:rgb(176, 196, 222); width:182px\"><a href=\"http:\/\/centresderecerca.uab.cat\/oic\/content\/libro-blanco-estudios-comunicacion\">CI201347<\/a><\/td>\n<td style=\"background-color:rgb(176, 196, 222); width:599px\"><em>Libro blanco de los t\u00edtulos de grado en Ciencias de la Comunicaci\u00f3n<\/em><\/td>\n<td style=\"background-color:rgb(176, 196, 222); width:351px\">Agencia Nacional de Evaluaci\u00f3n de la Calidad y Acreditaci\u00f3n (ANECA)<\/td>\n<\/tr>\n<\/tbody>\n<\/table>\n<p>&nbsp;<\/p>\n","protected":false},"excerpt":{"rendered":"<p>El OIC y sus redes asociadas trabajan en el desarrollo de proyectos enmarcados en el Sistema Nacional de Ciencia, Tecnolog\u00eda e Innovaci\u00f3n, as\u00ed como en estudios avalados por agencias nacionales e internacionales: Referencia Nombre Financiaci\u00f3n CSO2017-82277-R Los retos de la televisi\u00f3n p\u00fablica en Espa\u00f1a ante el mercado \u00fanico digital europeo: estrategias multipantalla, innovaci\u00f3n y renovaci\u00f3n [&hellip;]<\/p>\n","protected":false},"author":20,"featured_media":0,"parent":0,"menu_order":0,"comment_status":"closed","ping_status":"closed","template":"","meta":{"footnotes":""},"class_list":["post-174","page","type-page","status-publish","hentry"],"_links":{"self":[{"href":"https:\/\/webs.uab.cat\/oic\/es\/wp-json\/wp\/v2\/pages\/174","targetHints":{"allow":["GET"]}}],"collection":[{"href":"https:\/\/webs.uab.cat\/oic\/es\/wp-json\/wp\/v2\/pages"}],"about":[{"href":"https:\/\/webs.uab.cat\/oic\/es\/wp-json\/wp\/v2\/types\/page"}],"author":[{"embeddable":true,"href":"https:\/\/webs.uab.cat\/oic\/es\/wp-json\/wp\/v2\/users\/20"}],"replies":[{"embeddable":true,"href":"https:\/\/webs.uab.cat\/oic\/es\/wp-json\/wp\/v2\/comments?post=174"}],"version-history":[{"count":0,"href":"https:\/\/webs.uab.cat\/oic\/es\/wp-json\/wp\/v2\/pages\/174\/revisions"}],"wp:attachment":[{"href":"https:\/\/webs.uab.cat\/oic\/es\/wp-json\/wp\/v2\/media?parent=174"}],"curies":[{"name":"wp","href":"https:\/\/api.w.org\/{rel}","templated":true}]}}