{"id":178,"date":"2010-07-06T14:49:39","date_gmt":"2010-07-06T12:49:39","guid":{"rendered":"https:\/\/webs.uab.cat\/oic\/indice-localcom-2010-0\/"},"modified":"2010-07-06T14:49:39","modified_gmt":"2010-07-06T12:49:39","slug":"indice-localcom-2010-0","status":"publish","type":"page","link":"https:\/\/webs.uab.cat\/oic\/es\/indice-localcom-2010-0\/","title":{"rendered":"\u00cdNDICE LOCALCOM 2010"},"content":{"rendered":"<p>&nbsp;<strong>&nbsp;&nbsp; <\/strong>\u00bb<strong> <a href=\"#COMP\">\u00cdndice compuesto<\/a><\/strong><br \/>\n&nbsp;&nbsp;&nbsp; \u00bb<strong> <a href=\"#OPOR\">Oportunidades<\/a><\/strong><br \/>\n&nbsp;&nbsp;&nbsp; \u00bb<strong> <a href=\"#INFR\">Infraestructuras<\/a><\/strong><br \/>\n&nbsp;&nbsp;&nbsp; \u00bb<strong> <a href=\"#USO\">Usos<\/a><\/strong><\/p>\n<p><a name=\"COMP\"><\/a><strong>\u00cdndice Localcom 2010: \u00cdndice Compuesto<\/strong><\/p>\n<table align=\"center\" border=\"1\" class=\"rootcandyspan\" style=\"background-color:rgb(255, 255, 255); border:1px solid rgb(255, 255, 255); height:561px; position:relative; width:350px\">\n<thead>\n<tr>\n<td>&nbsp;<\/td>\n<td><strong><span style=\"color:white\">Comunidad Aut\u00f3noma<\/span><\/strong><\/td>\n<td><strong><span style=\"color:white\">IL 2010<\/span><\/strong><\/td>\n<\/tr>\n<\/thead>\n<tbody>\n<tr>\n<td style=\"background-color:rgb(220, 220, 220)\">1<\/td>\n<td style=\"background-color:rgb(220, 220, 220)\">Comunidad de Madrid<\/td>\n<td style=\"background-color:rgb(220, 220, 220)\">0,835<\/td>\n<\/tr>\n<tr>\n<td style=\"background-color:rgb(176, 196, 222)\">2<\/td>\n<td style=\"background-color:rgb(176, 196, 222)\">Navarra<\/td>\n<td style=\"background-color:rgb(176, 196, 222)\">0,738<\/td>\n<\/tr>\n<tr>\n<td style=\"background-color:rgb(220, 220, 220)\">3<\/td>\n<td style=\"background-color:rgb(220, 220, 220)\">Catalu\u00f1a<\/td>\n<td style=\"background-color:rgb(220, 220, 220)\">0,726<\/td>\n<\/tr>\n<tr>\n<td style=\"background-color:rgb(176, 196, 222)\">4<\/td>\n<td style=\"background-color:rgb(176, 196, 222)\">Pa\u00eds Vasco<\/td>\n<td style=\"background-color:rgb(176, 196, 222)\">0,721<\/td>\n<\/tr>\n<tr>\n<td style=\"background-color:rgb(220, 220, 220)\">5<\/td>\n<td style=\"background-color:rgb(220, 220, 220)\">Cantabria<\/td>\n<td style=\"background-color:rgb(220, 220, 220)\">0,592<\/td>\n<\/tr>\n<tr>\n<td style=\"background-color:rgb(176, 196, 222)\">6<\/td>\n<td style=\"background-color:rgb(176, 196, 222)\">Arag\u00f3n<\/td>\n<td style=\"background-color:rgb(176, 196, 222)\">0,550<\/td>\n<\/tr>\n<tr>\n<td style=\"background-color:rgb(220, 220, 220)\">7<\/td>\n<td style=\"background-color:rgb(220, 220, 220)\">Baleares<\/td>\n<td style=\"background-color:rgb(220, 220, 220)\">0,541<\/td>\n<\/tr>\n<tr>\n<td style=\"background-color:rgb(176, 196, 222)\">8<\/td>\n<td style=\"background-color:rgb(176, 196, 222)\">Asturias<\/td>\n<td style=\"background-color:rgb(176, 196, 222)\">0,535<\/td>\n<\/tr>\n<tr>\n<td style=\"background-color:rgb(220, 220, 220)\">9<\/td>\n<td style=\"background-color:rgb(220, 220, 220)\">La Rioja<\/td>\n<td style=\"background-color:rgb(220, 220, 220)\">0,477<\/td>\n<\/tr>\n<tr>\n<td style=\"background-color:rgb(176, 196, 222)\">10<\/td>\n<td style=\"background-color:rgb(176, 196, 222)\">Comunidad Valenciana<\/td>\n<td style=\"background-color:rgb(176, 196, 222)\">0,421<\/td>\n<\/tr>\n<tr>\n<td style=\"background-color:rgb(220, 220, 220)\">11<\/td>\n<td style=\"background-color:rgb(220, 220, 220)\">Castilla y Le\u00f3n<\/td>\n<td style=\"background-color:rgb(220, 220, 220)\">0,416<\/td>\n<\/tr>\n<tr>\n<td style=\"background-color:rgb(176, 196, 222)\">12<\/td>\n<td style=\"background-color:rgb(176, 196, 222)\">Canarias<\/td>\n<td style=\"background-color:rgb(176, 196, 222)\">0,321<\/td>\n<\/tr>\n<tr>\n<td style=\"background-color:rgb(220, 220, 220)\">13<\/td>\n<td style=\"background-color:rgb(220, 220, 220)\">Andaluc\u00eda<\/td>\n<td style=\"background-color:rgb(220, 220, 220)\">0,320<\/td>\n<\/tr>\n<tr>\n<td style=\"background-color:rgb(176, 196, 222)\">14<\/td>\n<td style=\"background-color:rgb(176, 196, 222)\">Galicia<\/td>\n<td style=\"background-color:rgb(176, 196, 222)\">0,280<\/td>\n<\/tr>\n<tr>\n<td style=\"background-color:rgb(220, 220, 220)\">15<\/td>\n<td style=\"background-color:rgb(220, 220, 220)\">Murcia<\/td>\n<td style=\"background-color:rgb(220, 220, 220)\">0,267<\/td>\n<\/tr>\n<tr>\n<td style=\"background-color:rgb(176, 196, 222)\">16<\/td>\n<td style=\"background-color:rgb(176, 196, 222)\">Castilla-La Mancha<\/td>\n<td style=\"background-color:rgb(176, 196, 222)\">0,246<\/td>\n<\/tr>\n<tr>\n<td style=\"background-color:rgb(220, 220, 220)\">17<\/td>\n<td style=\"background-color:rgb(220, 220, 220)\">Extremadura<\/td>\n<td style=\"background-color:rgb(220, 220, 220)\">0,221<\/td>\n<\/tr>\n<tr>\n<td style=\"background-color:rgb(58, 127, 187)\">&nbsp;<\/td>\n<td style=\"background-color:rgb(58, 127, 187)\"><strong><span style=\"color:white\">ESPA\u00d1A<\/span><\/strong><\/td>\n<td style=\"background-color:rgb(58, 127, 187)\"><strong><span style=\"color:white\">0,514<\/span><\/strong><\/td>\n<\/tr>\n<\/tbody>\n<\/table>\n<p><img loading=\"lazy\" decoding=\"async\" alt=\"\" height=\"336\" src=\"http:\/\/centresderecerca.uab.cat\/oic\/sites\/centresderecerca.uab.cat.oic\/files\/images\/ICL2010.jpg\" width=\"444\" \/><\/p>\n<p>&nbsp;<\/p>\n<hr \/>\n<p><strong>&nbsp;<\/strong><\/p>\n<p>&nbsp;<\/p>\n<p><strong><a name=\"OPOR\"><\/a>\u00cdndice Localcom 2010: Oportunidades<\/strong><\/p>\n<table align=\"center\" border=\"1\" class=\"rootcandyspan\" style=\"background-color:rgb(255, 255, 255); border:1px solid rgb(255, 255, 255); height:561px; position:relative; width:350px\">\n<thead>\n<tr>\n<td>&nbsp;<\/td>\n<td><strong><span style=\"color:white\">OPORTUNIDADES<\/span><\/strong><\/td>\n<td><strong><span style=\"color:white\">IL 2010<\/span><\/strong><\/td>\n<\/tr>\n<\/thead>\n<tbody>\n<tr>\n<td style=\"background-color:rgb(220, 220, 220)\">1<\/td>\n<td style=\"background-color:rgb(220, 220, 220)\">Comunidad de Madrid<\/td>\n<td style=\"background-color:rgb(220, 220, 220)\">0,860<\/td>\n<\/tr>\n<tr>\n<td style=\"background-color:rgb(176, 196, 222)\">2<\/td>\n<td style=\"background-color:rgb(176, 196, 222)\">Pa\u00eds Vasco&nbsp;<\/td>\n<td style=\"background-color:rgb(176, 196, 222)\">0,849<\/td>\n<\/tr>\n<tr>\n<td style=\"background-color:rgb(220, 220, 220)\">3<\/td>\n<td style=\"background-color:rgb(220, 220, 220)\">Navarra<\/td>\n<td style=\"background-color:rgb(220, 220, 220)\">0,779<\/td>\n<\/tr>\n<tr>\n<td style=\"background-color:rgb(176, 196, 222)\">4<\/td>\n<td style=\"background-color:rgb(176, 196, 222)\">Catalu\u00f1a<\/td>\n<td style=\"background-color:rgb(176, 196, 222)\">0,562<\/td>\n<\/tr>\n<tr>\n<td style=\"background-color:rgb(220, 220, 220)\">5<\/td>\n<td style=\"background-color:rgb(220, 220, 220)\">Cantabria<\/td>\n<td style=\"background-color:rgb(220, 220, 220)\">0,562<\/td>\n<\/tr>\n<tr>\n<td style=\"background-color:rgb(176, 196, 222)\">6<\/td>\n<td style=\"background-color:rgb(176, 196, 222)\">Arag\u00f3n<\/td>\n<td style=\"background-color:rgb(176, 196, 222)\">0,546<\/td>\n<\/tr>\n<tr>\n<td style=\"background-color:rgb(220, 220, 220)\">7<\/td>\n<td style=\"background-color:rgb(220, 220, 220)\">Asturias&nbsp;<\/td>\n<td style=\"background-color:rgb(220, 220, 220)\">0,615<\/td>\n<\/tr>\n<tr>\n<td style=\"background-color:rgb(176, 196, 222)\">8<\/td>\n<td style=\"background-color:rgb(176, 196, 222)\">Castilla y Le\u00f3n<\/td>\n<td style=\"background-color:rgb(176, 196, 222)\">0,506<\/td>\n<\/tr>\n<tr>\n<td style=\"background-color:rgb(220, 220, 220)\">9<\/td>\n<td style=\"background-color:rgb(220, 220, 220)\">La Rioja<\/td>\n<td style=\"background-color:rgb(220, 220, 220)\">0,478<\/td>\n<\/tr>\n<tr>\n<td style=\"background-color:rgb(176, 196, 222)\">10<\/td>\n<td style=\"background-color:rgb(176, 196, 222)\">Galicia&nbsp;<\/td>\n<td style=\"background-color:rgb(176, 196, 222)\">0,396<\/td>\n<\/tr>\n<tr>\n<td style=\"background-color:rgb(220, 220, 220)\">11<\/td>\n<td style=\"background-color:rgb(220, 220, 220)\">Baleares<\/td>\n<td style=\"background-color:rgb(220, 220, 220)\">0,379<\/td>\n<\/tr>\n<tr>\n<td style=\"background-color:rgb(176, 196, 222)\">12<\/td>\n<td style=\"background-color:rgb(176, 196, 222)\">Comunidad Valenciana<\/td>\n<td style=\"background-color:rgb(176, 196, 222)\">0,372<\/td>\n<\/tr>\n<tr>\n<td style=\"background-color:rgb(220, 220, 220)\">13<\/td>\n<td style=\"background-color:rgb(220, 220, 220)\">Canarias<\/td>\n<td style=\"background-color:rgb(220, 220, 220)\">0,281<\/td>\n<\/tr>\n<tr>\n<td style=\"background-color:rgb(176, 196, 222)\">14<\/td>\n<td style=\"background-color:rgb(176, 196, 222)\">Murcia&nbsp;<\/td>\n<td style=\"background-color:rgb(176, 196, 222)\">0,235<\/td>\n<\/tr>\n<tr>\n<td style=\"background-color:rgb(220, 220, 220)\">15<\/td>\n<td style=\"background-color:rgb(220, 220, 220)\">Andaluc\u00eda<\/td>\n<td style=\"background-color:rgb(220, 220, 220)\">0,218<\/td>\n<\/tr>\n<tr>\n<td style=\"background-color:rgb(176, 196, 222)\">16<\/td>\n<td style=\"background-color:rgb(176, 196, 222)\">Castilla-La Mancha<\/td>\n<td style=\"background-color:rgb(176, 196, 222)\">0,202<\/td>\n<\/tr>\n<tr>\n<td style=\"background-color:rgb(220, 220, 220)\">17<\/td>\n<td style=\"background-color:rgb(220, 220, 220)\">Extremadura<\/td>\n<td style=\"background-color:rgb(220, 220, 220)\">0,098<\/td>\n<\/tr>\n<tr>\n<td style=\"background-color:rgb(58, 127, 187)\">&nbsp;<\/td>\n<td style=\"background-color:rgb(58, 127, 187)\"><strong><span style=\"color:white\">ESPA\u00d1A<\/span><\/strong><\/td>\n<td style=\"background-color:rgb(58, 127, 187)\"><strong><span style=\"color:white\">0,514<\/span><\/strong><\/td>\n<\/tr>\n<\/tbody>\n<\/table>\n<p><img loading=\"lazy\" decoding=\"async\" alt=\"\" height=\"336\" src=\"http:\/\/centresderecerca.uab.cat\/oic\/sites\/centresderecerca.uab.cat.oic\/files\/images\/ILO2010.jpg\" width=\"446\" \/><\/p>\n<p>&nbsp;<\/p>\n<hr \/>\n<p><strong>&nbsp;<\/strong><\/p>\n<p>&nbsp;<\/p>\n<p><strong><a name=\"INFR\"><\/a>\u00cdndice Localcom 2010: Infraestructuras<\/strong><\/p>\n<table align=\"center\" border=\"1\" class=\"rootcandyspan\" style=\"background-color:rgb(255, 255, 255); border:1px solid rgb(255, 255, 255); height:561px; position:relative; width:350px\">\n<thead>\n<tr>\n<td>&nbsp;<\/td>\n<td><strong><span style=\"color:white\">INFRAESTRUCTURAS<\/span><\/strong><\/td>\n<td><strong><span style=\"color:white\">IL 2010<\/span><\/strong><\/td>\n<\/tr>\n<\/thead>\n<tbody>\n<tr>\n<td style=\"background-color:rgb(220, 220, 220)\">1<\/td>\n<td style=\"background-color:rgb(220, 220, 220)\">Comunidad de Madrid<\/td>\n<td style=\"background-color:rgb(220, 220, 220)\">0,888<\/td>\n<\/tr>\n<tr>\n<td style=\"background-color:rgb(176, 196, 222)\">2<\/td>\n<td style=\"background-color:rgb(176, 196, 222)\">Catalu\u00f1a&nbsp;<\/td>\n<td style=\"background-color:rgb(176, 196, 222)\">0,848<\/td>\n<\/tr>\n<tr>\n<td style=\"background-color:rgb(220, 220, 220)\">3<\/td>\n<td style=\"background-color:rgb(220, 220, 220)\">Navarra<\/td>\n<td style=\"background-color:rgb(220, 220, 220)\">0,728<\/td>\n<\/tr>\n<tr>\n<td style=\"background-color:rgb(176, 196, 222)\">4<\/td>\n<td style=\"background-color:rgb(176, 196, 222)\">Pa\u00eds Vasco<\/td>\n<td style=\"background-color:rgb(176, 196, 222)\">0,703<\/td>\n<\/tr>\n<tr>\n<td style=\"background-color:rgb(220, 220, 220)\">5<\/td>\n<td style=\"background-color:rgb(220, 220, 220)\">Cantabria<\/td>\n<td style=\"background-color:rgb(220, 220, 220)\">0,654<\/td>\n<\/tr>\n<tr>\n<td style=\"background-color:rgb(176, 196, 222)\">6<\/td>\n<td style=\"background-color:rgb(176, 196, 222)\">Arag\u00f3n<\/td>\n<td style=\"background-color:rgb(176, 196, 222)\">0,622<\/td>\n<\/tr>\n<tr>\n<td style=\"background-color:rgb(220, 220, 220)\">7<\/td>\n<td style=\"background-color:rgb(220, 220, 220)\">Baleares<\/td>\n<td style=\"background-color:rgb(220, 220, 220)\">0,615<\/td>\n<\/tr>\n<tr>\n<td style=\"background-color:rgb(176, 196, 222)\">8<\/td>\n<td style=\"background-color:rgb(176, 196, 222)\">La Rioja&nbsp;<\/td>\n<td style=\"background-color:rgb(176, 196, 222)\">0,571<\/td>\n<\/tr>\n<tr>\n<td style=\"background-color:rgb(220, 220, 220)\">9<\/td>\n<td style=\"background-color:rgb(220, 220, 220)\">Asturias<\/td>\n<td style=\"background-color:rgb(220, 220, 220)\">0,496<\/td>\n<\/tr>\n<tr>\n<td style=\"background-color:rgb(176, 196, 222)\">10<\/td>\n<td style=\"background-color:rgb(176, 196, 222)\">Canarias<\/td>\n<td style=\"background-color:rgb(176, 196, 222)\">0,490<\/td>\n<\/tr>\n<tr>\n<td style=\"background-color:rgb(220, 220, 220)\">11<\/td>\n<td style=\"background-color:rgb(220, 220, 220)\">Comunidad Valenciana<\/td>\n<td style=\"background-color:rgb(220, 220, 220)\">0,470<\/td>\n<\/tr>\n<tr>\n<td style=\"background-color:rgb(176, 196, 222)\">12<\/td>\n<td style=\"background-color:rgb(176, 196, 222)\">Andaluc\u00eda<\/td>\n<td style=\"background-color:rgb(176, 196, 222)\">0,349<\/td>\n<\/tr>\n<tr>\n<td style=\"background-color:rgb(220, 220, 220)\">13<\/td>\n<td style=\"background-color:rgb(220, 220, 220)\">Murcia&nbsp;<\/td>\n<td style=\"background-color:rgb(220, 220, 220)\">0,348<\/td>\n<\/tr>\n<tr>\n<td style=\"background-color:rgb(176, 196, 222)\">14<\/td>\n<td style=\"background-color:rgb(176, 196, 222)\">Castilla-La Mancha<\/td>\n<td style=\"background-color:rgb(176, 196, 222)\">0,316<\/td>\n<\/tr>\n<tr>\n<td style=\"background-color:rgb(220, 220, 220)\">15<\/td>\n<td style=\"background-color:rgb(220, 220, 220)\">Castilla y Le\u00f3n<\/td>\n<td style=\"background-color:rgb(220, 220, 220)\">0,282<\/td>\n<\/tr>\n<tr>\n<td style=\"background-color:rgb(176, 196, 222)\">16<\/td>\n<td style=\"background-color:rgb(176, 196, 222)\">Extremadura<\/td>\n<td style=\"background-color:rgb(176, 196, 222)\">0,237<\/td>\n<\/tr>\n<tr>\n<td style=\"background-color:rgb(220, 220, 220)\">17<\/td>\n<td style=\"background-color:rgb(220, 220, 220)\">Galicia&nbsp;<\/td>\n<td style=\"background-color:rgb(220, 220, 220)\">0,149<\/td>\n<\/tr>\n<tr>\n<td style=\"background-color:rgb(58, 127, 187)\">&nbsp;<\/td>\n<td style=\"background-color:rgb(58, 127, 187)\"><strong><span style=\"color:white\">ESPA\u00d1A<\/span><\/strong><\/td>\n<td style=\"background-color:rgb(58, 127, 187)\"><strong><span style=\"color:white\">0,554<\/span><\/strong><\/td>\n<\/tr>\n<\/tbody>\n<\/table>\n<p><img loading=\"lazy\" decoding=\"async\" alt=\"\" height=\"336\" src=\"http:\/\/centresderecerca.uab.cat\/oic\/sites\/centresderecerca.uab.cat.oic\/files\/images\/ILI2010.jpg\" width=\"443\" \/><\/p>\n<p>&nbsp;<\/p>\n<hr \/>\n<p>&nbsp;<\/p>\n<p><strong><a name=\"USO\"><\/a>\u00cdndice Localcom 2010: Usos<\/strong><\/p>\n<table align=\"center\" border=\"1\" class=\"rootcandyspan\" style=\"background-color:rgb(255, 255, 255); border:1px solid rgb(255, 255, 255); height:561px; position:relative; width:350px\">\n<thead>\n<tr>\n<td>&nbsp;<\/td>\n<td><strong><span style=\"color:white\">USOS<\/span><\/strong><\/td>\n<td><strong><span style=\"color:white\">IL 2010<\/span><\/strong><\/td>\n<\/tr>\n<\/thead>\n<tbody>\n<tr>\n<td style=\"background-color:rgb(220, 220, 220)\">1<\/td>\n<td style=\"background-color:rgb(220, 220, 220)\">Comunidad de Madrid<\/td>\n<td style=\"background-color:rgb(220, 220, 220)\">0,766<\/td>\n<\/tr>\n<tr>\n<td style=\"background-color:rgb(176, 196, 222)\">2<\/td>\n<td style=\"background-color:rgb(176, 196, 222)\">Pa\u00eds Vasco<\/td>\n<td style=\"background-color:rgb(176, 196, 222)\">0,757<\/td>\n<\/tr>\n<tr>\n<td style=\"background-color:rgb(220, 220, 220)\">3<\/td>\n<td style=\"background-color:rgb(220, 220, 220)\">Navarra<\/td>\n<td style=\"background-color:rgb(220, 220, 220)\">0,705<\/td>\n<\/tr>\n<tr>\n<td style=\"background-color:rgb(176, 196, 222)\">4<\/td>\n<td style=\"background-color:rgb(176, 196, 222)\">Catalu\u00f1a<\/td>\n<td style=\"background-color:rgb(176, 196, 222)\">0,629<\/td>\n<\/tr>\n<tr>\n<td style=\"background-color:rgb(220, 220, 220)\">5<\/td>\n<td style=\"background-color:rgb(220, 220, 220)\">Cantabria<\/td>\n<td style=\"background-color:rgb(220, 220, 220)\">0,610<\/td>\n<\/tr>\n<tr>\n<td style=\"background-color:rgb(176, 196, 222)\">6<\/td>\n<td style=\"background-color:rgb(176, 196, 222)\">Arag\u00f3n<\/td>\n<td style=\"background-color:rgb(176, 196, 222)\">0,576<\/td>\n<\/tr>\n<tr>\n<td style=\"background-color:rgb(220, 220, 220)\">7<\/td>\n<td style=\"background-color:rgb(220, 220, 220)\">Asturias&nbsp;<\/td>\n<td style=\"background-color:rgb(220, 220, 220)\">0,561<\/td>\n<\/tr>\n<tr>\n<td style=\"background-color:rgb(176, 196, 222)\">8<\/td>\n<td style=\"background-color:rgb(176, 196, 222)\">Castilla y Le\u00f3n<\/td>\n<td style=\"background-color:rgb(176, 196, 222)\">0,482<\/td>\n<\/tr>\n<tr>\n<td style=\"background-color:rgb(220, 220, 220)\">9<\/td>\n<td style=\"background-color:rgb(220, 220, 220)\">La Rioja<\/td>\n<td style=\"background-color:rgb(220, 220, 220)\">0,458<\/td>\n<\/tr>\n<tr>\n<td style=\"background-color:rgb(176, 196, 222)\">10<\/td>\n<td style=\"background-color:rgb(176, 196, 222)\">Galicia<\/td>\n<td style=\"background-color:rgb(176, 196, 222)\">0,421<\/td>\n<\/tr>\n<tr>\n<td style=\"background-color:rgb(220, 220, 220)\">11<\/td>\n<td style=\"background-color:rgb(220, 220, 220)\">Baleares<\/td>\n<td style=\"background-color:rgb(220, 220, 220)\">0,392<\/td>\n<\/tr>\n<tr>\n<td style=\"background-color:rgb(176, 196, 222)\">12<\/td>\n<td style=\"background-color:rgb(176, 196, 222)\">Comunidad Valenciana<\/td>\n<td style=\"background-color:rgb(176, 196, 222)\">0,383<\/td>\n<\/tr>\n<tr>\n<td style=\"background-color:rgb(220, 220, 220)\">13<\/td>\n<td style=\"background-color:rgb(220, 220, 220)\">Canarias<\/td>\n<td style=\"background-color:rgb(220, 220, 220)\">0,326<\/td>\n<\/tr>\n<tr>\n<td style=\"background-color:rgb(176, 196, 222)\">14<\/td>\n<td style=\"background-color:rgb(176, 196, 222)\">Murcia<\/td>\n<td style=\"background-color:rgb(176, 196, 222)\">0,296<\/td>\n<\/tr>\n<tr>\n<td style=\"background-color:rgb(220, 220, 220)\">15<\/td>\n<td style=\"background-color:rgb(220, 220, 220)\">Andaluc\u00eda&nbsp;<\/td>\n<td style=\"background-color:rgb(220, 220, 220)\">0,219<\/td>\n<\/tr>\n<tr>\n<td style=\"background-color:rgb(176, 196, 222)\">16<\/td>\n<td style=\"background-color:rgb(176, 196, 222)\">Castilla-La Mancha<\/td>\n<td style=\"background-color:rgb(176, 196, 222)\">0,217<\/td>\n<\/tr>\n<tr>\n<td style=\"background-color:rgb(220, 220, 220)\">17<\/td>\n<td style=\"background-color:rgb(220, 220, 220)\">Extremadura<\/td>\n<td style=\"background-color:rgb(220, 220, 220)\">0,191<\/td>\n<\/tr>\n<tr>\n<td style=\"background-color:rgb(58, 127, 187)\">&nbsp;<\/td>\n<td style=\"background-color:rgb(58, 127, 187)\"><strong><span style=\"color:white\">ESPA\u00d1A<\/span><\/strong><\/td>\n<td style=\"background-color:rgb(58, 127, 187)\"><strong><span style=\"color:white\">0,506<\/span><\/strong><\/td>\n<\/tr>\n<\/tbody>\n<\/table>\n<p><img loading=\"lazy\" decoding=\"async\" alt=\"\" height=\"336\" src=\"http:\/\/centresderecerca.uab.cat\/oic\/sites\/centresderecerca.uab.cat.oic\/files\/images\/ILU2010.jpg\" width=\"444\" \/><\/p>\n<p>&nbsp;<\/p>\n","protected":false},"excerpt":{"rendered":"<p>&nbsp;&nbsp;&nbsp; \u00bb \u00cdndice compuesto &nbsp;&nbsp;&nbsp; \u00bb Oportunidades &nbsp;&nbsp;&nbsp; \u00bb Infraestructuras &nbsp;&nbsp;&nbsp; \u00bb Usos \u00cdndice Localcom 2010: \u00cdndice Compuesto &nbsp; Comunidad Aut\u00f3noma IL 2010 1 Comunidad de Madrid 0,835 2 Navarra 0,738 3 Catalu\u00f1a 0,726 4 Pa\u00eds Vasco 0,721 5 Cantabria 0,592 6 Arag\u00f3n 0,550 7 Baleares 0,541 8 Asturias 0,535 9 La Rioja 0,477 10 [&hellip;]<\/p>\n","protected":false},"author":20,"featured_media":0,"parent":0,"menu_order":0,"comment_status":"closed","ping_status":"closed","template":"","meta":{"footnotes":""},"class_list":["post-178","page","type-page","status-publish","hentry"],"_links":{"self":[{"href":"https:\/\/webs.uab.cat\/oic\/es\/wp-json\/wp\/v2\/pages\/178","targetHints":{"allow":["GET"]}}],"collection":[{"href":"https:\/\/webs.uab.cat\/oic\/es\/wp-json\/wp\/v2\/pages"}],"about":[{"href":"https:\/\/webs.uab.cat\/oic\/es\/wp-json\/wp\/v2\/types\/page"}],"author":[{"embeddable":true,"href":"https:\/\/webs.uab.cat\/oic\/es\/wp-json\/wp\/v2\/users\/20"}],"replies":[{"embeddable":true,"href":"https:\/\/webs.uab.cat\/oic\/es\/wp-json\/wp\/v2\/comments?post=178"}],"version-history":[{"count":0,"href":"https:\/\/webs.uab.cat\/oic\/es\/wp-json\/wp\/v2\/pages\/178\/revisions"}],"wp:attachment":[{"href":"https:\/\/webs.uab.cat\/oic\/es\/wp-json\/wp\/v2\/media?parent=178"}],"curies":[{"name":"wp","href":"https:\/\/api.w.org\/{rel}","templated":true}]}}