{"id":190,"date":"2011-02-10T10:45:53","date_gmt":"2011-02-10T08:45:53","guid":{"rendered":"https:\/\/webs.uab.cat\/oic\/redes\/"},"modified":"2022-10-05T12:05:24","modified_gmt":"2022-10-05T10:05:24","slug":"redes","status":"publish","type":"page","link":"https:\/\/webs.uab.cat\/oic\/es\/redes\/","title":{"rendered":"Redes de investigaci\u00f3n y docencia"},"content":{"rendered":"\n<p>El Observatorio Iberoamericano de la Comunicaci\u00f3n coordina tres redes de investigaci\u00f3n y docencia:<\/p>\n\n\n\n<p>\u00bb <strong><a href=\"http:\/\/webs.uab.cat\/oic\/red-localcom\">Red LOCALCOM<\/a><\/strong><\/p>\n\n\n\n<p>\u00bb\u00a0<strong><a href=\"http:\/\/webs.uab.cat\/oic\/red-riec\">Red Interuniversitaria de Estudios de Comunicaci\u00f3n (RIEC)<\/a><\/strong><\/p>\n\n\n\n<p>\u00bb<strong> <a href=\"http:\/\/webs.uab.cat\/oic\/grupo-gii\">Grupo de Investigaciones sobre la Informaci\u00f3n (GII)<\/a><\/strong><\/p>\n\n\n\n<p>En OIC tambi\u00e9n est\u00e1 integrado en la Red Vit@lis:&nbsp;<\/p>\n\n\n\n<p>\u00a0\u00bb<strong> <a href=\"http:\/\/webs.uab.cat\/oic\/red-vitalis\">Red Europa-Am\u00e9rica Latina y Caribe para la Sociedad de la Informaci\u00f3n (Vit@lis)<\/a><\/strong><\/p>\n\n\n\n<div class=\"wp-block-columns is-layout-flex wp-container-core-columns-is-layout-9d6595d7 wp-block-columns-is-layout-flex\">\n<div class=\"wp-block-column is-layout-flow wp-block-column-is-layout-flow\">\n<div class=\"wp-block-columns is-layout-flex wp-container-core-columns-is-layout-9d6595d7 wp-block-columns-is-layout-flex\">\n<div class=\"wp-block-column is-layout-flow wp-block-column-is-layout-flow\">\n<figure class=\"wp-block-image\"><a href=\"http:\/\/webs.uab.cat\/oic\/red-localcom\"><img loading=\"lazy\" decoding=\"async\" width=\"768\" height=\"203\" src=\"https:\/\/webs.uab.cat\/oic\/wp-content\/uploads\/sites\/223\/2015\/05\/localcom-icono-letras_1.png\" alt=\"\" class=\"wp-image-77\" srcset=\"https:\/\/webs.uab.cat\/oic\/wp-content\/uploads\/sites\/223\/2015\/05\/localcom-icono-letras_1.png 768w, https:\/\/webs.uab.cat\/oic\/wp-content\/uploads\/sites\/223\/2015\/05\/localcom-icono-letras_1-300x79.png 300w\" sizes=\"auto, (max-width: 768px) 100vw, 768px\" \/><\/a><\/figure>\n<\/div>\n\n\n\n<div class=\"wp-block-column is-layout-flow wp-block-column-is-layout-flow\">\n<figure class=\"wp-block-image\"><a href=\"http:\/\/webs.uab.cat\/oic\/red-riec\"><img loading=\"lazy\" decoding=\"async\" width=\"226\" height=\"118\" src=\"https:\/\/webs.uab.cat\/oic\/wp-content\/uploads\/sites\/223\/2011\/02\/red_riec.jpg\" alt=\"\" class=\"wp-image-181\"\/><\/a><\/figure>\n<\/div>\n<\/div>\n<\/div>\n\n\n\n<div class=\"wp-block-column is-layout-flow wp-block-column-is-layout-flow\">\n<div class=\"wp-block-columns is-layout-flex wp-container-core-columns-is-layout-9d6595d7 wp-block-columns-is-layout-flex\">\n<div class=\"wp-block-column is-layout-flow wp-block-column-is-layout-flow\">\n<figure class=\"wp-block-image\"><a href=\"http:\/\/webs.uab.cat\/oic\/grupo-gii\"><img loading=\"lazy\" decoding=\"async\" width=\"800\" height=\"539\" src=\"https:\/\/webs.uab.cat\/oic\/wp-content\/uploads\/sites\/223\/2011\/02\/logo_gii.png\" alt=\"\" class=\"wp-image-184\" srcset=\"https:\/\/webs.uab.cat\/oic\/wp-content\/uploads\/sites\/223\/2011\/02\/logo_gii.png 800w, https:\/\/webs.uab.cat\/oic\/wp-content\/uploads\/sites\/223\/2011\/02\/logo_gii-300x202.png 300w, https:\/\/webs.uab.cat\/oic\/wp-content\/uploads\/sites\/223\/2011\/02\/logo_gii-768x517.png 768w\" sizes=\"auto, (max-width: 800px) 100vw, 800px\" \/><\/a><\/figure>\n<\/div>\n\n\n\n<div class=\"wp-block-column is-layout-flow wp-block-column-is-layout-flow\">\n<figure class=\"wp-block-image\"><a href=\"http:\/\/webs.uab.cat\/oic\/red-vitalis\"><img loading=\"lazy\" decoding=\"async\" width=\"234\" height=\"174\" src=\"https:\/\/webs.uab.cat\/oic\/wp-content\/uploads\/sites\/223\/2011\/02\/red_vitalis.jpg\" alt=\"\" class=\"wp-image-187\"\/><\/a><\/figure>\n<\/div>\n<\/div>\n<\/div>\n<\/div>\n","protected":false},"excerpt":{"rendered":"<p>El Observatorio Iberoamericano de la Comunicaci\u00f3n coordina tres redes de investigaci\u00f3n y docencia: \u00bb Red LOCALCOM \u00bb\u00a0Red Interuniversitaria de Estudios de Comunicaci\u00f3n (RIEC) \u00bb Grupo de Investigaciones sobre la Informaci\u00f3n (GII) En OIC tambi\u00e9n est\u00e1 integrado en la Red Vit@lis:&nbsp; \u00a0\u00bb Red Europa-Am\u00e9rica Latina y Caribe para la Sociedad de la Informaci\u00f3n (Vit@lis)<\/p>\n","protected":false},"author":20,"featured_media":0,"parent":0,"menu_order":0,"comment_status":"closed","ping_status":"closed","template":"","meta":{"footnotes":""},"class_list":["post-190","page","type-page","status-publish","hentry"],"_links":{"self":[{"href":"https:\/\/webs.uab.cat\/oic\/es\/wp-json\/wp\/v2\/pages\/190","targetHints":{"allow":["GET"]}}],"collection":[{"href":"https:\/\/webs.uab.cat\/oic\/es\/wp-json\/wp\/v2\/pages"}],"about":[{"href":"https:\/\/webs.uab.cat\/oic\/es\/wp-json\/wp\/v2\/types\/page"}],"author":[{"embeddable":true,"href":"https:\/\/webs.uab.cat\/oic\/es\/wp-json\/wp\/v2\/users\/20"}],"replies":[{"embeddable":true,"href":"https:\/\/webs.uab.cat\/oic\/es\/wp-json\/wp\/v2\/comments?post=190"}],"version-history":[{"count":1,"href":"https:\/\/webs.uab.cat\/oic\/es\/wp-json\/wp\/v2\/pages\/190\/revisions"}],"predecessor-version":[{"id":2345,"href":"https:\/\/webs.uab.cat\/oic\/es\/wp-json\/wp\/v2\/pages\/190\/revisions\/2345"}],"wp:attachment":[{"href":"https:\/\/webs.uab.cat\/oic\/es\/wp-json\/wp\/v2\/media?parent=190"}],"curies":[{"name":"wp","href":"https:\/\/api.w.org\/{rel}","templated":true}]}}