{"id":194,"date":"2011-02-18T20:24:51","date_gmt":"2011-02-18T18:24:51","guid":{"rendered":"https:\/\/webs.uab.cat\/oic\/red-riec\/"},"modified":"2022-10-05T13:22:53","modified_gmt":"2022-10-05T11:22:53","slug":"red-riec","status":"publish","type":"page","link":"https:\/\/webs.uab.cat\/oic\/es\/red-riec\/","title":{"rendered":"Red RIEC"},"content":{"rendered":"\n<div class=\"wp-block-media-text alignwide is-stacked-on-mobile\" style=\"grid-template-columns:25% auto\"><figure class=\"wp-block-media-text__media\"><img decoding=\"async\" src=\"http:\/\/centresderecerca.uab.cat\/oic\/sites\/centresderecerca.uab.cat.oic\/files\/images\/Red%20RIEC_0.jpg\" alt=\"\"\/><\/figure><div class=\"wp-block-media-text__content\">\n<p class=\"has-small-font-size\">La Red Interuniversitaria de Estudios de Comunicaci\u00f3n (RIEC) est\u00e1 integrada por la <a href=\"http:\/\/webs.uab.cat\/oic\/universidadaustral\">Universidad Austral (Argentina)<\/a>, la <a href=\"http:\/\/webs.uab.cat\/oic\/universidadcarlosiii-1\">Universidad Carlos III (Espa\u00f1a)<\/a>, la <a href=\"http:\/\/webs.uab.cat\/oic\/udp\">Universidad Diego Portales (Chile)<\/a>, la <a href=\"http:\/\/centresderecerca.uab.cat\/oic\/content\/unam\">Universidad<\/a><a href=\"http:\/\/webs.uab.cat\/oic\/unam\"> <\/a><a href=\"http:\/\/centresderecerca.uab.cat\/oic\/content\/unam\">Aut\u00f3noma de la Ciudad de M\u00e9xico (M\u00e9xico)<\/a>, la <a href=\"http:\/\/webs.uab.cat\/oic\/upr\">Universidad de Puerto Rico (Puerto Rico)<\/a>, la <a href=\"http:\/\/webs.uab.cat\/oic\/espm\">Escuela Superior de Publicidad y Marketing de S\u00e3o Paulo (Brasil) <\/a>y la <a href=\"http:\/\/webs.uab.cat\/oic\/uabcoordinadora\">Universidad Aut\u00f3noma de Barcelona (Espa\u00f1a)<\/a>, que act\u00faa como entidad coordinadora. La Secretar\u00eda de la Red RIEC la realiza la Universidad Austral de Buenos Aires. El objetivo de la Red es potenciar el desarrollo de la investigaci\u00f3n, la movilidad del profesorado investigador, el intercambio de informaci\u00f3n sobre temas de inter\u00e9s com\u00fan, la publicaci\u00f3n de libros colectivos (<a href=\"https:\/\/webs.uab.cat\/oic\/es\/publicaciones\/\" data-type=\"page\" data-id=\"148\">Espacio Iberoamericano<\/a>), la difusi\u00f3n de revistas (<a href=\"http:\/\/webs.uab.cat\/oic\/revista-conexiones\">CONEXIONES<\/a>), as\u00ed como otras actividades de car\u00e1cter acad\u00e9mico y de investigaci\u00f3n.<\/p>\n<\/div><\/div>\n\n\n\n<p>La Red RIEC promueve proyectos conjuntos en el campo espec\u00edfico de las ciencias de la comunicaci\u00f3n, entre otros: reuniones cient\u00edficas internacionales de caracter anual;&nbsp;ciclos de seminarios sobre temas de actualidad e inter\u00e9s mutuo (el estado de la informaci\u00f3n en Iberoam\u00e9rica; los j\u00f3venes y las nuevas tecnolog\u00edas; las nuevas tendencias en el consumo; la comunicaci\u00f3n y su papel como herramienta educativa);&nbsp;foros de discusi\u00f3n sobre el estado de las investigaciones en curso;&nbsp;jornadas y encuentros que promuevan la integraci\u00f3n de los respectivos grupos integrantes de la red (Comunicaci\u00f3n y consumo cultural; Formaci\u00f3n e integraci\u00f3n regional);&nbsp;proyectos de investigaci\u00f3n sobre los medios de comunicaci\u00f3n, las tecnolog\u00edas de la informaci\u00f3n y las comunicaciones, y las estrategias y pol\u00edticas de comunicaci\u00f3n;&nbsp;y publicaci\u00f3n de libros conjuntos (<a href=\"http:\/\/centresderecerca.uab.cat\/oic\/content\/espacio-iberoamericano\">Espacio Iberoamericano<\/a>), la edici\u00f3n de la revista <a href=\"http:\/\/centresderecerca.uab.cat\/oic\/content\/revista-conexiones\">CONEXIONES<\/a>, el mantenimiento del sitio web (http:\/\/centresderecerca.uab.cat\/oic\/content\/red-riec) y la difusi\u00f3n de los resultados de las actividades conjuntas.<\/p>\n","protected":false},"excerpt":{"rendered":"<p>La Red Interuniversitaria de Estudios de Comunicaci\u00f3n (RIEC) est\u00e1 integrada por la Universidad Austral (Argentina), la Universidad Carlos III (Espa\u00f1a), la Universidad Diego Portales (Chile), la Universidad Aut\u00f3noma de la Ciudad de M\u00e9xico (M\u00e9xico), la Universidad de Puerto Rico (Puerto Rico), la Escuela Superior de Publicidad y Marketing de S\u00e3o Paulo (Brasil) y la Universidad [&hellip;]<\/p>\n","protected":false},"author":20,"featured_media":0,"parent":0,"menu_order":0,"comment_status":"closed","ping_status":"closed","template":"","meta":{"footnotes":""},"class_list":["post-194","page","type-page","status-publish","hentry"],"_links":{"self":[{"href":"https:\/\/webs.uab.cat\/oic\/es\/wp-json\/wp\/v2\/pages\/194","targetHints":{"allow":["GET"]}}],"collection":[{"href":"https:\/\/webs.uab.cat\/oic\/es\/wp-json\/wp\/v2\/pages"}],"about":[{"href":"https:\/\/webs.uab.cat\/oic\/es\/wp-json\/wp\/v2\/types\/page"}],"author":[{"embeddable":true,"href":"https:\/\/webs.uab.cat\/oic\/es\/wp-json\/wp\/v2\/users\/20"}],"replies":[{"embeddable":true,"href":"https:\/\/webs.uab.cat\/oic\/es\/wp-json\/wp\/v2\/comments?post=194"}],"version-history":[{"count":1,"href":"https:\/\/webs.uab.cat\/oic\/es\/wp-json\/wp\/v2\/pages\/194\/revisions"}],"predecessor-version":[{"id":2423,"href":"https:\/\/webs.uab.cat\/oic\/es\/wp-json\/wp\/v2\/pages\/194\/revisions\/2423"}],"wp:attachment":[{"href":"https:\/\/webs.uab.cat\/oic\/es\/wp-json\/wp\/v2\/media?parent=194"}],"curies":[{"name":"wp","href":"https:\/\/api.w.org\/{rel}","templated":true}]}}