{"id":198,"date":"2011-02-18T20:46:57","date_gmt":"2011-02-18T18:46:57","guid":{"rendered":"https:\/\/webs.uab.cat\/oic\/red-localcom\/"},"modified":"2022-10-05T12:10:01","modified_gmt":"2022-10-05T10:10:01","slug":"red-localcom","status":"publish","type":"page","link":"https:\/\/webs.uab.cat\/oic\/es\/red-localcom\/","title":{"rendered":"Red LOCALCOM"},"content":{"rendered":"\n<div class=\"wp-block-media-text alignwide is-stacked-on-mobile is-vertically-aligned-top\" style=\"grid-template-columns:20% auto\"><figure class=\"wp-block-media-text__media\"><img loading=\"lazy\" decoding=\"async\" width=\"600\" height=\"600\" src=\"https:\/\/webs.uab.cat\/oic\/wp-content\/uploads\/sites\/223\/2011\/02\/localcom-incono-cuadrado.png\" alt=\"\" class=\"wp-image-195 size-full\" srcset=\"https:\/\/webs.uab.cat\/oic\/wp-content\/uploads\/sites\/223\/2011\/02\/localcom-incono-cuadrado.png 600w, https:\/\/webs.uab.cat\/oic\/wp-content\/uploads\/sites\/223\/2011\/02\/localcom-incono-cuadrado-300x300.png 300w, https:\/\/webs.uab.cat\/oic\/wp-content\/uploads\/sites\/223\/2011\/02\/localcom-incono-cuadrado-150x150.png 150w\" sizes=\"auto, (max-width: 600px) 100vw, 600px\" \/><\/figure><div class=\"wp-block-media-text__content\">\n<p>La <strong>Red interuniversitaria e interdisciplinar&nbsp;LOCALCOM<\/strong> es una organizaci\u00f3n acad\u00e9mica estable integrada por las universidades Aut\u00f3noma de Barcelona (coordinadora), de Alicante, de M\u00e1laga, de Santiago de Compostela, del Pa\u00eds Vasco y Complutense y Carlos III de Madrid, que genera conocimientos en el marco del desarrollo de las comunicaciones desde la perspectiva de las comunidades aut\u00f3nomas espa\u00f1olas. La Red LOCALCOM desarrolla su actividad preferentemente en el \u00e1mbito de los espacios locales, pues es en estos territorios, donde se establecen las articulaciones esenciales entre la comunicaci\u00f3n, la cultura, la econom\u00eda, las pol\u00edticas p\u00fablicas y el desarrollo del bienestar&nbsp;social.&nbsp;<\/p>\n\n\n\n<p>La Red ha aplicado sus conocimientos al an\u00e1lisis del impacto de los procesos comunicativos en las distintas comunidades aut\u00f3nomas espa\u00f1olas, con la mirada puesta en tres actores fundamentales: los ciudadanos, la industria y la administraci\u00f3n p\u00fablica. A partir de esta experiencia, LOCALCOM dispone de metodolog\u00edas aplicables al escenario euro-iberoamericano, espacio en el que tambi\u00e9n est\u00e1 presente a trav\u00e9s de la Red Interuniversitaria de Estudios de Comunicaci\u00f3n (RIEC). LOCALCOM ha sido acreditado como Grupo de Investigaci\u00f3n Reconocido por la Generalitat de Catalunya &nbsp;(2014SGR0407) y como Grupo de Investigaci\u00f3n de Calidad (GIC-2607) por la Universidad Aut\u00f3noma de Barcelona, en reconocimiento a su trayectoria cient\u00edfica y acad\u00e9mica.<\/p>\n\n\n\n<p>Los principales \u00e1mbitos tem\u00e1ticos de los que se ocupa la red son: las Industrias Creativas y Culturales (ICC), la Sociedad de la Informaci\u00f3n, las Pol\u00edticas de Comunicaci\u00f3n y la Estructura y Din\u00e1mica de los Medios.<\/p>\n<\/div><\/div>\n\n\n\n<p><\/p>\n","protected":false},"excerpt":{"rendered":"<p>La Red interuniversitaria e interdisciplinar&nbsp;LOCALCOM es una organizaci\u00f3n acad\u00e9mica estable integrada por las universidades Aut\u00f3noma de Barcelona (coordinadora), de Alicante, de M\u00e1laga, de Santiago de Compostela, del Pa\u00eds Vasco y Complutense y Carlos III de Madrid, que genera conocimientos en el marco del desarrollo de las comunicaciones desde la perspectiva de las comunidades aut\u00f3nomas espa\u00f1olas. [&hellip;]<\/p>\n","protected":false},"author":20,"featured_media":0,"parent":0,"menu_order":0,"comment_status":"closed","ping_status":"closed","template":"","meta":{"footnotes":""},"class_list":["post-198","page","type-page","status-publish","hentry"],"_links":{"self":[{"href":"https:\/\/webs.uab.cat\/oic\/es\/wp-json\/wp\/v2\/pages\/198","targetHints":{"allow":["GET"]}}],"collection":[{"href":"https:\/\/webs.uab.cat\/oic\/es\/wp-json\/wp\/v2\/pages"}],"about":[{"href":"https:\/\/webs.uab.cat\/oic\/es\/wp-json\/wp\/v2\/types\/page"}],"author":[{"embeddable":true,"href":"https:\/\/webs.uab.cat\/oic\/es\/wp-json\/wp\/v2\/users\/20"}],"replies":[{"embeddable":true,"href":"https:\/\/webs.uab.cat\/oic\/es\/wp-json\/wp\/v2\/comments?post=198"}],"version-history":[{"count":3,"href":"https:\/\/webs.uab.cat\/oic\/es\/wp-json\/wp\/v2\/pages\/198\/revisions"}],"predecessor-version":[{"id":2351,"href":"https:\/\/webs.uab.cat\/oic\/es\/wp-json\/wp\/v2\/pages\/198\/revisions\/2351"}],"wp:attachment":[{"href":"https:\/\/webs.uab.cat\/oic\/es\/wp-json\/wp\/v2\/media?parent=198"}],"curies":[{"name":"wp","href":"https:\/\/api.w.org\/{rel}","templated":true}]}}