{"id":199,"date":"2011-02-18T20:50:11","date_gmt":"2011-02-18T18:50:11","guid":{"rendered":"https:\/\/webs.uab.cat\/oic\/grupo-gii\/"},"modified":"2022-10-05T13:56:23","modified_gmt":"2022-10-05T11:56:23","slug":"grupo-gii","status":"publish","type":"page","link":"https:\/\/webs.uab.cat\/oic\/es\/grupo-gii\/","title":{"rendered":"Grupo de Investigaciones sobre la Informaci\u00f3n"},"content":{"rendered":"\n<div class=\"wp-block-media-text alignwide is-stacked-on-mobile\" style=\"grid-template-columns:30% auto\"><figure class=\"wp-block-media-text__media\"><img decoding=\"async\" src=\"http:\/\/centresderecerca.uab.cat\/oic\/sites\/centresderecerca.uab.cat.oic\/files\/images\/Logo%20GII%20modificado.png\" alt=\"\"\/><\/figure><div class=\"wp-block-media-text__content\">\n<p class=\"has-small-font-size\"><strong>El Grupo de Investigaciones sobre la Informaci\u00f3n<\/strong> (<strong>GII<\/strong>) est\u00e1 adscrito al Observatorio Iberoamericano de la Comunicaci\u00f3n de la Universidad Aut\u00f3noma de Barcelona e integrado por profesores investigadores de la de la informaci\u00f3n pertenecientes a dos universidades espa\u00f1olas: la Universidad Aut\u00f3noma de Barcelona (Marcial Murciano, Carmina Crusafon, Olga Del R\u00edo, Carlos Gonz\u00e1lez-Saavedra y Fernando Sab\u00e9s) y la Universidad Complutense de Madrid (Pinar Agud\u00edez, Rafael D\u00edaz, Ram\u00f3n Garc\u00eda, Raquel Mart\u00ednez, Sergio Pr\u00edncipe y Elena Real). El GII tiene experiencia en el estudio de la cobertura de la cooperaci\u00f3n para el desarrollo en la prensa de referencia europea y colabora con la agencia\u00a0 internacional Inter Press Service (IPS) y con la Agencia Espa\u00f1ola de Cooperaci\u00f3n Internacional para el Desarrollo\u00a0 (AECID).<\/p>\n<\/div><\/div>\n\n\n\n<p><\/p>\n\n\n\n<p>&nbsp;<\/p>\n","protected":false},"excerpt":{"rendered":"<p>El Grupo de Investigaciones sobre la Informaci\u00f3n (GII) est\u00e1 adscrito al Observatorio Iberoamericano de la Comunicaci\u00f3n de la Universidad Aut\u00f3noma de Barcelona e integrado por profesores investigadores de la de la informaci\u00f3n pertenecientes a dos universidades espa\u00f1olas: la Universidad Aut\u00f3noma de Barcelona (Marcial Murciano, Carmina Crusafon, Olga Del R\u00edo, Carlos Gonz\u00e1lez-Saavedra y Fernando Sab\u00e9s) y [&hellip;]<\/p>\n","protected":false},"author":20,"featured_media":0,"parent":0,"menu_order":0,"comment_status":"closed","ping_status":"closed","template":"","meta":{"footnotes":""},"class_list":["post-199","page","type-page","status-publish","hentry"],"_links":{"self":[{"href":"https:\/\/webs.uab.cat\/oic\/es\/wp-json\/wp\/v2\/pages\/199","targetHints":{"allow":["GET"]}}],"collection":[{"href":"https:\/\/webs.uab.cat\/oic\/es\/wp-json\/wp\/v2\/pages"}],"about":[{"href":"https:\/\/webs.uab.cat\/oic\/es\/wp-json\/wp\/v2\/types\/page"}],"author":[{"embeddable":true,"href":"https:\/\/webs.uab.cat\/oic\/es\/wp-json\/wp\/v2\/users\/20"}],"replies":[{"embeddable":true,"href":"https:\/\/webs.uab.cat\/oic\/es\/wp-json\/wp\/v2\/comments?post=199"}],"version-history":[{"count":1,"href":"https:\/\/webs.uab.cat\/oic\/es\/wp-json\/wp\/v2\/pages\/199\/revisions"}],"predecessor-version":[{"id":2470,"href":"https:\/\/webs.uab.cat\/oic\/es\/wp-json\/wp\/v2\/pages\/199\/revisions\/2470"}],"wp:attachment":[{"href":"https:\/\/webs.uab.cat\/oic\/es\/wp-json\/wp\/v2\/media?parent=199"}],"curies":[{"name":"wp","href":"https:\/\/api.w.org\/{rel}","templated":true}]}}