{"id":200,"date":"2011-02-18T20:52:57","date_gmt":"2011-02-18T18:52:57","guid":{"rendered":"https:\/\/webs.uab.cat\/oic\/red-vitalis\/"},"modified":"2022-10-05T14:16:45","modified_gmt":"2022-10-05T12:16:45","slug":"red-vitalis","status":"publish","type":"page","link":"https:\/\/webs.uab.cat\/oic\/es\/red-vitalis\/","title":{"rendered":"Red VIT@LIS"},"content":{"rendered":"\n<div class=\"wp-block-media-text alignwide is-stacked-on-mobile\" style=\"grid-template-columns:25% auto\"><figure class=\"wp-block-media-text__media\"><img decoding=\"async\" src=\"http:\/\/centresderecerca.uab.cat\/oic\/sites\/centresderecerca.uab.cat.oic\/files\/images\/Red Vitalis_0.jpg\" alt=\"Red Vit@lis\"\/><\/figure><div class=\"wp-block-media-text__content\">\n<p class=\"has-normal-font-size\">El Observatorio Iberoamericano de la Comunicaci\u00f3n (OIC) participa de la Red Vit@lis (Red Europa-Am\u00e9rica Latina y Caribe para la Sociedad de la Informaci\u00f3n). Se trata de una iniciativa de sostenibilidad del programa @LIS, una comunidad de colaboraci\u00f3n, integraci\u00f3n e inclusi\u00f3n digital entre Europa e Iberoam\u00e9rica. Entre sus principales \u00e1mbitos de actuaci\u00f3n est\u00e1n: la inclusi\u00f3n social y digital, la innovaci\u00f3n en todas sus dimensiones (tecnol\u00f3gica, social, econ\u00f3mica e institucional), desde la investigaci\u00f3n hasta la aplicaci\u00f3n en las comunidades locales.<\/p>\n<\/div><\/div>\n\n\n\n<p><\/p>\n\n\n\n<p>&nbsp;<\/p>\n","protected":false},"excerpt":{"rendered":"<p>El Observatorio Iberoamericano de la Comunicaci\u00f3n (OIC) participa de la Red Vit@lis (Red Europa-Am\u00e9rica Latina y Caribe para la Sociedad de la Informaci\u00f3n). Se trata de una iniciativa de sostenibilidad del programa @LIS, una comunidad de colaboraci\u00f3n, integraci\u00f3n e inclusi\u00f3n digital entre Europa e Iberoam\u00e9rica. Entre sus principales \u00e1mbitos de actuaci\u00f3n est\u00e1n: la inclusi\u00f3n social [&hellip;]<\/p>\n","protected":false},"author":20,"featured_media":0,"parent":0,"menu_order":0,"comment_status":"closed","ping_status":"closed","template":"","meta":{"footnotes":""},"class_list":["post-200","page","type-page","status-publish","hentry"],"_links":{"self":[{"href":"https:\/\/webs.uab.cat\/oic\/es\/wp-json\/wp\/v2\/pages\/200","targetHints":{"allow":["GET"]}}],"collection":[{"href":"https:\/\/webs.uab.cat\/oic\/es\/wp-json\/wp\/v2\/pages"}],"about":[{"href":"https:\/\/webs.uab.cat\/oic\/es\/wp-json\/wp\/v2\/types\/page"}],"author":[{"embeddable":true,"href":"https:\/\/webs.uab.cat\/oic\/es\/wp-json\/wp\/v2\/users\/20"}],"replies":[{"embeddable":true,"href":"https:\/\/webs.uab.cat\/oic\/es\/wp-json\/wp\/v2\/comments?post=200"}],"version-history":[{"count":1,"href":"https:\/\/webs.uab.cat\/oic\/es\/wp-json\/wp\/v2\/pages\/200\/revisions"}],"predecessor-version":[{"id":2484,"href":"https:\/\/webs.uab.cat\/oic\/es\/wp-json\/wp\/v2\/pages\/200\/revisions\/2484"}],"wp:attachment":[{"href":"https:\/\/webs.uab.cat\/oic\/es\/wp-json\/wp\/v2\/media?parent=200"}],"curies":[{"name":"wp","href":"https:\/\/api.w.org\/{rel}","templated":true}]}}