{"id":204,"date":"2011-02-19T12:24:04","date_gmt":"2011-02-19T10:24:04","guid":{"rendered":"https:\/\/webs.uab.cat\/oic\/modelo-localcom\/"},"modified":"2011-02-19T12:24:04","modified_gmt":"2011-02-19T10:24:04","slug":"modelo-localcom","status":"publish","type":"page","link":"https:\/\/webs.uab.cat\/oic\/es\/modelo-localcom\/","title":{"rendered":"Modelo Localcom"},"content":{"rendered":"<p>El modelo Localcom creado por el grupo de investigaci\u00f3n para analizar el c\u00famulo de circunstancias sociales, econ\u00f3micas, tecnol\u00f3gicas y culturales que impulsan o ralentizan el despliegue de la llamada Sociedad de la Informaci\u00f3n en las comunidades aut\u00f3nomas espa\u00f1olas, se vale, en el plano cuantitativo, de una serie de indicadores estad\u00edsticos que, entre los disponibles para el universo estudiado, son los que reflejan con mayor fidelidad las relaciones org\u00e1nicas que se pretende describir. Desde esta perspectiva, el modelo, m\u00e1s que una mera abstracci\u00f3n te\u00f3rica, constituye una herramienta metodol\u00f3gica apropiada para analizar el impacto que sobre el espacio local tiene el cambio comunicativo producto de la difusi\u00f3n de las TIC.<\/p>\n<figure class=\"image\" style=\"float:right\"><img loading=\"lazy\" decoding=\"async\" alt=\"\" height=\"317\" src=\"http:\/\/centresderecerca.uab.cat\/oic\/sites\/centresderecerca.uab.cat.oic\/files\/images\/Modelo Localcom.jpg\" width=\"481\" \/><figcaption>Elementos del Modelo Localcom<\/figcaption><\/figure>\n<p>A partir del an\u00e1lisis estad\u00edstico se construy\u00f3 un modelo de capas con dependencia secuencial, compuesto por veinticuatro indicadores. En el eje vertical se ubican las tres categor\u00edas fundamentales: oportunidades, definidas como los recursos econ\u00f3micos y educativos que sirven de base para la implantaci\u00f3n de las TIC; las infraestructuras, es decir, las redes y equipamientos que garantizan la conectividad de los hogares y de los ciudadanos en el nuevo entorno digital; y los usos avanzados de las redes tanto a escala institucional (empresas, ayuntamientos), como por parte de aquellos usuarios que aprovechan de forma intensiva dichos recursos.<\/p>\n<p>El eje horizontal permite una segunda lectura porque agrupa a los indicadores seg\u00fan el rol que juegan dentro del modelo, es decir, si constituyen recursos disponibles que permiten satisfacer una necesidad, o si son actuaciones que a\u00f1aden valor a aquellos recursos preexistentes.<\/p>\n<p>Para medir la incidencia del cambio comunicativo en las comunidades aut\u00f3nomas espa\u00f1olas, se dise\u00f1\u00f3 el \u00cdndice Localcom que sigue la misma metodolog\u00eda que el \u00cdndice de Acceso Digital, IAD (UIT);&nbsp; el \u00cdndice de Desarrollo Humano, IDH (PNUD) y el \u00cdndice de Oportunidades Digitales, IOD (UIT). El \u00edndice Localcom permite agrupar los indicadores y usar puntos de referencia m\u00e1ximos y m\u00ednimos para normalizar las cifras. Esta metodolog\u00eda ofrece varias ventajas. En primer lugar, es una herramienta directa y transparente, puesto que los valores referenciales son identificables y los c\u00e1lculos claros. En segundo lugar, el uso de este tipo de pautas establece metas a las que las comunidades aut\u00f3nomas pueden aspirar y se crean par\u00e1metros para alcanzarlas. Tercero, agrupar de esta manera los indicadores permite que las comunidades identifiquen sus fortalezas y debilidades, lo que es indispensable para que los responsables dise\u00f1en pol\u00edticas en el contexto de la Sociedad de la Informaci\u00f3n. Cuarto, es factible hacer un seguimiento temporal del \u00edndice, imprescindible para la evaluaci\u00f3n de las pol\u00edticas.<\/p>\n<p>&nbsp;<\/p>\n","protected":false},"excerpt":{"rendered":"<p>El modelo Localcom creado por el grupo de investigaci\u00f3n para analizar el c\u00famulo de circunstancias sociales, econ\u00f3micas, tecnol\u00f3gicas y culturales que impulsan o ralentizan el despliegue de la llamada Sociedad de la Informaci\u00f3n en las comunidades aut\u00f3nomas espa\u00f1olas, se vale, en el plano cuantitativo, de una serie de indicadores estad\u00edsticos que, entre los disponibles para [&hellip;]<\/p>\n","protected":false},"author":20,"featured_media":0,"parent":0,"menu_order":0,"comment_status":"closed","ping_status":"closed","template":"","meta":{"footnotes":""},"class_list":["post-204","page","type-page","status-publish","hentry"],"_links":{"self":[{"href":"https:\/\/webs.uab.cat\/oic\/es\/wp-json\/wp\/v2\/pages\/204","targetHints":{"allow":["GET"]}}],"collection":[{"href":"https:\/\/webs.uab.cat\/oic\/es\/wp-json\/wp\/v2\/pages"}],"about":[{"href":"https:\/\/webs.uab.cat\/oic\/es\/wp-json\/wp\/v2\/types\/page"}],"author":[{"embeddable":true,"href":"https:\/\/webs.uab.cat\/oic\/es\/wp-json\/wp\/v2\/users\/20"}],"replies":[{"embeddable":true,"href":"https:\/\/webs.uab.cat\/oic\/es\/wp-json\/wp\/v2\/comments?post=204"}],"version-history":[{"count":0,"href":"https:\/\/webs.uab.cat\/oic\/es\/wp-json\/wp\/v2\/pages\/204\/revisions"}],"wp:attachment":[{"href":"https:\/\/webs.uab.cat\/oic\/es\/wp-json\/wp\/v2\/media?parent=204"}],"curies":[{"name":"wp","href":"https:\/\/api.w.org\/{rel}","templated":true}]}}