{"id":205,"date":"2011-02-19T12:27:58","date_gmt":"2011-02-19T10:27:58","guid":{"rendered":"https:\/\/webs.uab.cat\/oic\/evaluacion-politicas-publicas\/"},"modified":"2011-02-19T12:27:58","modified_gmt":"2011-02-19T10:27:58","slug":"evaluacion-politicas-publicas","status":"publish","type":"page","link":"https:\/\/webs.uab.cat\/oic\/es\/evaluacion-politicas-publicas\/","title":{"rendered":"Evaluaci\u00f3n de pol\u00edticas p\u00fablicas de impulso a la sociedad de la informaci\u00f3n"},"content":{"rendered":"<p class=\"rtejustify\">Esta l\u00ednea de investigaci\u00f3n se centra en el desarrollo y aplicaci\u00f3n de metodolog\u00edas para la evaluaci\u00f3n de pol\u00edticas p\u00fablicas en el \u00e1mbito de la sociedad de la informaci\u00f3n. Consiste principalmente en determinar si los medios jur\u00eddicos, administrativos y financieros implementados permiten producir los efectos esperados por las actuaciones p\u00fablicas y alcanzar los objetivos que se establecen. El inter\u00e9s de esta \u00e1rea del conocimiento parte de la preocupaci\u00f3n creciente en las instituciones internacionales por investigar y evaluar, desde una perspectiva innovadora, la pertinencia y efectividad de las pol\u00edticas p\u00fablicas que se implementan para promover el desarrollo de la sociedad de la informaci\u00f3n.<\/p>\n<p class=\"rtejustify\">En esta l\u00ednea, el grupo Localcom desarrolla el proyecto <em>Las pol\u00edticas p\u00fablicas de impulso a la sociedad de la informaci\u00f3n en Espa\u00f1a: Evaluaci\u00f3n de las estrategias y actuaciones en nueve comunidades aut\u00f3nomas<\/em> (CSO2008-00587\/SOCI), financiado por el Ministerio de Ciencia e Innovaci\u00f3n en el marco del Plan Nacional de I+D+i.<\/p>\n<p class=\"rtejustify\">La investigaci\u00f3n se centra en elaborar y aplicar una metodolog\u00eda innovadora y adecuada para la evaluaci\u00f3n de las pol\u00edticas de impulso a la sociedad de la informaci\u00f3n en los espacios locales, representados por nueve comunidades aut\u00f3nomas espa\u00f1olas: Andaluc\u00eda, Arag\u00f3n, Castilla La Mancha, Castilla y Le\u00f3n, Catalu\u00f1a, Comunidad Valenciana, Galicia, Madrid y Pa\u00eds Vasco. Esta metodolog\u00eda se inscribe, por una parte, en la cultura internacional de evaluaci\u00f3n de las pol\u00edticas p\u00fablicas y est\u00e1 vinculada, por otra, a los criterios priorizados por las distintas autonom\u00edas.<\/p>\n<p class=\"rtejustify\">&nbsp;<\/p>\n","protected":false},"excerpt":{"rendered":"<p>Esta l\u00ednea de investigaci\u00f3n se centra en el desarrollo y aplicaci\u00f3n de metodolog\u00edas para la evaluaci\u00f3n de pol\u00edticas p\u00fablicas en el \u00e1mbito de la sociedad de la informaci\u00f3n. Consiste principalmente en determinar si los medios jur\u00eddicos, administrativos y financieros implementados permiten producir los efectos esperados por las actuaciones p\u00fablicas y alcanzar los objetivos que se [&hellip;]<\/p>\n","protected":false},"author":20,"featured_media":0,"parent":0,"menu_order":0,"comment_status":"closed","ping_status":"closed","template":"","meta":{"footnotes":""},"class_list":["post-205","page","type-page","status-publish","hentry"],"_links":{"self":[{"href":"https:\/\/webs.uab.cat\/oic\/es\/wp-json\/wp\/v2\/pages\/205","targetHints":{"allow":["GET"]}}],"collection":[{"href":"https:\/\/webs.uab.cat\/oic\/es\/wp-json\/wp\/v2\/pages"}],"about":[{"href":"https:\/\/webs.uab.cat\/oic\/es\/wp-json\/wp\/v2\/types\/page"}],"author":[{"embeddable":true,"href":"https:\/\/webs.uab.cat\/oic\/es\/wp-json\/wp\/v2\/users\/20"}],"replies":[{"embeddable":true,"href":"https:\/\/webs.uab.cat\/oic\/es\/wp-json\/wp\/v2\/comments?post=205"}],"version-history":[{"count":0,"href":"https:\/\/webs.uab.cat\/oic\/es\/wp-json\/wp\/v2\/pages\/205\/revisions"}],"wp:attachment":[{"href":"https:\/\/webs.uab.cat\/oic\/es\/wp-json\/wp\/v2\/media?parent=205"}],"curies":[{"name":"wp","href":"https:\/\/api.w.org\/{rel}","templated":true}]}}