{"id":206,"date":"2011-02-19T12:37:37","date_gmt":"2011-02-19T10:37:37","guid":{"rendered":"https:\/\/webs.uab.cat\/oic\/espacio-audiovisual-oic\/"},"modified":"2011-02-19T12:37:37","modified_gmt":"2011-02-19T10:37:37","slug":"espacio-audiovisual-oic","status":"publish","type":"page","link":"https:\/\/webs.uab.cat\/oic\/es\/espacio-audiovisual-oic\/","title":{"rendered":"El espacio audiovisual"},"content":{"rendered":"<p class=\"rtejustify\">El <a href=\"http:\/\/centresderecerca.uab.cat\/oic\/content\/volumen1n1\">N\u00famero 1&nbsp;de <em>Conexiones. Revista Iberoamericana de Comunicaci\u00f3n<\/em><\/a> tiene car\u00e1cter monogr\u00e1fico y est\u00e1 dedicado a presentar diversas aproximaciones nacionales al espacio audiovisual iberoamericano. Se recogen en \u00e9l seis contribuciones originales sobre el estado del sector en Argentina, Brasil, Chile, Colombia, M\u00e9xico y Venezuela. En general, los autores abordan unas situaciones hist\u00f3ricas y unas d\u00e9cadas durante las cuales la industria audiovisual de la regi\u00f3n se transform\u00f3 en un potente actor de la industria cultural mundial, generando un significativo mercado geocultural en lengua portuguesa y espa\u00f1ola, al mismo tiempo que se consolidaban grandes grupos empresariales como Globo o Televisa.<\/p>\n<p class=\"rtejustify\">&nbsp;<\/p>\n","protected":false},"excerpt":{"rendered":"<p>El N\u00famero 1&nbsp;de Conexiones. Revista Iberoamericana de Comunicaci\u00f3n tiene car\u00e1cter monogr\u00e1fico y est\u00e1 dedicado a presentar diversas aproximaciones nacionales al espacio audiovisual iberoamericano. Se recogen en \u00e9l seis contribuciones originales sobre el estado del sector en Argentina, Brasil, Chile, Colombia, M\u00e9xico y Venezuela. En general, los autores abordan unas situaciones hist\u00f3ricas y unas d\u00e9cadas durante [&hellip;]<\/p>\n","protected":false},"author":20,"featured_media":0,"parent":0,"menu_order":0,"comment_status":"closed","ping_status":"closed","template":"","meta":{"footnotes":""},"class_list":["post-206","page","type-page","status-publish","hentry"],"_links":{"self":[{"href":"https:\/\/webs.uab.cat\/oic\/es\/wp-json\/wp\/v2\/pages\/206","targetHints":{"allow":["GET"]}}],"collection":[{"href":"https:\/\/webs.uab.cat\/oic\/es\/wp-json\/wp\/v2\/pages"}],"about":[{"href":"https:\/\/webs.uab.cat\/oic\/es\/wp-json\/wp\/v2\/types\/page"}],"author":[{"embeddable":true,"href":"https:\/\/webs.uab.cat\/oic\/es\/wp-json\/wp\/v2\/users\/20"}],"replies":[{"embeddable":true,"href":"https:\/\/webs.uab.cat\/oic\/es\/wp-json\/wp\/v2\/comments?post=206"}],"version-history":[{"count":0,"href":"https:\/\/webs.uab.cat\/oic\/es\/wp-json\/wp\/v2\/pages\/206\/revisions"}],"wp:attachment":[{"href":"https:\/\/webs.uab.cat\/oic\/es\/wp-json\/wp\/v2\/media?parent=206"}],"curies":[{"name":"wp","href":"https:\/\/api.w.org\/{rel}","templated":true}]}}