{"id":212,"date":"2011-02-19T19:15:51","date_gmt":"2011-02-19T17:15:51","guid":{"rendered":"https:\/\/webs.uab.cat\/oic\/suscripcion\/"},"modified":"2011-02-19T19:15:51","modified_gmt":"2011-02-19T17:15:51","slug":"suscripcion","status":"publish","type":"page","link":"https:\/\/webs.uab.cat\/oic\/es\/suscripcion\/","title":{"rendered":"Suscripciones"},"content":{"rendered":"<p>CONEXIONES es una publicaci\u00f3n semestral. La suscripci\u00f3n anual es de 12 euros (2012). Toda correspondencia relacionada con las suscripciones y la publicidad debe ser enviada a la editorial <a href=\"http:\/\/www.comunicacionsocial.es\/cs\/\">Comunicaci\u00f3n Social Ediciones y Publicaciones<\/a>, en Zamora (Espa\u00f1a).<\/p>\n<p>CONEXIONES est\u00e1 impresa en Imprenta Kadmos, Pol. Ind. El Tormes, c\/R\u00edo Ubierna, nave 5 y 6, Salamanca, Espa\u00f1a. La producci\u00f3n editorial corre a cargo de Comunicaci\u00f3n Social Ediciones y Publicaciones, c\/Escuelas 16, 49130 Manganeses de la Lampreana (Zamora, Espa\u00f1a).<\/p>\n<p>Direcci\u00f3n postal: CONEXIONES. Revista Iberoamericana de Comunicaci\u00f3n, Observatorio Iberoamericano de la Comunicaci\u00f3n,&nbsp; Facultad de Ciencias de la Comunicaci\u00f3n, Edificio I. Despacho 026. Campus de la Universitat Aut\u00f2noma de Barcelona. 08193 Bellaterra (Barcelona, Espa\u00f1a).<\/p>\n<p>Dep\u00f3sito legal: S. 640-2009<\/p>\n<p>ISSN: 1697-3720<\/p>\n","protected":false},"excerpt":{"rendered":"<p>CONEXIONES es una publicaci\u00f3n semestral. La suscripci\u00f3n anual es de 12 euros (2012). Toda correspondencia relacionada con las suscripciones y la publicidad debe ser enviada a la editorial Comunicaci\u00f3n Social Ediciones y Publicaciones, en Zamora (Espa\u00f1a). CONEXIONES est\u00e1 impresa en Imprenta Kadmos, Pol. Ind. El Tormes, c\/R\u00edo Ubierna, nave 5 y 6, Salamanca, Espa\u00f1a. La [&hellip;]<\/p>\n","protected":false},"author":20,"featured_media":0,"parent":0,"menu_order":0,"comment_status":"closed","ping_status":"closed","template":"","meta":{"footnotes":""},"class_list":["post-212","page","type-page","status-publish","hentry"],"_links":{"self":[{"href":"https:\/\/webs.uab.cat\/oic\/es\/wp-json\/wp\/v2\/pages\/212","targetHints":{"allow":["GET"]}}],"collection":[{"href":"https:\/\/webs.uab.cat\/oic\/es\/wp-json\/wp\/v2\/pages"}],"about":[{"href":"https:\/\/webs.uab.cat\/oic\/es\/wp-json\/wp\/v2\/types\/page"}],"author":[{"embeddable":true,"href":"https:\/\/webs.uab.cat\/oic\/es\/wp-json\/wp\/v2\/users\/20"}],"replies":[{"embeddable":true,"href":"https:\/\/webs.uab.cat\/oic\/es\/wp-json\/wp\/v2\/comments?post=212"}],"version-history":[{"count":0,"href":"https:\/\/webs.uab.cat\/oic\/es\/wp-json\/wp\/v2\/pages\/212\/revisions"}],"wp:attachment":[{"href":"https:\/\/webs.uab.cat\/oic\/es\/wp-json\/wp\/v2\/media?parent=212"}],"curies":[{"name":"wp","href":"https:\/\/api.w.org\/{rel}","templated":true}]}}