{"id":219,"date":"2011-02-22T17:20:18","date_gmt":"2011-02-22T15:20:18","guid":{"rendered":"https:\/\/webs.uab.cat\/oic\/udp\/"},"modified":"2011-02-22T17:20:18","modified_gmt":"2011-02-22T15:20:18","slug":"udp","status":"publish","type":"page","link":"https:\/\/webs.uab.cat\/oic\/es\/udp\/","title":{"rendered":"Centro de Investigaci\u00f3n en Comunicaci\u00f3n, Educaci\u00f3n y Ciudadan\u00eda"},"content":{"rendered":"<p><img loading=\"lazy\" decoding=\"async\" alt=\"\" height=\"133\" src=\"http:\/\/centresderecerca.uab.cat\/oic\/sites\/centresderecerca.uab.cat.oic\/files\/images\/Logo%20UDP.JPG\" style=\"float:left\" width=\"432\" \/><\/p>\n<p class=\"rtejustify\">El Magister Internacional en Comunicaci\u00f3n de la Universidad Diego Portales (Santiago de Chile) tiene dos \u00e1reas de trabajo docente: Comunicaci\u00f3n Estrat\u00e9gica y Educaci\u00f3n y Cultura. En estos \u00e1mbitos participan docentes e investigadores de diversas universidades iberoamericanas. Como fundamento y apoyo a esta funci\u00f3n se crea el <strong>Centro de Investigaci\u00f3n en Comunicaci\u00f3n, Educaci\u00f3n y Ciudadan\u00eda<\/strong> cuya finalidad es investigar y difundir conocimientos especializados que contribuyan al debate cient\u00edfico y a la consolidaci\u00f3n del campo de estudio. Para el bienio del 2010-2011 se trabaja espec\u00edficamente en el tema Empoderamiento comunicacional y Ciudadan\u00eda. Las primeras conclusiones de esta l\u00ednea de trabajo pueden encontrarse en el art\u00edculo <em>Empoderamiento comunicacional: competencias narrativas de los sujetos<\/em> reci\u00e9n publicado en la <a href=\"http:\/\/www.revistacomunicar.com\/index.php?contenido=revista&amp;numero=actual\">Revista Cient\u00edfica Comunicar n\u00b0 36<\/a>.<\/p>\n<p class=\"rtejustify\"><strong>Director:<\/strong><\/p>\n<p><a href=\"http:\/\/centresderecerca.uab.cat\/oic\/content\/claudio-avendano\">Dr. Claudio Avenda\u00f1o<\/a><\/p>\n<p>Universidad Diego Portales<\/p>\n<p>Facultad de Comunicaci\u00f3n y Letras<\/p>\n<p>claudio.avendano@udp.cl<\/p>\n<p>&nbsp;<\/p>\n","protected":false},"excerpt":{"rendered":"<p>El Magister Internacional en Comunicaci\u00f3n de la Universidad Diego Portales (Santiago de Chile) tiene dos \u00e1reas de trabajo docente: Comunicaci\u00f3n Estrat\u00e9gica y Educaci\u00f3n y Cultura. En estos \u00e1mbitos participan docentes e investigadores de diversas universidades iberoamericanas. Como fundamento y apoyo a esta funci\u00f3n se crea el Centro de Investigaci\u00f3n en Comunicaci\u00f3n, Educaci\u00f3n y Ciudadan\u00eda cuya [&hellip;]<\/p>\n","protected":false},"author":20,"featured_media":0,"parent":0,"menu_order":0,"comment_status":"closed","ping_status":"closed","template":"","meta":{"footnotes":""},"class_list":["post-219","page","type-page","status-publish","hentry"],"_links":{"self":[{"href":"https:\/\/webs.uab.cat\/oic\/es\/wp-json\/wp\/v2\/pages\/219","targetHints":{"allow":["GET"]}}],"collection":[{"href":"https:\/\/webs.uab.cat\/oic\/es\/wp-json\/wp\/v2\/pages"}],"about":[{"href":"https:\/\/webs.uab.cat\/oic\/es\/wp-json\/wp\/v2\/types\/page"}],"author":[{"embeddable":true,"href":"https:\/\/webs.uab.cat\/oic\/es\/wp-json\/wp\/v2\/users\/20"}],"replies":[{"embeddable":true,"href":"https:\/\/webs.uab.cat\/oic\/es\/wp-json\/wp\/v2\/comments?post=219"}],"version-history":[{"count":0,"href":"https:\/\/webs.uab.cat\/oic\/es\/wp-json\/wp\/v2\/pages\/219\/revisions"}],"wp:attachment":[{"href":"https:\/\/webs.uab.cat\/oic\/es\/wp-json\/wp\/v2\/media?parent=219"}],"curies":[{"name":"wp","href":"https:\/\/api.w.org\/{rel}","templated":true}]}}