{"id":222,"date":"2011-02-22T17:25:42","date_gmt":"2011-02-22T15:25:42","guid":{"rendered":"https:\/\/webs.uab.cat\/oic\/espm\/"},"modified":"2022-10-05T13:30:32","modified_gmt":"2022-10-05T11:30:32","slug":"espm","status":"publish","type":"page","link":"https:\/\/webs.uab.cat\/oic\/es\/espm\/","title":{"rendered":"Programa de Posgrado en Comunicaci\u00f3n y Pr\u00e1cticas de Consumo (PPGCOM-ESPM)"},"content":{"rendered":"\n<div class=\"wp-block-media-text alignwide is-stacked-on-mobile has-primary-background-color has-background\" style=\"grid-template-columns:30% auto\"><figure class=\"wp-block-media-text__media\"><img decoding=\"async\" src=\"http:\/\/centresderecerca.uab.cat\/oic\/sites\/centresderecerca.uab.cat.oic\/files\/images\/Logo%20ESPM.jpg\" alt=\"\"\/><\/figure><div class=\"wp-block-media-text__content\">\n<p class=\"has-small-font-size\">El Programa de Postgrado en Comunicaci\u00f3n y Pr\u00e1cticas de Consumo de la ESPM es un curso calificado por la CAPES y afiliado a la Asociaci\u00f3n Nacional de Programas de Postgrado en Comunicaci\u00f3n (Compos).<\/p>\n<\/div><\/div>\n\n\n\n<p>Creado en 2006 como Maestr\u00eda Acad\u00e9mica en Comunicaci\u00f3n y\u00a0 Pr\u00e1cticas de Consumo, el PPGCOM-ESPM tiene como objetivo formar docentes e investigadores de alto nivel que pueda asumir la responsabilidad de la ejecuci\u00f3n y el liderazgo en la investigaci\u00f3n, la ense\u00f1anza y la orientaci\u00f3n en el \u00e1rea de la comunicaci\u00f3n con un \u00e1mbito de acci\u00f3n nacional e internacional.<br>Su mayor diferencial es la especificidad de la interfaz de comunicaci\u00f3n-consumo como foco tem\u00e1tico, que lo coloca en situaci\u00f3n de protagonista los debates sobre la coyuntura, las limitaciones y las transformaciones de las sociedades contempor\u00e1neas. El ESPM-PPGCOM consta de dos l\u00edneas principales de investigaci\u00f3n:<\/p>\n\n\n\n<h2 class=\"wp-block-heading\"><strong>Los procesos de recepci\u00f3n y contextos socioculturales relacionados con el consumo:<\/strong><\/h2>\n\n\n\n<p>Esta l\u00ednea incluye las investigaciones sobre comunicaci\u00f3n-consumo dedicadas a la recepci\u00f3n y al contexto macro-sociales y sus articulados. Estudiando las diversas consecuencias de la comunicaci\u00f3n y el consumo en la vida diaria, se incluyen reflexiones sobre: la recepci\u00f3n y el p\u00fablico, la educaci\u00f3n, la clase y asuntos generacionales, nuevos reg\u00edmenes sensoriales de visibilidad, la est\u00e9tica y el espect\u00e1culo, apropiaci\u00f3n y resignificaci\u00f3n de los aspectos t\u00e9cnicos, los procesos y las acciones socioculturales de participaci\u00f3n caracter\u00edsticas de las culturas y del consumo de los medios de comunicaci\u00f3n.<\/p>\n\n\n\n<p>Profesora participante RIEC: Maria Aparecida Baccega<\/p>\n\n\n\n<h2 class=\"wp-block-heading\"><strong>La l\u00f3gica de la producci\u00f3n y de las estrategias medi\u00e1ticas vinculadas al consumo:<\/strong><\/h2>\n\n\n\n<p>Esta l\u00ednea agrupa las investigaciones que tratan la comunicaci\u00f3n-consumo a partir del an\u00e1lisis de las estrategias relativas al plan de producci\u00f3n, incluidos los sistemas y procesos, as\u00ed como su narrativa y las redes simb\u00f3licas. Estudia las condiciones y l\u00f3gicas de producci\u00f3n y su relaci\u00f3n con los procesos de comunicaci\u00f3n y de consumo que caracterizan la sociedad contempor\u00e1nea, e incluye reflexiones sobre: el mundo del trabajo y sus representaciones, la relaci\u00f3n entre el entretenimiento, la tecnolog\u00eda y la digitalizaci\u00f3n de la cultura, la poes\u00eda y la narrativa perteneciente al campo de la producci\u00f3n, sus discursos y sus materialidades; las din\u00e1micas medi\u00e1ticas y de consumo asociadas a la construcci\u00f3n de la identidad y de la diferencia.<\/p>\n\n\n\n<p>Profesora Participante RIEC: Gisela G. S. Castro<\/p>\n\n\n\n<h2 class=\"wp-block-heading\"><strong>Directoras:<\/strong><\/h2>\n\n\n\n<p><a href=\"http:\/\/webs.uab.cat\/oic\/mariaaparecidabaccega-0\">Dra. Maria Aparecida Baccega<\/a><\/p>\n\n\n\n<p><a href=\"http:\/\/webs.uab.cat\/oic\/gisela-gs-castro\">Dra. Gisela G.S. Castro<\/a><\/p>\n\n\n\n<p>Escola Superior de Propaganda e Marketing (ESPM)<\/p>\n\n\n\n<p>Programa de P\u00f3s-Gradua\u00e7\u00e3o em Comunica\u00e7\u00e3o e Pr\u00e1ticas de Consumo<\/p>\n\n\n\n<p>mbaccega@espm.br<\/p>\n\n\n\n<p>gcastro@espm.br<\/p>\n\n\n\n<p>&nbsp;<\/p>\n\n\n\n<p>&nbsp;<\/p>\n","protected":false},"excerpt":{"rendered":"<p>El Programa de Postgrado en Comunicaci\u00f3n y Pr\u00e1cticas de Consumo de la ESPM es un curso calificado por la CAPES y afiliado a la Asociaci\u00f3n Nacional de Programas de Postgrado en Comunicaci\u00f3n (Compos). Creado en 2006 como Maestr\u00eda Acad\u00e9mica en Comunicaci\u00f3n y\u00a0 Pr\u00e1cticas de Consumo, el PPGCOM-ESPM tiene como objetivo formar docentes e investigadores de [&hellip;]<\/p>\n","protected":false},"author":20,"featured_media":0,"parent":0,"menu_order":0,"comment_status":"closed","ping_status":"closed","template":"","meta":{"footnotes":""},"class_list":["post-222","page","type-page","status-publish","hentry"],"_links":{"self":[{"href":"https:\/\/webs.uab.cat\/oic\/es\/wp-json\/wp\/v2\/pages\/222","targetHints":{"allow":["GET"]}}],"collection":[{"href":"https:\/\/webs.uab.cat\/oic\/es\/wp-json\/wp\/v2\/pages"}],"about":[{"href":"https:\/\/webs.uab.cat\/oic\/es\/wp-json\/wp\/v2\/types\/page"}],"author":[{"embeddable":true,"href":"https:\/\/webs.uab.cat\/oic\/es\/wp-json\/wp\/v2\/users\/20"}],"replies":[{"embeddable":true,"href":"https:\/\/webs.uab.cat\/oic\/es\/wp-json\/wp\/v2\/comments?post=222"}],"version-history":[{"count":1,"href":"https:\/\/webs.uab.cat\/oic\/es\/wp-json\/wp\/v2\/pages\/222\/revisions"}],"predecessor-version":[{"id":2433,"href":"https:\/\/webs.uab.cat\/oic\/es\/wp-json\/wp\/v2\/pages\/222\/revisions\/2433"}],"wp:attachment":[{"href":"https:\/\/webs.uab.cat\/oic\/es\/wp-json\/wp\/v2\/media?parent=222"}],"curies":[{"name":"wp","href":"https:\/\/api.w.org\/{rel}","templated":true}]}}