{"id":225,"date":"2011-02-23T16:44:27","date_gmt":"2011-02-23T14:44:27","guid":{"rendered":"https:\/\/webs.uab.cat\/oic\/umaandalucia\/"},"modified":"2022-10-05T12:21:40","modified_gmt":"2022-10-05T10:21:40","slug":"umaandalucia","status":"publish","type":"page","link":"https:\/\/webs.uab.cat\/oic\/es\/umaandalucia\/","title":{"rendered":"Grupo de Estudios sobre Comunicaci\u00f3n y Sociedad de la Informaci\u00f3n (E-COM)"},"content":{"rendered":"\n<div class=\"wp-block-media-text alignwide is-stacked-on-mobile has-primary-background-color has-background\" style=\"grid-template-columns:15% auto\"><figure class=\"wp-block-media-text__media\"><img decoding=\"async\" src=\"http:\/\/centresderecerca.uab.cat\/oic\/sites\/centresderecerca.uab.cat.oic\/files\/images\/Marca%20UMA%20%28calidad%20web%29.jpg\" alt=\"\"\/><\/figure><div class=\"wp-block-media-text__content\">\n<p class=\"has-small-font-size\">El grupo de investigaci\u00f3n Estudios sobre Comunicaci\u00f3n y Sociedad de la Informaci\u00f3n (E-COM) fue creado en 1999 y est\u00e1 adscrito a la Facultad de Ciencias de la Comunicaci\u00f3n de la Universidad de M\u00e1laga. Lo integran una veintena de docentes e investigadores que participan en diferentes proyectos nacionales e internacionales. Entre sus trabajos de investigaci\u00f3n destacan los estudios comparados sobre el desarrollo de la Sociedad de la Informaci\u00f3n y del Conocimiento en todas las comunidades aut\u00f3nomas espa\u00f1olas, as\u00ed como diversas comparaciones regionales a escala internacional referidas al \u00e1mbito de la comunicaci\u00f3n, la identidad y el territorio.<\/p>\n<\/div><\/div>\n\n\n\n<h2 class=\"wp-block-heading\">L\u00edneas de investigaci\u00f3n<\/h2>\n\n\n\n<p>-Comunicaci\u00f3n, tecnolog\u00eda y sociedad. G\u00e9nesis y conformaci\u00f3n de la Sociedad de la Informaci\u00f3n y del Conocimiento en el espacio regional. Comparaciones estatales e internacionales.<\/p>\n\n\n\n<p>-Teor\u00eda e historia de la comunicaci\u00f3n y del periodismo. Historia y estructura regional.<\/p>\n\n\n\n<p>-Educaci\u00f3n y comunicaci\u00f3n. Convergencia en la Sociedad del Conocimiento.<\/p>\n\n\n\n<p>-Comunicaci\u00f3n y cultura. Valores de referencia en la sociedad andaluza.<\/p>\n\n\n\n<p>-Comunicaci\u00f3n y desarrollo. Propuestas para la comunicaci\u00f3n democr\u00e1tica.<\/p>\n\n\n\n<h2 class=\"wp-block-heading\">Servicios cient\u00edfico-t\u00e9cnicos<\/h2>\n\n\n\n<p>-Realizaci\u00f3n de informes acerca del impacto de las comunicaciones en el entorno.<\/p>\n\n\n\n<p>-Asesoramiento a gabinetes de comunicaci\u00f3n.<\/p>\n\n\n\n<p>-Aspectos relacionados con la gesti\u00f3n cultural, y comunicaci\u00f3n y cultura.<\/p>\n\n\n\n<p>-An\u00e1lisis e investigaciones. Indicadores de uso, equipamiento, etc.<\/p>\n\n\n\n<p>-Formaci\u00f3n sobre an\u00e1lisis cr\u00edticos de medios.<\/p>\n\n\n\n<h2 class=\"wp-block-heading\"><strong>Director:<\/strong><\/h2>\n\n\n\n<p><a href=\"http:\/\/webs.uab.cat\/oic\/juan-antonio-garcia-galindo\">Dr. Juan Antonio Garc\u00eda Galindo<\/a><\/p>\n\n\n\n<p>Universidad de M\u00e1laga<\/p>\n\n\n\n<p>Facultad de Ciencias de la Comunicaci\u00f3n<strong>&nbsp;<\/strong><\/p>\n\n\n\n<p>jagarciag@uma.es<\/p>\n","protected":false},"excerpt":{"rendered":"<p>El grupo de investigaci\u00f3n Estudios sobre Comunicaci\u00f3n y Sociedad de la Informaci\u00f3n (E-COM) fue creado en 1999 y est\u00e1 adscrito a la Facultad de Ciencias de la Comunicaci\u00f3n de la Universidad de M\u00e1laga. Lo integran una veintena de docentes e investigadores que participan en diferentes proyectos nacionales e internacionales. Entre sus trabajos de investigaci\u00f3n destacan [&hellip;]<\/p>\n","protected":false},"author":20,"featured_media":0,"parent":0,"menu_order":0,"comment_status":"closed","ping_status":"closed","template":"","meta":{"footnotes":""},"class_list":["post-225","page","type-page","status-publish","hentry"],"_links":{"self":[{"href":"https:\/\/webs.uab.cat\/oic\/es\/wp-json\/wp\/v2\/pages\/225","targetHints":{"allow":["GET"]}}],"collection":[{"href":"https:\/\/webs.uab.cat\/oic\/es\/wp-json\/wp\/v2\/pages"}],"about":[{"href":"https:\/\/webs.uab.cat\/oic\/es\/wp-json\/wp\/v2\/types\/page"}],"author":[{"embeddable":true,"href":"https:\/\/webs.uab.cat\/oic\/es\/wp-json\/wp\/v2\/users\/20"}],"replies":[{"embeddable":true,"href":"https:\/\/webs.uab.cat\/oic\/es\/wp-json\/wp\/v2\/comments?post=225"}],"version-history":[{"count":1,"href":"https:\/\/webs.uab.cat\/oic\/es\/wp-json\/wp\/v2\/pages\/225\/revisions"}],"predecessor-version":[{"id":2362,"href":"https:\/\/webs.uab.cat\/oic\/es\/wp-json\/wp\/v2\/pages\/225\/revisions\/2362"}],"wp:attachment":[{"href":"https:\/\/webs.uab.cat\/oic\/es\/wp-json\/wp\/v2\/media?parent=225"}],"curies":[{"name":"wp","href":"https:\/\/api.w.org\/{rel}","templated":true}]}}