{"id":226,"date":"2011-02-23T16:45:18","date_gmt":"2011-02-23T14:45:18","guid":{"rendered":"https:\/\/webs.uab.cat\/oic\/uscgalicia\/"},"modified":"2022-10-05T12:49:51","modified_gmt":"2022-10-05T10:49:51","slug":"uscgalicia","status":"publish","type":"page","link":"https:\/\/webs.uab.cat\/oic\/es\/uscgalicia\/","title":{"rendered":"Grupo de investigaci\u00f3n Nuevos Medios (tendencias, cibermedios, impresos)"},"content":{"rendered":"\n<div class=\"wp-block-media-text alignwide is-stacked-on-mobile has-primary-background-color has-background\" style=\"grid-template-columns:15% auto\"><figure class=\"wp-block-media-text__media\"><img decoding=\"async\" src=\"http:\/\/centresderecerca.uab.cat\/oic\/sites\/centresderecerca.uab.cat.oic\/files\/images\/logo_usc.jpg\" alt=\"\"\/><\/figure><div class=\"wp-block-media-text__content\">\n<p class=\"has-small-font-size\">Nuevos Medios es un grupo de investigaci\u00f3n adscrito a la Facultad de Ciencias de la Comunicaci\u00f3n de la Universidad de Santiago de Compostela. Las principales l\u00edneas de investigaci\u00f3n del grupo son los siguientes: la investigaci\u00f3n de las nuevas exigencias de los consumidores, anunciantes y audiencias, con especial atenci\u00f3n a los lectores y los sectores econ\u00f3micos emergentes; el estudio de las tendencias y perspectivas en el campo de la comunicaci\u00f3n en la Uni\u00f3n Europea; el seguimiento de los medios de comunicaci\u00f3n tradicionales y electr\u00f3nicos; el an\u00e1lisis de la informaci\u00f3n sobre los productos en los mercados globales y locales; la comunicaci\u00f3n organizacional y la gesti\u00f3n de crisis.<\/p>\n\n\n\n<p>El grupo Nuevos Medios gestiona el Observatorio Europeo de Comunicaci\u00f3n Local y el Laboratorio de proyectos y de elaboraci\u00f3n de informaci\u00f3n, que presta especial atenci\u00f3n a los flujos de la comunicaci\u00f3n.<\/p>\n<\/div><\/div>\n\n\n\n<h2 class=\"wp-block-heading\"><strong>Director<\/strong><\/h2>\n\n\n\n<p><a href=\"http:\/\/webs.uab.cat\/oic\/xose-lopez\">Dr. Xos\u00e9 L\u00f3pez Garc\u00eda<\/a><\/p>\n\n\n\n<p>Universidad de Santiago de Compostela<\/p>\n\n\n\n<p>Facultad de Ciencias de la Comunicaci\u00f3n<strong>&nbsp;<\/strong><\/p>\n\n\n\n<p>xose.lopez.garcia@usc.es<\/p>\n","protected":false},"excerpt":{"rendered":"<p>Nuevos Medios es un grupo de investigaci\u00f3n adscrito a la Facultad de Ciencias de la Comunicaci\u00f3n de la Universidad de Santiago de Compostela. Las principales l\u00edneas de investigaci\u00f3n del grupo son los siguientes: la investigaci\u00f3n de las nuevas exigencias de los consumidores, anunciantes y audiencias, con especial atenci\u00f3n a los lectores y los sectores econ\u00f3micos [&hellip;]<\/p>\n","protected":false},"author":20,"featured_media":0,"parent":0,"menu_order":0,"comment_status":"closed","ping_status":"closed","template":"","meta":{"footnotes":""},"class_list":["post-226","page","type-page","status-publish","hentry"],"_links":{"self":[{"href":"https:\/\/webs.uab.cat\/oic\/es\/wp-json\/wp\/v2\/pages\/226","targetHints":{"allow":["GET"]}}],"collection":[{"href":"https:\/\/webs.uab.cat\/oic\/es\/wp-json\/wp\/v2\/pages"}],"about":[{"href":"https:\/\/webs.uab.cat\/oic\/es\/wp-json\/wp\/v2\/types\/page"}],"author":[{"embeddable":true,"href":"https:\/\/webs.uab.cat\/oic\/es\/wp-json\/wp\/v2\/users\/20"}],"replies":[{"embeddable":true,"href":"https:\/\/webs.uab.cat\/oic\/es\/wp-json\/wp\/v2\/comments?post=226"}],"version-history":[{"count":1,"href":"https:\/\/webs.uab.cat\/oic\/es\/wp-json\/wp\/v2\/pages\/226\/revisions"}],"predecessor-version":[{"id":2366,"href":"https:\/\/webs.uab.cat\/oic\/es\/wp-json\/wp\/v2\/pages\/226\/revisions\/2366"}],"wp:attachment":[{"href":"https:\/\/webs.uab.cat\/oic\/es\/wp-json\/wp\/v2\/media?parent=226"}],"curies":[{"name":"wp","href":"https:\/\/api.w.org\/{rel}","templated":true}]}}